{"id":4246,"date":"2024-05-17T11:55:25","date_gmt":"2024-05-17T11:55:25","guid":{"rendered":"https:\/\/marity.qodeinteractive.com\/?post_type=product&#038;p=4246"},"modified":"2026-03-17T11:05:47","modified_gmt":"2026-03-17T11:05:47","slug":"lampa-uv-vis-polbionica","status":"publish","type":"product","link":"https:\/\/polbionica.com\/pl\/produkt\/lampa-uv-vis-polbionica\/","title":{"rendered":"Lampa POLBIONICA UV-Vis"},"content":{"rendered":"\t\t<div data-elementor-type=\"wp-post\" data-elementor-id=\"4246\" class=\"elementor elementor-4246\">\n\t\t\t\t\t\t<section class=\"elementor-section elementor-top-section elementor-element elementor-element-a03f56b elementor-section-full_width elementor-section-height-default elementor-section-height-default\" data-id=\"a03f56b\" data-element_type=\"section\" data-e-type=\"section\">\n\t\t\t\t\t\t<div class=\"elementor-container elementor-column-gap-default\">\n\t\t\t\t\t<div class=\"elementor-column elementor-col-50 elementor-top-column elementor-element elementor-element-91c47ee\" data-id=\"91c47ee\" data-element_type=\"column\" data-e-type=\"column\">\n\t\t\t<div class=\"elementor-widget-wrap elementor-element-populated\">\n\t\t\t\t\t\t<div class=\"elementor-element elementor-element-8f2e013 elementor-widget elementor-widget-text-editor\" data-id=\"8f2e013\" data-element_type=\"widget\" data-e-type=\"widget\" data-widget_type=\"text-editor.default\">\n\t\t\t\t<div class=\"elementor-widget-container\">\n\t\t\t\t\t\t\t\t\t<p>Kompaktowa i lekka konstrukcja zosta\u0142a zaprojektowana tak, aby usprawni\u0107 codzienn\u0105 prac\u0119 laboratoryjn\u0105. Urz\u0105dzenie wyposa\u017cone jest w ochronny filtr UV i jest gotowe do u\u017cycia bezpo\u015brednio po rozpakowaniu. Intuicyjny interfejs pozwala na szybkie i wygodne ustawienie parametr\u00f3w pracy.<\/p><p>\u00a0<\/p><p>Lampa POLBIONICA UV-Vis jest kompatybilna ze standardowymi p\u0142ytami wielodo\u0142kowymi oraz szalkami Petriego, co zapewnia jej szerokie zastosowanie w laboratoriach badawczych i biotechnologicznych.<\/p><p>\u00a0<\/p><ul><li><strong>Zasilanie:<\/strong><ul><li>Napi\u0119cie: 110\u2013230 V (+\/\u221210%) 50\/60 Hz<\/li><li>Maksymalne zu\u017cycie energii: 20 W<\/li><\/ul><\/li><\/ul><ul><li><strong>Bezpiecze\u0144stwo:<\/strong><\/li><li style=\"list-style-type: none;\"><ul><li>Klasa ochrony: II<\/li><li>Tryb pracy: Przerwany, z maksymalnym ci\u0105g\u0142ym czasem na\u015bwietlania wynosz\u0105cym do 360 sekund<\/li><li>Klasa obudowy IP: IP 21<\/li><\/ul><\/li><\/ul><ul><li><strong>Warunki \u015brodowiskowe pracy lampy:<\/strong><\/li><li style=\"list-style-type: none;\"><ul><li>Temperatura: od +5\u00b0C do +40\u00b0C<\/li><li>Wilgotno\u015b\u0107 wzgl\u0119dna: 20 \u2013 90% (bez kondensacji)<\/li><li>Ci\u015bnienie atmosferyczne: od 700 hPa do 1060 hPa<\/li><\/ul><\/li><\/ul><ul><li><strong>Parametry optyczne:<\/strong><ul><li>D\u0142ugo\u015b\u0107 fali: 365 nm lub 405 nm<\/li><li>Maksymalna moc emitowanego \u015bwiat\u0142a:<ul><li>13,5 mW\/cm\u00b2 (365 nm)<\/li><li>28,5 mW\/cm\u00b2 (405 nm)<\/li><\/ul><\/li><li>\u0179r\u00f3d\u0142o \u015bwiat\u0142a:<ul><li>Dioda LED: 8x 405 nm, 8x 365 nm<\/li><\/ul><\/li><\/ul><\/li><\/ul><ul><li><strong>Inne specyfikacje:<\/strong><ul><li>Wymiary urz\u0105dzenia: 121 \u00d7 83 \u00d7 71 mm (d\u0142ugo\u015b\u0107 \u00d7 szeroko\u015b\u0107 \u00d7 wysoko\u015b\u0107)<\/li><li>Wymiary opakowania (walizka transportowa): 335 \u00d7 215 \u00d7 95 mm (d\u0142ugo\u015b\u0107 \u00d7 szeroko\u015b\u0107 \u00d7 wysoko\u015b\u0107)<\/li><\/ul><\/li><\/ul>\t\t\t\t\t\t\t\t<\/div>\n\t\t\t\t<\/div>\n\t\t\t\t\t<\/div>\n\t\t<\/div>\n\t\t\t\t<div class=\"elementor-column elementor-col-50 elementor-top-column elementor-element elementor-element-03fa0f1\" data-id=\"03fa0f1\" data-element_type=\"column\" data-e-type=\"column\">\n\t\t\t<div class=\"elementor-widget-wrap elementor-element-populated\">\n\t\t\t\t\t\t<div class=\"elementor-element elementor-element-a1bae8e elementor-widget elementor-widget-marity_core_single_image\" data-id=\"a1bae8e\" data-element_type=\"widget\" data-e-type=\"widget\" data-widget_type=\"marity_core_single_image.default\">\n\t\t\t\t<div class=\"elementor-widget-container\">\n\t\t\t\t\t<div class=\"qodef-shortcode qodef-m  qodef-single-image qodef-layout--default    \" style=\"--qodef--morph-shape-position-x: 0%;--qodef--morph-shape-scale-x: 0\">\n\t<\/div>\n\t\t\t\t<\/div>\n\t\t\t\t<\/div>\n\t\t\t\t\t<\/div>\n\t\t<\/div>\n\t\t\t\t\t<\/div>\n\t\t<\/section>\n\t\t\t\t<\/div>\n\t\t","protected":false},"excerpt":{"rendered":"<p>Bazuj\u0105c na naszym wieloletnim do\u015bwiadczeniu w pracy z biomateria\u0142ami i biotuszem, zaprojektowali\u015bmy specjalistyczn\u0105 lamp\u0119 UV-Vis emituj\u0105c\u0105 \u015bwiat\u0142o o d\u0142ugo\u015bciach fali 365 nm oraz 405 nm. Urz\u0105dzenie zosta\u0142o stworzone z my\u015bl\u0105 o precyzyjnym i powtarzalnym sieciowaniu biotuszy oraz hydro\u017celi 3D.<\/p>\n<p>Lampa zapewnia pe\u0142n\u0105 kontrol\u0119 nad procesem fotopolimeryzacji \u2013 umo\u017cliwia regulacj\u0119 zar\u00f3wno nat\u0119\u017cenia \u015bwiat\u0142a, jak i czasu ekspozycji, co pozwala na optymalizacj\u0119 parametr\u00f3w w zale\u017cno\u015bci od rodzaju materia\u0142u i aplikacji badawczej.<\/p>\n<p>&nbsp;<\/p>\n","protected":false},"featured_media":14620,"template":"","meta":{"_acf_changed":false,"inline_featured_image":false},"product_brand":[],"product_cat":[75],"product_tag":[],"class_list":{"0":"post-4246","1":"product","2":"type-product","3":"status-publish","4":"has-post-thumbnail","6":"product_cat-urzadzenia-laboratoryjne","8":"first","9":"instock","10":"shipping-taxable","11":"purchasable","12":"product-type-simple"},"acf":[],"_links":{"self":[{"href":"https:\/\/polbionica.com\/pl\/wp-json\/wp\/v2\/product\/4246","targetHints":{"allow":["GET"]}}],"collection":[{"href":"https:\/\/polbionica.com\/pl\/wp-json\/wp\/v2\/product"}],"about":[{"href":"https:\/\/polbionica.com\/pl\/wp-json\/wp\/v2\/types\/product"}],"version-history":[{"count":23,"href":"https:\/\/polbionica.com\/pl\/wp-json\/wp\/v2\/product\/4246\/revisions"}],"predecessor-version":[{"id":16431,"href":"https:\/\/polbionica.com\/pl\/wp-json\/wp\/v2\/product\/4246\/revisions\/16431"}],"wp:featuredmedia":[{"embeddable":true,"href":"https:\/\/polbionica.com\/pl\/wp-json\/wp\/v2\/media\/14620"}],"wp:attachment":[{"href":"https:\/\/polbionica.com\/pl\/wp-json\/wp\/v2\/media?parent=4246"}],"wp:term":[{"taxonomy":"product_brand","embeddable":true,"href":"https:\/\/polbionica.com\/pl\/wp-json\/wp\/v2\/product_brand?post=4246"},{"taxonomy":"product_cat","embeddable":true,"href":"https:\/\/polbionica.com\/pl\/wp-json\/wp\/v2\/product_cat?post=4246"},{"taxonomy":"product_tag","embeddable":true,"href":"https:\/\/polbionica.com\/pl\/wp-json\/wp\/v2\/product_tag?post=4246"}],"curies":[{"name":"wp","href":"https:\/\/api.w.org\/{rel}","templated":true}]}}