{"id":4238,"date":"2024-05-17T11:50:44","date_gmt":"2024-05-17T11:50:44","guid":{"rendered":"https:\/\/marity.qodeinteractive.com\/?post_type=product&#038;p=4238"},"modified":"2026-03-17T11:22:26","modified_gmt":"2026-03-17T11:22:26","slug":"bioreaktor-researchline","status":"publish","type":"product","link":"https:\/\/polbionica.com\/pl\/produkt\/bioreaktor-researchline\/","title":{"rendered":"Bioreaktor ResearchLine\u2122"},"content":{"rendered":"\t\t<div data-elementor-type=\"wp-post\" data-elementor-id=\"4238\" class=\"elementor elementor-4238\">\n\t\t\t\t\t\t<section class=\"elementor-section elementor-top-section elementor-element elementor-element-a03f56b elementor-section-full_width elementor-section-height-default elementor-section-height-default\" data-id=\"a03f56b\" data-element_type=\"section\" data-e-type=\"section\">\n\t\t\t\t\t\t<div class=\"elementor-container elementor-column-gap-default\">\n\t\t\t\t\t<div class=\"elementor-column elementor-col-50 elementor-top-column elementor-element elementor-element-91c47ee\" data-id=\"91c47ee\" data-element_type=\"column\" data-e-type=\"column\">\n\t\t\t<div class=\"elementor-widget-wrap elementor-element-populated\">\n\t\t\t\t\t\t<div class=\"elementor-element elementor-element-363f44a elementor-widget elementor-widget-text-editor\" data-id=\"363f44a\" data-element_type=\"widget\" data-e-type=\"widget\" data-widget_type=\"text-editor.default\">\n\t\t\t\t<div class=\"elementor-widget-container\">\n\t\t\t\t\t\t\t\t\t<h5><span style=\"color: #00a2b5;\"><b>Budowa systemu<\/b><\/span><\/h5><p>Bioreaktor sk\u0142ada si\u0119 z dw\u00f3ch uzupe\u0142niaj\u0105cych si\u0119 modu\u0142\u00f3w:<\/p><ul><li>Jednostka g\u0142\u00f3wna &#8211; Odpowiada za zasilanie i kontrol\u0119 wszystkich funkcji systemu (dostarczanie medium, gaz\u00f3w, kontrola czujnik\u00f3w) oraz wyposa\u017cona jest w intuicyjny panel sterowania z ekranem dotykowym.<\/li><li>Jednorazowy, sterylny zestaw perfuzyjny &#8211; Obejmuje zamkni\u0119t\u0105 komor\u0119 hodowlan\u0105, pojemniki, dreny i z\u0142\u0105cza, umo\u017cliwiaj\u0105c bezpieczne i powtarzalne prowadzenie hodowli lub test\u00f3w.<\/li><\/ul><h5><span style=\"color: #00a2b5;\"><b>Typy kom\u00f3r badawczych<\/b><\/span><\/h5><p>Bioreaktor wyposa\u017cony jest w dwa rodzaje kom\u00f3r:<\/p><ul><li>Komora do inkubacji bionicznych narz\u0105d\u00f3w \u2013 zapewnia stabilizacj\u0119 konstruktu oraz mo\u017cliwo\u015b\u0107 prowadzenia bada\u0144 biologicznych i mechanicznych.<\/li><li>Komora do test\u00f3w cytotoksyczno\u015bci i aktywno\u015bci biologicznej \u2013 umo\u017cliwia r\u00f3wnoleg\u0142e testowanie do trzech modeli tkankowych.<\/li><\/ul><h5><span style=\"color: #00a2b5;\"><b>Kluczowe funkcje<\/b><\/span><\/h5><ul><li>kontrola temperatury w zakresie 8\u201340\u00b0C<\/li><li>regulacja i monitoring st\u0119\u017cenia CO\u2082<\/li><li>kontrolowana pr\u0119dko\u015b\u0107 perfuzji<\/li><li>automatyczna wymiana medium kom\u00f3rkowego<\/li><li>sterylne, nieinwazyjne pobieranie pr\u00f3bek<\/li><li>kontrola ci\u015bnienia w uk\u0142adzie perfuzyjnym, chroni\u0105ca modele przed uszkodzeniem<\/li><\/ul><p>\u00a0<\/p><ul><li><strong>Zasilanie:<\/strong> 110\u2013240 V (+\/-10%) 50\/60 Hz.<\/li><li><strong>Tryb pracy:<\/strong> Automatyczny.<\/li><li><strong>Warunki \u015brodowiskowe pracy:<\/strong> Temp.: +4\u00b0C do +40\u00b0C, wilgotno\u015b\u0107: 20\u201390%, ci\u015bnienie: 700\u20131060 hPa.<\/li><li><strong>Wymiary i waga:<\/strong> 70,9 x 49,6 x 33,8 cm, 35 kg (urz\u0105dzenie); 80 x 60 x 40 cm (opakowanie).<\/li><li><strong>System wymiany medium kom\u00f3rkowego:<\/strong> Zapewniona sterylno\u015b\u0107 podczas wymiany.<\/li><li><strong>Typ kom\u00f3r:<\/strong> Jeden dla hodowli bionicznych organ\u00f3w, drugi dla testowania toksyczno\u015bci i aktywno\u015bci cz\u0105steczek.<\/li><li><strong>Kompatybilno\u015b\u0107:<\/strong> Z kulturami kom\u00f3rkowymi, sferoidami, organoidami, mikroorganizmami.<\/li><\/ul>\t\t\t\t\t\t\t\t<\/div>\n\t\t\t\t<\/div>\n\t\t\t\t\t<\/div>\n\t\t<\/div>\n\t\t\t\t<div class=\"elementor-column elementor-col-50 elementor-top-column elementor-element elementor-element-03fa0f1\" data-id=\"03fa0f1\" data-element_type=\"column\" data-e-type=\"column\">\n\t\t\t<div class=\"elementor-widget-wrap elementor-element-populated\">\n\t\t\t\t\t\t\t<\/div>\n\t\t<\/div>\n\t\t\t\t\t<\/div>\n\t\t<\/section>\n\t\t\t\t<\/div>\n\t\t","protected":false},"excerpt":{"rendered":"<p>Bioreaktor ResearchLine\u2122 to zaawansowany system do prowadzenia hodowli kom\u00f3rkowych w warunkach dynamicznych oraz inkubacji modeli tkankowych i bionicznych narz\u0105d\u00f3w in vitro. Urz\u0105dzenie umo\u017cliwia prac\u0119 z tr\u00f3jwymiarowymi konstruktami wyposa\u017conymi w uk\u0142ad przep\u0142ywowy, pozwalaj\u0105c na ocen\u0119 \u017cywotno\u015bci i funkcjonalno\u015bci kom\u00f3rek w warunkach zbli\u017conych do fizjologicznych.<\/p>\n<p>System umo\u017cliwia precyzyjne kontrolowanie parametr\u00f3w fizykochemicznych (temperatura, przep\u0142yw, st\u0119\u017cenie gaz\u00f3w), jak r\u00f3wnie\u017c badanie odpowiedzi modeli na substancje biologicznie aktywne i zwi\u0105zki chemiczne dodawane do medium. Automatyzacja pomiar\u00f3w i regulacji zapewnia standaryzacj\u0119 oraz wysok\u0105 powtarzalno\u015b\u0107 proces\u00f3w hodowli.<\/p>\n","protected":false},"featured_media":14618,"template":"","meta":{"_acf_changed":false,"inline_featured_image":false},"product_brand":[],"product_cat":[75],"product_tag":[],"class_list":{"0":"post-4238","1":"product","2":"type-product","3":"status-publish","4":"has-post-thumbnail","6":"product_cat-urzadzenia-laboratoryjne","8":"first","9":"instock","10":"shipping-taxable","11":"product-type-simple"},"acf":[],"_links":{"self":[{"href":"https:\/\/polbionica.com\/pl\/wp-json\/wp\/v2\/product\/4238","targetHints":{"allow":["GET"]}}],"collection":[{"href":"https:\/\/polbionica.com\/pl\/wp-json\/wp\/v2\/product"}],"about":[{"href":"https:\/\/polbionica.com\/pl\/wp-json\/wp\/v2\/types\/product"}],"version-history":[{"count":23,"href":"https:\/\/polbionica.com\/pl\/wp-json\/wp\/v2\/product\/4238\/revisions"}],"predecessor-version":[{"id":16505,"href":"https:\/\/polbionica.com\/pl\/wp-json\/wp\/v2\/product\/4238\/revisions\/16505"}],"wp:featuredmedia":[{"embeddable":true,"href":"https:\/\/polbionica.com\/pl\/wp-json\/wp\/v2\/media\/14618"}],"wp:attachment":[{"href":"https:\/\/polbionica.com\/pl\/wp-json\/wp\/v2\/media?parent=4238"}],"wp:term":[{"taxonomy":"product_brand","embeddable":true,"href":"https:\/\/polbionica.com\/pl\/wp-json\/wp\/v2\/product_brand?post=4238"},{"taxonomy":"product_cat","embeddable":true,"href":"https:\/\/polbionica.com\/pl\/wp-json\/wp\/v2\/product_cat?post=4238"},{"taxonomy":"product_tag","embeddable":true,"href":"https:\/\/polbionica.com\/pl\/wp-json\/wp\/v2\/product_tag?post=4238"}],"curies":[{"name":"wp","href":"https:\/\/api.w.org\/{rel}","templated":true}]}}