{"id":15811,"date":"2025-07-16T15:49:14","date_gmt":"2025-07-16T15:49:14","guid":{"rendered":"https:\/\/polbionica.com\/?post_type=product&#038;p=15811"},"modified":"2026-03-17T10:52:09","modified_gmt":"2026-03-17T10:52:09","slug":"wydruk-organoidow","status":"publish","type":"product","link":"https:\/\/polbionica.com\/pl\/produkt\/wydruk-organoidow\/","title":{"rendered":"Wydruk organoid\u00f3w i modeli tkankowych"},"content":{"rendered":"\t\t<div data-elementor-type=\"wp-post\" data-elementor-id=\"15811\" class=\"elementor elementor-15811\">\n\t\t\t\t\t\t<section class=\"elementor-section elementor-top-section elementor-element elementor-element-a03f56b elementor-section-full_width elementor-section-height-default elementor-section-height-default\" data-id=\"a03f56b\" data-element_type=\"section\" data-e-type=\"section\">\n\t\t\t\t\t\t<div class=\"elementor-container elementor-column-gap-default\">\n\t\t\t\t\t<div class=\"elementor-column elementor-col-50 elementor-top-column elementor-element elementor-element-91c47ee\" data-id=\"91c47ee\" data-element_type=\"column\" data-e-type=\"column\">\n\t\t\t<div class=\"elementor-widget-wrap elementor-element-populated\">\n\t\t\t\t\t\t<div class=\"elementor-element elementor-element-2ba6c6c elementor-widget elementor-widget-text-editor\" data-id=\"2ba6c6c\" data-element_type=\"widget\" data-e-type=\"widget\" data-widget_type=\"text-editor.default\">\n\t\t\t\t<div class=\"elementor-widget-container\">\n\t\t\t\t\t\t\t\t\t<h5><span style=\"color: #00a2b5;\">Oferujemy m.in.:<\/span><\/h5><ul><li>gotowe i personalizowane modele 3D do bada\u0144 przedklinicznych:<ul><li>modele wysp trzustkowych (organ-on-a-chip),<\/li><li>organoidy w\u0105troby i raka w\u0105trobowokom\u00f3rkowego,<\/li><li>modele naczy\u0144 endotelialnych z przep\u0142ywem.<\/li><\/ul><\/li><\/ul><h5><span style=\"color: #00a2b5;\">Nasze modele znajduj\u0105 zastosowanie w:<span class=\"Apple-converted-space\">\u00a0<\/span><\/span><\/h5><ul><li>badaniach toksyczno\u015bci i bezpiecze\u0144stwa zwi\u0105zk\u00f3w,<\/li><li>przesiewowych badaniach lek\u00f3w (drug screening),<\/li><li>analizie proces\u00f3w przerzutowania,<\/li><li>badaniach nad biomarkerami i koncepcj\u0105 \u201eliquid biopsy\u201d,<\/li><li>medycynie personalizowanej \u2013 w oparciu o kom\u00f3rki pacjenta (np. iPSC, kom\u00f3rki pierwotne).<\/li><\/ul><p><span style=\"color: #00a2b5;\">Projektujemy r\u00f3wnie\u017c modele dostosowane do indywidualnych potrzeb klient\u00f3w, np.:<\/span><\/p><ul><li>dopasowane do okre\u015blonych linii kom\u00f3rkowych, biomarker\u00f3w i terapii,<\/li><li>wielokom\u00f3rkowe konstrukty odzwierciedlaj\u0105ce z\u0142o\u017con\u0105 architektur\u0119 tkankow\u0105,<\/li><li>organoidy drukowane z materia\u0142u pochodz\u0105cego od pacjenta (PDOs).<\/li><\/ul><p>\u00a0<\/p><p>Chcesz dowiedzie\u0107 wi\u0119cej, skontaktuj si\u0119 z nami: <a href=\"mailto:sale@polbionica.com\">sale@polbionica.com<\/a><\/p>\t\t\t\t\t\t\t\t<\/div>\n\t\t\t\t<\/div>\n\t\t\t\t\t<\/div>\n\t\t<\/div>\n\t\t\t\t<div class=\"elementor-column elementor-col-50 elementor-top-column elementor-element elementor-element-03fa0f1\" data-id=\"03fa0f1\" data-element_type=\"column\" data-e-type=\"column\">\n\t\t\t<div class=\"elementor-widget-wrap elementor-element-populated\">\n\t\t\t\t\t\t<div class=\"elementor-element elementor-element-a1bae8e elementor-widget elementor-widget-marity_core_single_image\" data-id=\"a1bae8e\" data-element_type=\"widget\" data-e-type=\"widget\" data-widget_type=\"marity_core_single_image.default\">\n\t\t\t\t<div class=\"elementor-widget-container\">\n\t\t\t\t\t<div class=\"qodef-shortcode qodef-m  qodef-single-image qodef-layout--default    \" style=\"--qodef--morph-shape-position-x: 0%;--qodef--morph-shape-scale-x: 0\">\n\t<\/div>\n\t\t\t\t<\/div>\n\t\t\t\t<\/div>\n\t\t\t\t\t<\/div>\n\t\t<\/div>\n\t\t\t\t\t<\/div>\n\t\t<\/section>\n\t\t\t\t<\/div>\n\t\t","protected":false},"excerpt":{"rendered":"<p>W Polbionica opracowujemy zaawansowane biodrukowane organoidy i modele 3D tkanek, kt\u00f3re wiernie odtwarzaj\u0105 biologiczne \u015brodowisko organizmu, w tym z\u0142o\u017cone mikro\u015brodowisko nowotworowe.<\/p>\n<p>Nasze technologie zwi\u0119kszaj\u0105 wiarygodno\u015b\u0107 bada\u0144 nad nowymi terapiami, umo\u017cliwiaj\u0105 precyzyjn\u0105 ocen\u0119 toksyczno\u015bci oraz wspieraj\u0105 rozw\u00f3j lek\u00f3w na wczesnych etapach bada\u0144 przedklinicznych. Jednocze\u015bnie przyczyniaj\u0105 si\u0119 do ograniczenia wykorzystania modeli zwierz\u0119cych, zgodnie z zasad\u0105 3R (Replace, Reduce, Refine).<\/p>\n","protected":false},"featured_media":15802,"template":"","meta":{"_acf_changed":false,"inline_featured_image":false},"product_brand":[],"product_cat":[76],"product_tag":[],"class_list":{"0":"post-15811","1":"product","2":"type-product","3":"status-publish","4":"has-post-thumbnail","6":"product_cat-uslugi","8":"first","9":"instock","10":"shipping-taxable","11":"product-type-simple"},"acf":[],"_links":{"self":[{"href":"https:\/\/polbionica.com\/pl\/wp-json\/wp\/v2\/product\/15811","targetHints":{"allow":["GET"]}}],"collection":[{"href":"https:\/\/polbionica.com\/pl\/wp-json\/wp\/v2\/product"}],"about":[{"href":"https:\/\/polbionica.com\/pl\/wp-json\/wp\/v2\/types\/product"}],"version-history":[{"count":15,"href":"https:\/\/polbionica.com\/pl\/wp-json\/wp\/v2\/product\/15811\/revisions"}],"predecessor-version":[{"id":16404,"href":"https:\/\/polbionica.com\/pl\/wp-json\/wp\/v2\/product\/15811\/revisions\/16404"}],"wp:featuredmedia":[{"embeddable":true,"href":"https:\/\/polbionica.com\/pl\/wp-json\/wp\/v2\/media\/15802"}],"wp:attachment":[{"href":"https:\/\/polbionica.com\/pl\/wp-json\/wp\/v2\/media?parent=15811"}],"wp:term":[{"taxonomy":"product_brand","embeddable":true,"href":"https:\/\/polbionica.com\/pl\/wp-json\/wp\/v2\/product_brand?post=15811"},{"taxonomy":"product_cat","embeddable":true,"href":"https:\/\/polbionica.com\/pl\/wp-json\/wp\/v2\/product_cat?post=15811"},{"taxonomy":"product_tag","embeddable":true,"href":"https:\/\/polbionica.com\/pl\/wp-json\/wp\/v2\/product_tag?post=15811"}],"curies":[{"name":"wp","href":"https:\/\/api.w.org\/{rel}","templated":true}]}}