{"id":15289,"date":"2024-06-24T14:19:22","date_gmt":"2024-06-24T14:19:22","guid":{"rendered":"https:\/\/polbionica.com\/?post_type=product&#038;p=15289"},"modified":"2026-03-17T12:03:07","modified_gmt":"2026-03-17T12:03:07","slug":"p-re15-2","status":"publish","type":"product","link":"https:\/\/polbionica.com\/pl\/produkt\/p-re15-2\/","title":{"rendered":"p-RE15\u00ae"},"content":{"rendered":"\t\t<div data-elementor-type=\"wp-post\" data-elementor-id=\"15289\" class=\"elementor elementor-15289\">\n\t\t\t\t\t\t<section class=\"elementor-section elementor-top-section elementor-element elementor-element-a03f56b elementor-section-full_width elementor-section-height-default elementor-section-height-default\" data-id=\"a03f56b\" data-element_type=\"section\" data-e-type=\"section\">\n\t\t\t\t\t\t<div class=\"elementor-container elementor-column-gap-default\">\n\t\t\t\t\t<div class=\"elementor-column elementor-col-50 elementor-top-column elementor-element elementor-element-91c47ee\" data-id=\"91c47ee\" data-element_type=\"column\" data-e-type=\"column\">\n\t\t\t<div class=\"elementor-widget-wrap elementor-element-populated\">\n\t\t\t\t\t\t<div class=\"elementor-element elementor-element-2ba6c6c elementor-widget elementor-widget-text-editor\" data-id=\"2ba6c6c\" data-element_type=\"widget\" data-e-type=\"widget\" data-widget_type=\"text-editor.default\">\n\t\t\t\t<div class=\"elementor-widget-container\">\n\t\t\t\t\t\t\t\t\t<p><span style=\"color: #00a2b5;\"><strong>p-RE15\u00ae<\/strong><\/span> dzi\u0119ki swojej strukturze tworzy korzystne mikro\u015brodowisko dla wzrostu kom\u00f3rek eukariotycznych, wspieraj\u0105c kolonizacj\u0119, migracj\u0119, proliferacj\u0119.<span class=\"Apple-converted-space\">\u00a0<\/span><\/p><p>\u00a0<\/p><p>Jako komponent znacz\u0105co poprawia reologiczne i mechaniczne w\u0142a\u015bciwo\u015bci wzbogacanych biomateria\u0142\u00f3w.<\/p><p>\u00a0<\/p><p><span style=\"color: #00a2b5;\"><strong>p-RE15\u00ae<\/strong><\/span> jest wytwarzane w prokariotycznym systemie ekspresyjnym i oczyszczane bez u\u017cycia detergent\u00f3w ani surfaktant\u00f3w, co czyni je biozgodnym komponentem do zastosowa\u0144 w biodruku 3D i biofabrykacji. Mo\u017ce by\u0107 wykorzystywane jako funkcjonalny dodatek do biotuszy lub jako alternatywa dla tradycyjnych biomateria\u0142\u00f3w stosowanych w in\u017cynierii tkankowej.\u00a0<\/p><p>\u00a0<\/p><p>\u00a0<\/p><ul><li>Przechowywanie: 2-10 \u00b0C<\/li><li>Opakowanie: 1g<\/li><\/ul>\t\t\t\t\t\t\t\t<\/div>\n\t\t\t\t<\/div>\n\t\t\t\t\t<\/div>\n\t\t<\/div>\n\t\t\t\t<div class=\"elementor-column elementor-col-50 elementor-top-column elementor-element elementor-element-03fa0f1\" data-id=\"03fa0f1\" data-element_type=\"column\" data-e-type=\"column\">\n\t\t\t<div class=\"elementor-widget-wrap elementor-element-populated\">\n\t\t\t\t\t\t<div class=\"elementor-element elementor-element-a1bae8e elementor-widget elementor-widget-marity_core_single_image\" data-id=\"a1bae8e\" data-element_type=\"widget\" data-e-type=\"widget\" data-widget_type=\"marity_core_single_image.default\">\n\t\t\t\t<div class=\"elementor-widget-container\">\n\t\t\t\t\t<div class=\"qodef-shortcode qodef-m  qodef-single-image qodef-layout--default    \" style=\"--qodef--morph-shape-position-x: 0%;--qodef--morph-shape-scale-x: 0\">\n\t<\/div>\n\t\t\t\t<\/div>\n\t\t\t\t<\/div>\n\t\t\t\t\t<\/div>\n\t\t<\/div>\n\t\t\t\t\t<\/div>\n\t\t<\/section>\n\t\t\t\t<\/div>\n\t\t","protected":false},"excerpt":{"rendered":"<p>Innowacyjne bia\u0142ko elastomeryczne p-RE15 \u0142\u0105czy cechy rezyliny i elastyny dzi\u0119ki po\u0142\u0105czeniu wielokrotnych powt\u00f3rze\u0144 sekwencji aminokwasowych charakterystycznych dla tych bia\u0142ek.<\/p>\n<p>Zawiera r\u00f3wnie\u017c licznie powt\u00f3rzone sekwencje RGD i miejsca ci\u0119cia dla metaloproteinaz, co umo\u017cliwia zasiedlanym na biomateriale kom\u00f3rkom odpowiednie dostosowanie przestrzeni poprzez przebudow\u0119 struktur 3D.<\/p>\n<p><strong>Zapraszamy do zapoznania si\u0119 z nasz\u0105 publikacj\u0105 naukow\u0105:<\/strong><\/p>\n<p>Cecuda-Adamczewska, V.; Romanik-Chru\u015bcielewska, A.; Kosowska, K.; \u0141ukasiewicz, N.; Soko\u0142owska, I.; Korycka, P.; Florys-Jankowska, K.; Zakrzewska, A.; Wszo\u0142a, M.; Klak, M.<span class=\"Apple-converted-space\">\u00a0<\/span><\/p>\n<p><b>Characterization of a Chimeric Resilin-Elastin Structural Protein Dedicated to 3D Bioprinting as a Bioink Component<\/b>.<\/p>\n<p><i>Nanomaterials<\/i>\u00a02024,\u00a0<i>14<\/i>, 749. <a href=\"https:\/\/doi.org\/10.3390\/nano14090749\">https:\/\/doi.org\/10.3390\/nano14090749<\/a><\/p>\n<p><img fetchpriority=\"high\" decoding=\"async\" class=\"wp-image-15282 size-full alignleft\" src=\"https:\/\/polbionica.com\/wp-content\/uploads\/2024\/06\/2.jpg\" alt=\"\" width=\"528\" height=\"373\" srcset=\"https:\/\/polbionica.com\/wp-content\/uploads\/2024\/06\/2.jpg 528w, https:\/\/polbionica.com\/wp-content\/uploads\/2024\/06\/2-300x212.jpg 300w\" sizes=\"(max-width: 528px) 100vw, 528px\" \/><\/p>\n","protected":false},"featured_media":15287,"template":"","meta":{"_acf_changed":false,"inline_featured_image":false},"product_brand":[],"product_cat":[136],"product_tag":[],"class_list":{"0":"post-15289","1":"product","2":"type-product","3":"status-publish","4":"has-post-thumbnail","6":"product_cat-bialka-rekombinowane","8":"first","9":"instock","10":"shipping-taxable","11":"product-type-simple"},"acf":[],"_links":{"self":[{"href":"https:\/\/polbionica.com\/pl\/wp-json\/wp\/v2\/product\/15289","targetHints":{"allow":["GET"]}}],"collection":[{"href":"https:\/\/polbionica.com\/pl\/wp-json\/wp\/v2\/product"}],"about":[{"href":"https:\/\/polbionica.com\/pl\/wp-json\/wp\/v2\/types\/product"}],"version-history":[{"count":18,"href":"https:\/\/polbionica.com\/pl\/wp-json\/wp\/v2\/product\/15289\/revisions"}],"predecessor-version":[{"id":16540,"href":"https:\/\/polbionica.com\/pl\/wp-json\/wp\/v2\/product\/15289\/revisions\/16540"}],"wp:featuredmedia":[{"embeddable":true,"href":"https:\/\/polbionica.com\/pl\/wp-json\/wp\/v2\/media\/15287"}],"wp:attachment":[{"href":"https:\/\/polbionica.com\/pl\/wp-json\/wp\/v2\/media?parent=15289"}],"wp:term":[{"taxonomy":"product_brand","embeddable":true,"href":"https:\/\/polbionica.com\/pl\/wp-json\/wp\/v2\/product_brand?post=15289"},{"taxonomy":"product_cat","embeddable":true,"href":"https:\/\/polbionica.com\/pl\/wp-json\/wp\/v2\/product_cat?post=15289"},{"taxonomy":"product_tag","embeddable":true,"href":"https:\/\/polbionica.com\/pl\/wp-json\/wp\/v2\/product_tag?post=15289"}],"curies":[{"name":"wp","href":"https:\/\/api.w.org\/{rel}","templated":true}]}}