{"id":15279,"date":"2024-06-24T13:45:51","date_gmt":"2024-06-24T13:45:51","guid":{"rendered":"https:\/\/polbionica.com\/?post_type=product&#038;p=15279"},"modified":"2026-03-17T11:59:00","modified_gmt":"2026-03-17T11:59:00","slug":"p-se17","status":"publish","type":"product","link":"https:\/\/polbionica.com\/pl\/produkt\/p-se17\/","title":{"rendered":"p-SE17\u00ae"},"content":{"rendered":"\t\t<div data-elementor-type=\"wp-post\" data-elementor-id=\"15279\" class=\"elementor elementor-15279\">\n\t\t\t\t\t\t<section class=\"elementor-section elementor-top-section elementor-element elementor-element-a03f56b elementor-section-full_width elementor-section-height-default elementor-section-height-default\" data-id=\"a03f56b\" data-element_type=\"section\" data-e-type=\"section\">\n\t\t\t\t\t\t<div class=\"elementor-container elementor-column-gap-default\">\n\t\t\t\t\t<div class=\"elementor-column elementor-col-50 elementor-top-column elementor-element elementor-element-91c47ee\" data-id=\"91c47ee\" data-element_type=\"column\" data-e-type=\"column\">\n\t\t\t<div class=\"elementor-widget-wrap elementor-element-populated\">\n\t\t\t\t\t\t<div class=\"elementor-element elementor-element-2ba6c6c elementor-widget elementor-widget-text-editor\" data-id=\"2ba6c6c\" data-element_type=\"widget\" data-e-type=\"widget\" data-widget_type=\"text-editor.default\">\n\t\t\t\t<div class=\"elementor-widget-container\">\n\t\t\t\t\t\t\t\t\t<p>Wykorzystane kombinacje domen RGD i ZIP zapewniaj\u0105 stabilno\u015b\u0107 strukturaln\u0105, tworz\u0105c jednocze\u015bnie korzystne mikro\u015brodowisko dla wzrostu kom\u00f3rek. Unikalna budowa sprzyja adhezji i proliferacji.<\/p><p>\u00a0<\/p><p><span style=\"color: #00a2b5;\"><strong>p-SE17\u00ae<\/strong><\/span> jest wytwarzane w prokariotycznym systemie ekspresyjnym i oczyszczane bez u\u017cycia detergent\u00f3w ani surfaktant\u00f3w, co czyni je biozgodnym komponentem do zastosowa\u0144 w biodruku 3D i biofabrykacji. Mo\u017ce by\u0107 wykorzystywane jako funkcjonalny dodatek do biotuszy lub jako alternatywa dla tradycyjnych biomateria\u0142\u00f3w stosowanych w in\u017cynierii tkankowej.<\/p><p>\u00a0<\/p><p>\u00a0<\/p><p>\u00a0<\/p><ul><li>Przechowywanie: 2-10 \u00b0C<\/li><li>Opakowanie: 1g<\/li><\/ul>\t\t\t\t\t\t\t\t<\/div>\n\t\t\t\t<\/div>\n\t\t\t\t\t<\/div>\n\t\t<\/div>\n\t\t\t\t<div class=\"elementor-column elementor-col-50 elementor-top-column elementor-element elementor-element-03fa0f1\" data-id=\"03fa0f1\" data-element_type=\"column\" data-e-type=\"column\">\n\t\t\t<div class=\"elementor-widget-wrap elementor-element-populated\">\n\t\t\t\t\t\t<div class=\"elementor-element elementor-element-a1bae8e elementor-widget elementor-widget-marity_core_single_image\" data-id=\"a1bae8e\" data-element_type=\"widget\" data-e-type=\"widget\" data-widget_type=\"marity_core_single_image.default\">\n\t\t\t\t<div class=\"elementor-widget-container\">\n\t\t\t\t\t<div class=\"qodef-shortcode qodef-m  qodef-single-image qodef-layout--default    \" style=\"--qodef--morph-shape-position-x: 0%;--qodef--morph-shape-scale-x: 0\">\n\t<\/div>\n\t\t\t\t<\/div>\n\t\t\t\t<\/div>\n\t\t\t\t\t<\/div>\n\t\t<\/div>\n\t\t\t\t\t<\/div>\n\t\t<\/section>\n\t\t\t\t<\/div>\n\t\t","protected":false},"excerpt":{"rendered":"<p>Struktura innowacyjnego bia\u0142ka elastomerycznego p-SE17 \u0142\u0105czy sekwencje zapo\u017cyczone z jedwabiu i elastyny tworz\u0105c cz\u0105steczk\u0119 o unikalnych w\u0142a\u015bciwo\u015bciach.<span class=\"Apple-converted-space\">\u00a0<\/span><\/p>\n<p>Zastosowanie p-SE17 jako komponentu w biomateriale znacz\u0105co zwi\u0119ksza elastyczno\u015b\u0107 finalnego produktu. Jednocze\u015bnie istotnie poprawia reologiczne w\u0142a\u015bciwo\u015bci biomateria\u0142\u00f3w i umo\u017cliwia biodruk 3D o wysokiej rozdzielczo\u015bci struktur przestrzennie z\u0142o\u017conych.<\/p>\n<p><strong>Zapraszamy do zapoznania si\u0119 z nasz\u0105 publikacj\u0105 naukow\u0105:<\/strong><\/p>\n<p>Cecuda-Adamczewska, V.; Romanik-Chru\u015bcielewska, A.; Kosowska, K.; Soko\u0142owska, I.; \u0141ukasiewicz, N.; Korycka, P.; Florys-Jankowska, K.; Zakrzewska, A.; Wszo\u0142a, M.; Klak, M.<\/p>\n<p><b>Elasticity Modification of Biomaterials Used in 3D Printing with an Elastin\u2013Silk-like Recombinant Protein<\/b>.<\/p>\n<p><i>J. Funct. Biomater.<\/i>\u00a0<b>2024<\/b>,\u00a0<i>15<\/i>, 141. <a href=\"https:\/\/doi.org\/10.3390\/jfb15060141\">https:\/\/doi.org\/10.3390\/jfb15060141<\/a><\/p>\n<p><img fetchpriority=\"high\" decoding=\"async\" class=\"alignnone wp-image-15305 size-large\" src=\"https:\/\/polbionica.com\/wp-content\/uploads\/2024\/06\/Article_Banner_MDPI_jfb-15-00141_page-0001-1024x519.jpg\" alt=\"\" width=\"1024\" height=\"519\" srcset=\"https:\/\/polbionica.com\/wp-content\/uploads\/2024\/06\/Article_Banner_MDPI_jfb-15-00141_page-0001-1024x519.jpg 1024w, https:\/\/polbionica.com\/wp-content\/uploads\/2024\/06\/Article_Banner_MDPI_jfb-15-00141_page-0001-300x152.jpg 300w, https:\/\/polbionica.com\/wp-content\/uploads\/2024\/06\/Article_Banner_MDPI_jfb-15-00141_page-0001-768x389.jpg 768w, https:\/\/polbionica.com\/wp-content\/uploads\/2024\/06\/Article_Banner_MDPI_jfb-15-00141_page-0001-600x304.jpg 600w, https:\/\/polbionica.com\/wp-content\/uploads\/2024\/06\/Article_Banner_MDPI_jfb-15-00141_page-0001.jpg 1240w\" sizes=\"(max-width: 1024px) 100vw, 1024px\" \/><\/p>\n","protected":false},"featured_media":15287,"template":"","meta":{"_acf_changed":false,"inline_featured_image":false},"product_brand":[],"product_cat":[136],"product_tag":[],"class_list":{"0":"post-15279","1":"product","2":"type-product","3":"status-publish","4":"has-post-thumbnail","6":"product_cat-bialka-rekombinowane","8":"first","9":"instock","10":"shipping-taxable","11":"product-type-simple"},"acf":[],"_links":{"self":[{"href":"https:\/\/polbionica.com\/pl\/wp-json\/wp\/v2\/product\/15279","targetHints":{"allow":["GET"]}}],"collection":[{"href":"https:\/\/polbionica.com\/pl\/wp-json\/wp\/v2\/product"}],"about":[{"href":"https:\/\/polbionica.com\/pl\/wp-json\/wp\/v2\/types\/product"}],"version-history":[{"count":11,"href":"https:\/\/polbionica.com\/pl\/wp-json\/wp\/v2\/product\/15279\/revisions"}],"predecessor-version":[{"id":16535,"href":"https:\/\/polbionica.com\/pl\/wp-json\/wp\/v2\/product\/15279\/revisions\/16535"}],"wp:featuredmedia":[{"embeddable":true,"href":"https:\/\/polbionica.com\/pl\/wp-json\/wp\/v2\/media\/15287"}],"wp:attachment":[{"href":"https:\/\/polbionica.com\/pl\/wp-json\/wp\/v2\/media?parent=15279"}],"wp:term":[{"taxonomy":"product_brand","embeddable":true,"href":"https:\/\/polbionica.com\/pl\/wp-json\/wp\/v2\/product_brand?post=15279"},{"taxonomy":"product_cat","embeddable":true,"href":"https:\/\/polbionica.com\/pl\/wp-json\/wp\/v2\/product_cat?post=15279"},{"taxonomy":"product_tag","embeddable":true,"href":"https:\/\/polbionica.com\/pl\/wp-json\/wp\/v2\/product_tag?post=15279"}],"curies":[{"name":"wp","href":"https:\/\/api.w.org\/{rel}","templated":true}]}}