{"id":11188,"date":"2024-05-17T14:59:51","date_gmt":"2024-05-17T14:59:51","guid":{"rendered":"https:\/\/polbionica.esc2.emartsynergia.com\/?post_type=product&#038;p=11188"},"modified":"2026-03-17T10:51:49","modified_gmt":"2026-03-17T10:51:49","slug":"printiss-decm-pan","status":"publish","type":"product","link":"https:\/\/polbionica.com\/pl\/produkt\/printiss-decm-pan\/","title":{"rendered":"PrinTiss\u00ae dECM"},"content":{"rendered":"\t\t<div data-elementor-type=\"wp-post\" data-elementor-id=\"11188\" class=\"elementor elementor-11188\">\n\t\t\t\t\t\t<section class=\"elementor-section elementor-top-section elementor-element elementor-element-a03f56b elementor-section-full_width elementor-section-height-default elementor-section-height-default\" data-id=\"a03f56b\" data-element_type=\"section\" data-e-type=\"section\">\n\t\t\t\t\t\t<div class=\"elementor-container elementor-column-gap-default\">\n\t\t\t\t\t<div class=\"elementor-column elementor-col-50 elementor-top-column elementor-element elementor-element-91c47ee\" data-id=\"91c47ee\" data-element_type=\"column\" data-e-type=\"column\">\n\t\t\t<div class=\"elementor-widget-wrap elementor-element-populated\">\n\t\t\t\t\t\t<div class=\"elementor-element elementor-element-2ba6c6c elementor-widget elementor-widget-text-editor\" data-id=\"2ba6c6c\" data-element_type=\"widget\" data-e-type=\"widget\" data-widget_type=\"text-editor.default\">\n\t\t\t\t<div class=\"elementor-widget-container\">\n\t\t\t\t\t\t\t\t\t<p><strong>Najwa\u017cniejsze cechy<\/strong><\/p><ul><li>dECM z trzustki \u015bwi\u0144skiej: ECM-like \u015brodowisko dla kom\u00f3rek<\/li><li>Mo\u017ce wspiera\u0107 adhezj\u0119, proliferacj\u0119 i migracj\u0119 kom\u00f3rek<\/li><li>Sterylna forma liofilizatu (prosty transport i przechowywanie)<\/li><li>Kontrola czysto\u015bci\/bezpiecze\u0144stwa partii: m.in. DNA &lt; 30 ng\/mg, t\u0142uszcz &lt; 4%, Triton X-100 &lt; 50 ng\/mg<\/li><li>CofA i protok\u00f3\u0142 u\u017cycia dost\u0119pne na \u017cyczenie<\/li><\/ul><p><strong>Zastosowania<\/strong><\/p><ul><li>Biotusze i hydro\u017cele do modeli trzustki oraz szerzej: modele 3D, w kt\u00f3rych liczy si\u0119 \u201eprawdziwe\u201d t\u0142o ECM<\/li><li>Rekonstrukcja mikro\u015brodowiska dla bada\u0144 funkcjonalnych (adhezja\/proliferacja\/migracja)<\/li><li>Formulacje, bazuj\u0105ce na odwzorowaniu \u201ebiologicznej warstwy\u201d do uk\u0142adu konstrukcyjnego<\/li><\/ul>\t\t\t\t\t\t\t\t<\/div>\n\t\t\t\t<\/div>\n\t\t\t\t\t<\/div>\n\t\t<\/div>\n\t\t\t\t<div class=\"elementor-column elementor-col-50 elementor-top-column elementor-element elementor-element-03fa0f1\" data-id=\"03fa0f1\" data-element_type=\"column\" data-e-type=\"column\">\n\t\t\t<div class=\"elementor-widget-wrap\">\n\t\t\t\t\t\t\t<\/div>\n\t\t<\/div>\n\t\t\t\t\t<\/div>\n\t\t<\/section>\n\t\t\t\t<\/div>\n\t\t","protected":false},"excerpt":{"rendered":"<p><strong>PrinTiss\u00ae dECM-PAN\u00a0<\/strong>to decelularyzowana macierz zewn\u0105trzkom\u00f3rkowa (dECM) pozyskana z trzustki \u015bwi\u0144skiej, opracowana jako funkcjonalny biomateria\u0142 do biofabrykacji. Jej g\u0142\u00f3wn\u0105 warto\u015bci\u0105 jest to, \u017ce wnosi do biotuszu prawdziwe \u201ctissue cues\u201d: zestaw sygna\u0142\u00f3w biochemicznych i cech \u015brodowiska, kt\u00f3re kom\u00f3rki rozpoznaj\u0105 jako naturalne. Dzi\u0119ki temu dECM-PAN mo\u017ce wspiera\u0107 adhezj\u0119, proliferacj\u0119 i migracj\u0119 kom\u00f3rek, tworz\u0105c warunki bardziej zbli\u017cone do natywnej tkanki ni\u017c materia\u0142y w pe\u0142ni syntetyczne.<\/p>\n<p>W praktyce PrinTiss\u00ae dECM-PAN dzia\u0142a jak \u201ebiologiczna baza\u201d do projektowania biotusz\u00f3w i hydro\u017celi, gdy zale\u017cy Ci na wiarygodnym mikro\u015brodowisku i lepszej translacji wynik\u00f3w modeli 3D. Produkt jest oferowany jako sterylny liofilizat, a jedno opakowanie pozwala przygotowa\u0107 hydro\u017cel dECM-PAN o st\u0119\u017ceniu 1.0% (w\/v) w obj\u0119to\u015bci 12.5 ml \u2014 co u\u0142atwia standaryzacj\u0119 pracy i por\u00f3wnywalno\u015b\u0107 eksperyment\u00f3w mi\u0119dzy seriami.<\/p>\n","protected":false},"featured_media":14610,"template":"","meta":{"_acf_changed":false,"inline_featured_image":false},"product_brand":[],"product_cat":[78],"product_tag":[],"class_list":{"0":"post-11188","1":"product","2":"type-product","3":"status-publish","4":"has-post-thumbnail","6":"product_cat-printiss","8":"first","9":"instock","10":"shipping-taxable","11":"purchasable","12":"product-type-simple"},"acf":[],"_links":{"self":[{"href":"https:\/\/polbionica.com\/pl\/wp-json\/wp\/v2\/product\/11188","targetHints":{"allow":["GET"]}}],"collection":[{"href":"https:\/\/polbionica.com\/pl\/wp-json\/wp\/v2\/product"}],"about":[{"href":"https:\/\/polbionica.com\/pl\/wp-json\/wp\/v2\/types\/product"}],"version-history":[{"count":15,"href":"https:\/\/polbionica.com\/pl\/wp-json\/wp\/v2\/product\/11188\/revisions"}],"predecessor-version":[{"id":16400,"href":"https:\/\/polbionica.com\/pl\/wp-json\/wp\/v2\/product\/11188\/revisions\/16400"}],"wp:featuredmedia":[{"embeddable":true,"href":"https:\/\/polbionica.com\/pl\/wp-json\/wp\/v2\/media\/14610"}],"wp:attachment":[{"href":"https:\/\/polbionica.com\/pl\/wp-json\/wp\/v2\/media?parent=11188"}],"wp:term":[{"taxonomy":"product_brand","embeddable":true,"href":"https:\/\/polbionica.com\/pl\/wp-json\/wp\/v2\/product_brand?post=11188"},{"taxonomy":"product_cat","embeddable":true,"href":"https:\/\/polbionica.com\/pl\/wp-json\/wp\/v2\/product_cat?post=11188"},{"taxonomy":"product_tag","embeddable":true,"href":"https:\/\/polbionica.com\/pl\/wp-json\/wp\/v2\/product_tag?post=11188"}],"curies":[{"name":"wp","href":"https:\/\/api.w.org\/{rel}","templated":true}]}}