{"id":11170,"date":"2024-05-17T15:08:05","date_gmt":"2024-05-17T15:08:05","guid":{"rendered":"https:\/\/polbionica.esc2.emartsynergia.com\/?post_type=product&#038;p=11170"},"modified":"2026-03-17T11:09:17","modified_gmt":"2026-03-17T11:09:17","slug":"tintbionic-gelma-80","status":"publish","type":"product","link":"https:\/\/polbionica.com\/pl\/produkt\/tintbionic-gelma-80\/","title":{"rendered":"Tintbionic\u00ae GELMA 80"},"content":{"rendered":"\t\t<div data-elementor-type=\"wp-post\" data-elementor-id=\"11170\" class=\"elementor elementor-11170\">\n\t\t\t\t\t\t<section class=\"elementor-section elementor-top-section elementor-element elementor-element-a03f56b elementor-section-full_width elementor-section-height-default elementor-section-height-default\" data-id=\"a03f56b\" data-element_type=\"section\" data-e-type=\"section\">\n\t\t\t\t\t\t<div class=\"elementor-container elementor-column-gap-default\">\n\t\t\t\t\t<div class=\"elementor-column elementor-col-50 elementor-top-column elementor-element elementor-element-91c47ee\" data-id=\"91c47ee\" data-element_type=\"column\" data-e-type=\"column\">\n\t\t\t<div class=\"elementor-widget-wrap elementor-element-populated\">\n\t\t\t\t\t\t<div class=\"elementor-element elementor-element-2ba6c6c elementor-widget elementor-widget-text-editor\" data-id=\"2ba6c6c\" data-element_type=\"widget\" data-e-type=\"widget\" data-widget_type=\"text-editor.default\">\n\t\t\t\t<div class=\"elementor-widget-container\">\n\t\t\t\t\t\t\t\t\t<p><strong>Najwa\u017cniejsze cechy<\/strong><\/p><ul><li>Wariant ukierunkowany na uzyskanie konstrukcji o wy\u017cszej stabilno\u015bci kszta\u0142tu.<\/li><li>Surowiec farmaceutyczny: \u017celatyna wieprzowa 300\u00b0 Bloom z certyfikowanego \u017ar\u00f3d\u0142a (PL).<\/li><li>Przeznaczenie do protoko\u0142\u00f3w UV\/Vis w obecno\u015bci fotoinicjatora (np. LAP).<\/li><li>Odpowiedni jako baza do mieszanin metakrylanowych w celu uzyskania stabilnych struktur.<\/li><\/ul><p><strong>Zastosowania<\/strong><\/p><ul><li>Konstrukty 3D o wysokich wymaganiach dotycz\u0105cych zachowania geometrii (detal, cienkie \u015bcianki, kana\u0142y).<\/li><li>Rusztowania i hydro\u017cele do projekt\u00f3w, w kt\u00f3rych stabilno\u015b\u0107 konstruktu jest parametrem krytycznym.<\/li><li>Prace rozwojowe nad materia\u0142ami o wi\u0119kszej \u201eno\u015bno\u015bci\u201d w obr\u0119bie tkanek mi\u0119kkich.<\/li><\/ul>\t\t\t\t\t\t\t\t<\/div>\n\t\t\t\t<\/div>\n\t\t\t\t\t<\/div>\n\t\t<\/div>\n\t\t\t\t<div class=\"elementor-column elementor-col-50 elementor-top-column elementor-element elementor-element-03fa0f1\" data-id=\"03fa0f1\" data-element_type=\"column\" data-e-type=\"column\">\n\t\t\t<div class=\"elementor-widget-wrap elementor-element-populated\">\n\t\t\t\t\t\t<div class=\"elementor-element elementor-element-87663a3 elementor-widget elementor-widget-text-editor\" data-id=\"87663a3\" data-element_type=\"widget\" data-e-type=\"widget\" data-widget_type=\"text-editor.default\">\n\t\t\t\t<div class=\"elementor-widget-container\">\n\t\t\t\t\t\t\t\t\t<p><strong>Do pobrania:<\/strong><\/p>\t\t\t\t\t\t\t\t<\/div>\n\t\t\t\t<\/div>\n\t\t\t\t<div class=\"elementor-element elementor-element-5695435 elementor-widget elementor-widget-button\" data-id=\"5695435\" data-element_type=\"widget\" data-e-type=\"widget\" data-widget_type=\"button.default\">\n\t\t\t\t<div class=\"elementor-widget-container\">\n\t\t\t\t\t\t\t\t\t<div class=\"elementor-button-wrapper\">\n\t\t\t\t\t<a class=\"elementor-button elementor-button-link elementor-size-sm\" href=\"https:\/\/polbionica.com\/wp-content\/uploads\/2023\/12\/SDS_TNT02_GELMA_80.pdf\">\n\t\t\t\t\t\t<span class=\"elementor-button-content-wrapper\">\n\t\t\t\t\t\t<span class=\"elementor-button-icon\">\n\t\t\t\t<svg aria-hidden=\"true\" class=\"e-font-icon-svg e-far-file-pdf\" viewBox=\"0 0 384 512\" xmlns=\"http:\/\/www.w3.org\/2000\/svg\"><path d=\"M369.9 97.9L286 14C277 5 264.8-.1 252.1-.1H48C21.5 0 0 21.5 0 48v416c0 26.5 21.5 48 48 48h288c26.5 0 48-21.5 48-48V131.9c0-12.7-5.1-25-14.1-34zM332.1 128H256V51.9l76.1 76.1zM48 464V48h160v104c0 13.3 10.7 24 24 24h104v288H48zm250.2-143.7c-12.2-12-47-8.7-64.4-6.5-17.2-10.5-28.7-25-36.8-46.3 3.9-16.1 10.1-40.6 5.4-56-4.2-26.2-37.8-23.6-42.6-5.9-4.4 16.1-.4 38.5 7 67.1-10 23.9-24.9 56-35.4 74.4-20 10.3-47 26.2-51 46.2-3.3 15.8 26 55.2 76.1-31.2 22.4-7.4 46.8-16.5 68.4-20.1 18.9 10.2 41 17 55.8 17 25.5 0 28-28.2 17.5-38.7zm-198.1 77.8c5.1-13.7 24.5-29.5 30.4-35-19 30.3-30.4 35.7-30.4 35zm81.6-190.6c7.4 0 6.7 32.1 1.8 40.8-4.4-13.9-4.3-40.8-1.8-40.8zm-24.4 136.6c9.7-16.9 18-37 24.7-54.7 8.3 15.1 18.9 27.2 30.1 35.5-20.8 4.3-38.9 13.1-54.8 19.2zm131.6-5s-5 6-37.3-7.8c35.1-2.6 40.9 5.4 37.3 7.8z\"><\/path><\/svg>\t\t\t<\/span>\n\t\t\t\t\t\t\t\t\t<span class=\"elementor-button-text\">SDS<\/span>\n\t\t\t\t\t<\/span>\n\t\t\t\t\t<\/a>\n\t\t\t\t<\/div>\n\t\t\t\t\t\t\t\t<\/div>\n\t\t\t\t<\/div>\n\t\t\t\t\t<\/div>\n\t\t<\/div>\n\t\t\t\t\t<\/div>\n\t\t<\/section>\n\t\t\t\t<\/div>\n\t\t","protected":false},"excerpt":{"rendered":"<p><strong>TintBionic\u00ae GELMA 80<\/strong> jest wariantem metakrylowanej \u017celatyny przeznaczonym do zastosowa\u0144, w kt\u00f3rych istotna jest podwy\u017cszona stabilno\u015b\u0107 konstruktu oraz zachowanie geometrii w procesie wytwarzania i podczas dalszej pracy materia\u0142u. Podstaw\u0119 stanowi farmaceutyczna \u017celatyna wieprzowa o twardo\u015bci 300\u00b0 Bloom z kontrolowanego, certyfikowanego \u017ar\u00f3d\u0142a, co wspiera sp\u00f3jno\u015b\u0107 parametr\u00f3w pomi\u0119dzy seriami.<\/p>\n<p>Materia\u0142 jest przeznaczony do formu\u0142owania hydro\u017celi \u015bwiat\u0142outwardzalnych, w tym konstrukcji o wi\u0119kszej z\u0142o\u017cono\u015bci geometrii, cienkich \u015bciankach lub strukturach kana\u0142owych. Sieciowanie przebiega pod wp\u0142ywem \u015bwiat\u0142a UV\/Vis w obecno\u015bci fotoinicjatora (np. LAP), natomiast charakterystyka ko\u0144cowa hydro\u017celu wynika z kompletnej receptury oraz warunk\u00f3w procesu.<\/p>\n","protected":false},"featured_media":14589,"template":"","meta":{"_acf_changed":false,"inline_featured_image":false},"product_brand":[],"product_cat":[77],"product_tag":[],"class_list":{"0":"post-11170","1":"product","2":"type-product","3":"status-publish","4":"has-post-thumbnail","6":"product_cat-tintbionic","8":"first","9":"instock","10":"shipping-taxable","11":"purchasable","12":"product-type-simple"},"acf":[],"_links":{"self":[{"href":"https:\/\/polbionica.com\/pl\/wp-json\/wp\/v2\/product\/11170","targetHints":{"allow":["GET"]}}],"collection":[{"href":"https:\/\/polbionica.com\/pl\/wp-json\/wp\/v2\/product"}],"about":[{"href":"https:\/\/polbionica.com\/pl\/wp-json\/wp\/v2\/types\/product"}],"version-history":[{"count":19,"href":"https:\/\/polbionica.com\/pl\/wp-json\/wp\/v2\/product\/11170\/revisions"}],"predecessor-version":[{"id":16451,"href":"https:\/\/polbionica.com\/pl\/wp-json\/wp\/v2\/product\/11170\/revisions\/16451"}],"wp:featuredmedia":[{"embeddable":true,"href":"https:\/\/polbionica.com\/pl\/wp-json\/wp\/v2\/media\/14589"}],"wp:attachment":[{"href":"https:\/\/polbionica.com\/pl\/wp-json\/wp\/v2\/media?parent=11170"}],"wp:term":[{"taxonomy":"product_brand","embeddable":true,"href":"https:\/\/polbionica.com\/pl\/wp-json\/wp\/v2\/product_brand?post=11170"},{"taxonomy":"product_cat","embeddable":true,"href":"https:\/\/polbionica.com\/pl\/wp-json\/wp\/v2\/product_cat?post=11170"},{"taxonomy":"product_tag","embeddable":true,"href":"https:\/\/polbionica.com\/pl\/wp-json\/wp\/v2\/product_tag?post=11170"}],"curies":[{"name":"wp","href":"https:\/\/api.w.org\/{rel}","templated":true}]}}