{"id":11151,"date":"2024-05-17T15:05:09","date_gmt":"2024-05-17T15:05:09","guid":{"rendered":"https:\/\/polbionica.esc2.emartsynergia.com\/?post_type=product&#038;p=11151"},"modified":"2026-03-17T11:20:52","modified_gmt":"2026-03-17T11:20:52","slug":"tintbionic-chima","status":"publish","type":"product","link":"https:\/\/polbionica.com\/pl\/produkt\/tintbionic-chima\/","title":{"rendered":"Tintbionic\u00ae CHIMA"},"content":{"rendered":"\t\t<div data-elementor-type=\"wp-post\" data-elementor-id=\"11151\" class=\"elementor elementor-11151\">\n\t\t\t\t\t\t<section class=\"elementor-section elementor-top-section elementor-element elementor-element-a03f56b elementor-section-full_width elementor-section-height-default elementor-section-height-default\" data-id=\"a03f56b\" data-element_type=\"section\" data-e-type=\"section\">\n\t\t\t\t\t\t<div class=\"elementor-container elementor-column-gap-default\">\n\t\t\t\t\t<div class=\"elementor-column elementor-col-50 elementor-top-column elementor-element elementor-element-91c47ee\" data-id=\"91c47ee\" data-element_type=\"column\" data-e-type=\"column\">\n\t\t\t<div class=\"elementor-widget-wrap elementor-element-populated\">\n\t\t\t\t\t\t<div class=\"elementor-element elementor-element-2ba6c6c elementor-widget elementor-widget-text-editor\" data-id=\"2ba6c6c\" data-element_type=\"widget\" data-e-type=\"widget\" data-widget_type=\"text-editor.default\">\n\t\t\t\t<div class=\"elementor-widget-container\">\n\t\t\t\t\t\t\t\t\t<p><strong>Najwa\u017cniejsze cechy<\/strong><\/p><ul><li>Metakrylowany chitozan jako komponent do formulacji biotuszy i hydro\u017celi 3D.<\/li><li>Warianty o r\u00f3\u017cnym stopniu podstawienia umo\u017cliwiaj\u0105ce dob\u00f3r materia\u0142u do procesu i oczekiwanych w\u0142a\u015bciwo\u015bci.<\/li><li>Kontrolowane parametry partii wspieraj\u0105ce sp\u00f3jno\u015b\u0107 i powtarzalno\u015b\u0107 prac rozwojowych.<\/li><li>Przeznaczenie do uk\u0142ad\u00f3w wielosk\u0142adnikowych, w kt\u00f3rych chitozan pe\u0142ni rol\u0119 komponentu funkcjonalnego.<\/li><\/ul><p><strong>Zastosowania<\/strong><\/p><ul><li>Mieszaniny hydro\u017celi i biotuszy 3D, w kt\u00f3rych chitozan jest komponentem kszta\u0142tuj\u0105cym w\u0142a\u015bciwo\u015bci materia\u0142u.<\/li><li>Projekty wymagaj\u0105ce doboru stopnia podstawienia jako parametru projektowego.<\/li><li>Konstrukty 3D i modele in vitro, w kt\u00f3rych po\u017c\u0105dany jest udzia\u0142 chitozanu w mikro\u015brodowisku.<\/li><\/ul>\t\t\t\t\t\t\t\t<\/div>\n\t\t\t\t<\/div>\n\t\t\t\t\t<\/div>\n\t\t<\/div>\n\t\t\t\t<div class=\"elementor-column elementor-col-50 elementor-top-column elementor-element elementor-element-03fa0f1\" data-id=\"03fa0f1\" data-element_type=\"column\" data-e-type=\"column\">\n\t\t\t<div class=\"elementor-widget-wrap elementor-element-populated\">\n\t\t\t\t\t\t<div class=\"elementor-element elementor-element-87663a3 elementor-widget elementor-widget-text-editor\" data-id=\"87663a3\" data-element_type=\"widget\" data-e-type=\"widget\" data-widget_type=\"text-editor.default\">\n\t\t\t\t<div class=\"elementor-widget-container\">\n\t\t\t\t\t\t\t\t\t<p><strong>Do pobrania:<\/strong><\/p>\t\t\t\t\t\t\t\t<\/div>\n\t\t\t\t<\/div>\n\t\t\t\t<div class=\"elementor-element elementor-element-5695435 elementor-widget elementor-widget-button\" data-id=\"5695435\" data-element_type=\"widget\" data-e-type=\"widget\" data-widget_type=\"button.default\">\n\t\t\t\t<div class=\"elementor-widget-container\">\n\t\t\t\t\t\t\t\t\t<div class=\"elementor-button-wrapper\">\n\t\t\t\t\t<a class=\"elementor-button elementor-button-link elementor-size-sm\" href=\"https:\/\/polbionica.com\/wp-content\/uploads\/2023\/12\/SDS_TNT04_CHIMA.pdf\">\n\t\t\t\t\t\t<span class=\"elementor-button-content-wrapper\">\n\t\t\t\t\t\t<span class=\"elementor-button-icon\">\n\t\t\t\t<svg aria-hidden=\"true\" class=\"e-font-icon-svg e-far-file-pdf\" viewBox=\"0 0 384 512\" xmlns=\"http:\/\/www.w3.org\/2000\/svg\"><path d=\"M369.9 97.9L286 14C277 5 264.8-.1 252.1-.1H48C21.5 0 0 21.5 0 48v416c0 26.5 21.5 48 48 48h288c26.5 0 48-21.5 48-48V131.9c0-12.7-5.1-25-14.1-34zM332.1 128H256V51.9l76.1 76.1zM48 464V48h160v104c0 13.3 10.7 24 24 24h104v288H48zm250.2-143.7c-12.2-12-47-8.7-64.4-6.5-17.2-10.5-28.7-25-36.8-46.3 3.9-16.1 10.1-40.6 5.4-56-4.2-26.2-37.8-23.6-42.6-5.9-4.4 16.1-.4 38.5 7 67.1-10 23.9-24.9 56-35.4 74.4-20 10.3-47 26.2-51 46.2-3.3 15.8 26 55.2 76.1-31.2 22.4-7.4 46.8-16.5 68.4-20.1 18.9 10.2 41 17 55.8 17 25.5 0 28-28.2 17.5-38.7zm-198.1 77.8c5.1-13.7 24.5-29.5 30.4-35-19 30.3-30.4 35.7-30.4 35zm81.6-190.6c7.4 0 6.7 32.1 1.8 40.8-4.4-13.9-4.3-40.8-1.8-40.8zm-24.4 136.6c9.7-16.9 18-37 24.7-54.7 8.3 15.1 18.9 27.2 30.1 35.5-20.8 4.3-38.9 13.1-54.8 19.2zm131.6-5s-5 6-37.3-7.8c35.1-2.6 40.9 5.4 37.3 7.8z\"><\/path><\/svg>\t\t\t<\/span>\n\t\t\t\t\t\t\t\t\t<span class=\"elementor-button-text\">SDS<\/span>\n\t\t\t\t\t<\/span>\n\t\t\t\t\t<\/a>\n\t\t\t\t<\/div>\n\t\t\t\t\t\t\t\t<\/div>\n\t\t\t\t<\/div>\n\t\t\t\t\t<\/div>\n\t\t<\/div>\n\t\t\t\t\t<\/div>\n\t\t<\/section>\n\t\t\t\t<\/div>\n\t\t","protected":false},"excerpt":{"rendered":"<p><strong>TintBionic\u00ae CHIMA<\/strong> jest metakrylowan\u0105 pochodn\u0105 chitozanu przeznaczon\u0105 do zastosowa\u0144 w biodruku 3D i projektowaniu hydro\u017celi wielosk\u0142adnikowych. Chitozan stanowi funkcjonalny sk\u0142adnik polisacharydowy, kt\u00f3ry pozwala kszta\u0142towa\u0107 w\u0142a\u015bciwo\u015bci formulacji oraz charakter \u015brodowiska 3D.<\/p>\n<p>Materia\u0142 jest dost\u0119pny w wariantach o r\u00f3\u017cnym stopniu podstawienia, co umo\u017cliwia dob\u00f3r do wymaga\u0144 procesu i docelowego profilu hydro\u017celu. Kontrolowane parametry partii wspieraj\u0105 powtarzalno\u015b\u0107 formulacji oraz por\u00f3wnywalno\u015b\u0107 wynik\u00f3w w pracach badawczo-rozwojowych. Sieciowanie przebiega pod wp\u0142ywem UV\/Vis w obecno\u015bci fotoinicjatora (np. LAP) w zale\u017cno\u015bci od kompletnej receptury.<\/p>\n","protected":false},"featured_media":14585,"template":"","meta":{"_acf_changed":false,"inline_featured_image":false},"product_brand":[],"product_cat":[77],"product_tag":[],"class_list":{"0":"post-11151","1":"product","2":"type-product","3":"status-publish","4":"has-post-thumbnail","6":"product_cat-tintbionic","8":"first","9":"instock","10":"shipping-taxable","11":"purchasable","12":"product-type-simple"},"acf":[],"_links":{"self":[{"href":"https:\/\/polbionica.com\/pl\/wp-json\/wp\/v2\/product\/11151","targetHints":{"allow":["GET"]}}],"collection":[{"href":"https:\/\/polbionica.com\/pl\/wp-json\/wp\/v2\/product"}],"about":[{"href":"https:\/\/polbionica.com\/pl\/wp-json\/wp\/v2\/types\/product"}],"version-history":[{"count":17,"href":"https:\/\/polbionica.com\/pl\/wp-json\/wp\/v2\/product\/11151\/revisions"}],"predecessor-version":[{"id":16497,"href":"https:\/\/polbionica.com\/pl\/wp-json\/wp\/v2\/product\/11151\/revisions\/16497"}],"wp:featuredmedia":[{"embeddable":true,"href":"https:\/\/polbionica.com\/pl\/wp-json\/wp\/v2\/media\/14585"}],"wp:attachment":[{"href":"https:\/\/polbionica.com\/pl\/wp-json\/wp\/v2\/media?parent=11151"}],"wp:term":[{"taxonomy":"product_brand","embeddable":true,"href":"https:\/\/polbionica.com\/pl\/wp-json\/wp\/v2\/product_brand?post=11151"},{"taxonomy":"product_cat","embeddable":true,"href":"https:\/\/polbionica.com\/pl\/wp-json\/wp\/v2\/product_cat?post=11151"},{"taxonomy":"product_tag","embeddable":true,"href":"https:\/\/polbionica.com\/pl\/wp-json\/wp\/v2\/product_tag?post=11151"}],"curies":[{"name":"wp","href":"https:\/\/api.w.org\/{rel}","templated":true}]}}