{"id":11005,"date":"2024-05-17T09:55:35","date_gmt":"2024-05-17T09:55:35","guid":{"rendered":"https:\/\/polbionica.esc2.emartsynergia.com\/?post_type=product&#038;p=11005"},"modified":"2026-03-17T10:43:35","modified_gmt":"2026-03-17T10:43:35","slug":"wydruk-scaffold","status":"publish","type":"product","link":"https:\/\/polbionica.com\/pl\/produkt\/wydruk-scaffold\/","title":{"rendered":"Biodruk 3D rusztowa\u0144 kom\u00f3rkowych (scaffold\u00f3w)"},"content":{"rendered":"\t\t<div data-elementor-type=\"wp-post\" data-elementor-id=\"11005\" class=\"elementor elementor-11005\">\n\t\t\t\t\t\t<section class=\"elementor-section elementor-top-section elementor-element elementor-element-a03f56b elementor-section-full_width elementor-section-height-default elementor-section-height-default\" data-id=\"a03f56b\" data-element_type=\"section\" data-e-type=\"section\">\n\t\t\t\t\t\t<div class=\"elementor-container elementor-column-gap-default\">\n\t\t\t\t\t<div class=\"elementor-column elementor-col-50 elementor-top-column elementor-element elementor-element-91c47ee\" data-id=\"91c47ee\" data-element_type=\"column\" data-e-type=\"column\">\n\t\t\t<div class=\"elementor-widget-wrap elementor-element-populated\">\n\t\t\t\t\t\t<div class=\"elementor-element elementor-element-2ba6c6c elementor-widget elementor-widget-text-editor\" data-id=\"2ba6c6c\" data-element_type=\"widget\" data-e-type=\"widget\" data-widget_type=\"text-editor.default\">\n\t\t\t\t<div class=\"elementor-widget-container\">\n\t\t\t\t\t\t\t\t\t<h5><span style=\"color: #00a2b5;\">Co oferujemy?<\/span><\/h5><ul><li>personalizowany biodruk rusztowa\u0144 3D dopasowany do za\u0142o\u017ce\u0144 projektu,<\/li><li>scaffoldy gotowe do zasiedlenia wybranymi typami kom\u00f3rek,<\/li><li>precyzyjne odwzorowanie geometrii, porowato\u015bci oraz parametr\u00f3w mechanicznych (np. sztywno\u015bci),<\/li><li>mo\u017cliwo\u015b\u0107 pracy z szerok\u0105 gam\u0105 biomateria\u0142\u00f3w i biotuszy<span class=\"Apple-converted-space\">\u00a0<\/span><\/li><\/ul><p>Dzi\u0119ki naszemu do\u015bwiadczeniu w projektowaniu modeli tkankowych zapewniamy wysok\u0105 jako\u015b\u0107, powtarzalno\u015b\u0107 oraz pe\u0142ne dopasowanie do indywidualnych potrzeb klient\u00f3w.<\/p><p>\u00a0<\/p><p>\u00a0<\/p><p>Chcesz dowiedzie\u0107 wi\u0119cej, skontaktuj si\u0119 z nami: <a href=\"mailto:sale@polbionica.com\">sale@polbionica.com<\/a><\/p>\t\t\t\t\t\t\t\t<\/div>\n\t\t\t\t<\/div>\n\t\t\t\t\t<\/div>\n\t\t<\/div>\n\t\t\t\t<div class=\"elementor-column elementor-col-50 elementor-top-column elementor-element elementor-element-03fa0f1\" data-id=\"03fa0f1\" data-element_type=\"column\" data-e-type=\"column\">\n\t\t\t<div class=\"elementor-widget-wrap elementor-element-populated\">\n\t\t\t\t\t\t<div class=\"elementor-element elementor-element-a1bae8e elementor-widget elementor-widget-marity_core_single_image\" data-id=\"a1bae8e\" data-element_type=\"widget\" data-e-type=\"widget\" data-widget_type=\"marity_core_single_image.default\">\n\t\t\t\t<div class=\"elementor-widget-container\">\n\t\t\t\t\t<div class=\"qodef-shortcode qodef-m  qodef-single-image qodef-layout--default    \" style=\"--qodef--morph-shape-position-x: 0%;--qodef--morph-shape-scale-x: 0\">\n\t<\/div>\n\t\t\t\t<\/div>\n\t\t\t\t<\/div>\n\t\t\t\t\t<\/div>\n\t\t<\/div>\n\t\t\t\t\t<\/div>\n\t\t<\/section>\n\t\t\t\t<\/div>\n\t\t","protected":false},"excerpt":{"rendered":"<p>Oferujemy us\u0142ug\u0119 projektowania i biodruku 3D rusztowa\u0144 biomedycznych (scaffold\u00f3w), wspieraj\u0105cych badania naukowe oraz projekty przedkliniczne.<\/p>\n<p>Scaffoldy stanowi\u0105 tr\u00f3jwymiarowe struktury zapewniaj\u0105ce odpowiednie mikro\u015brodowisko do zasiedlania i wzrostu kom\u00f3rek, umo\u017cliwiaj\u0105c tworzenie biologicznie wiarygodnych modeli tkankowych.<\/p>\n","protected":false},"featured_media":11006,"template":"","meta":{"_acf_changed":false,"inline_featured_image":false},"product_brand":[],"product_cat":[76],"product_tag":[],"class_list":{"0":"post-11005","1":"product","2":"type-product","3":"status-publish","4":"has-post-thumbnail","6":"product_cat-uslugi","8":"first","9":"instock","10":"shipping-taxable","11":"product-type-simple"},"acf":[],"_links":{"self":[{"href":"https:\/\/polbionica.com\/pl\/wp-json\/wp\/v2\/product\/11005","targetHints":{"allow":["GET"]}}],"collection":[{"href":"https:\/\/polbionica.com\/pl\/wp-json\/wp\/v2\/product"}],"about":[{"href":"https:\/\/polbionica.com\/pl\/wp-json\/wp\/v2\/types\/product"}],"version-history":[{"count":25,"href":"https:\/\/polbionica.com\/pl\/wp-json\/wp\/v2\/product\/11005\/revisions"}],"predecessor-version":[{"id":16381,"href":"https:\/\/polbionica.com\/pl\/wp-json\/wp\/v2\/product\/11005\/revisions\/16381"}],"wp:featuredmedia":[{"embeddable":true,"href":"https:\/\/polbionica.com\/pl\/wp-json\/wp\/v2\/media\/11006"}],"wp:attachment":[{"href":"https:\/\/polbionica.com\/pl\/wp-json\/wp\/v2\/media?parent=11005"}],"wp:term":[{"taxonomy":"product_brand","embeddable":true,"href":"https:\/\/polbionica.com\/pl\/wp-json\/wp\/v2\/product_brand?post=11005"},{"taxonomy":"product_cat","embeddable":true,"href":"https:\/\/polbionica.com\/pl\/wp-json\/wp\/v2\/product_cat?post=11005"},{"taxonomy":"product_tag","embeddable":true,"href":"https:\/\/polbionica.com\/pl\/wp-json\/wp\/v2\/product_tag?post=11005"}],"curies":[{"name":"wp","href":"https:\/\/api.w.org\/{rel}","templated":true}]}}