{"id":10996,"date":"2024-05-17T09:50:36","date_gmt":"2024-05-17T09:50:36","guid":{"rendered":"https:\/\/polbionica.esc2.emartsynergia.com\/?post_type=product&#038;p=10996"},"modified":"2026-03-17T10:58:04","modified_gmt":"2026-03-17T10:58:04","slug":"konsultacje-biodruku-3d","status":"publish","type":"product","link":"https:\/\/polbionica.com\/pl\/produkt\/konsultacje-biodruku-3d\/","title":{"rendered":"Konsultacje w zakresie biodruku 3D"},"content":{"rendered":"\t\t<div data-elementor-type=\"wp-post\" data-elementor-id=\"10996\" class=\"elementor elementor-10996\">\n\t\t\t\t\t\t<section class=\"elementor-section elementor-top-section elementor-element elementor-element-a03f56b elementor-section-full_width elementor-section-height-default elementor-section-height-default\" data-id=\"a03f56b\" data-element_type=\"section\" data-e-type=\"section\">\n\t\t\t\t\t\t<div class=\"elementor-container elementor-column-gap-default\">\n\t\t\t\t\t<div class=\"elementor-column elementor-col-50 elementor-top-column elementor-element elementor-element-91c47ee\" data-id=\"91c47ee\" data-element_type=\"column\" data-e-type=\"column\">\n\t\t\t<div class=\"elementor-widget-wrap elementor-element-populated\">\n\t\t\t\t\t\t<div class=\"elementor-element elementor-element-2ba6c6c elementor-widget elementor-widget-text-editor\" data-id=\"2ba6c6c\" data-element_type=\"widget\" data-e-type=\"widget\" data-widget_type=\"text-editor.default\">\n\t\t\t\t<div class=\"elementor-widget-container\">\n\t\t\t\t\t\t\t\t\t<h5><span style=\"color: #00a2b5;\">W ramach konsultacji oferujemy:<\/span><\/h5><ul><li>dob\u00f3r odpowiedniej technologii biodruku oraz biotuszy do planowanych zastosowa\u0144 badawczych lub komercyjnych,<\/li><li>wsparcie w zakresie przygotowania kom\u00f3rek i biomateria\u0142\u00f3w, projektowania modeli 3D oraz generowania plik\u00f3w i kod\u00f3w do druku,<\/li><li>optymalizacj\u0119 parametr\u00f3w druku (m.in. pod k\u0105tem \u017cywotno\u015bci kom\u00f3rek, w\u0142a\u015bciwo\u015bci mechanicznych czy architektury por\u00f3w),<\/li><li>doradztwo przy wdra\u017caniu i konfiguracji system\u00f3w biodruku 3D w laboratorium.<\/li><\/ul><p>Nasz zesp\u00f3\u0142 naukowy i in\u017cynierski \u015bci\u015ble wsp\u00f3\u0142pracuje, aby zapewni\u0107 skuteczne planowanie, realizacj\u0119 i rozw\u00f3j projekt\u00f3w w obszarze biodruku 3D \u2013 niezale\u017cnie od ich skali i stopnia zaawansowania.<\/p><p>\u00a0<\/p><p>\u00a0<\/p><p>Chcesz dowiedzie\u0107 wi\u0119cej, skontaktuj si\u0119 z nami: <a href=\"mailto:sale@polbionica.com\">sale@polbionica.com<\/a><\/p>\t\t\t\t\t\t\t\t<\/div>\n\t\t\t\t<\/div>\n\t\t\t\t\t<\/div>\n\t\t<\/div>\n\t\t\t\t<div class=\"elementor-column elementor-col-50 elementor-top-column elementor-element elementor-element-03fa0f1\" data-id=\"03fa0f1\" data-element_type=\"column\" data-e-type=\"column\">\n\t\t\t<div class=\"elementor-widget-wrap elementor-element-populated\">\n\t\t\t\t\t\t<div class=\"elementor-element elementor-element-a1bae8e elementor-widget elementor-widget-marity_core_single_image\" data-id=\"a1bae8e\" data-element_type=\"widget\" data-e-type=\"widget\" data-widget_type=\"marity_core_single_image.default\">\n\t\t\t\t<div class=\"elementor-widget-container\">\n\t\t\t\t\t<div class=\"qodef-shortcode qodef-m  qodef-single-image qodef-layout--default    \" style=\"--qodef--morph-shape-position-x: 0%;--qodef--morph-shape-scale-x: 0\">\n\t<\/div>\n\t\t\t\t<\/div>\n\t\t\t\t<\/div>\n\t\t\t\t\t<\/div>\n\t\t<\/div>\n\t\t\t\t\t<\/div>\n\t\t<\/section>\n\t\t\t\t<\/div>\n\t\t","protected":false},"excerpt":{"rendered":"<p>Biodruk 3D z wykorzystaniem biotuszy i \u017cywych kom\u00f3rek to dynamicznie rozwijaj\u0105ca si\u0119 dziedzina na styku biologii, medycyny i in\u017cynierii biomateria\u0142\u00f3w. Cho\u0107 technologia ta oferuje ogromny potencja\u0142, jej skuteczne wdro\u017cenie wymaga specjalistycznej wiedzy i do\u015bwiadczenia.<\/p>\n<p>Jako zesp\u00f3\u0142 praktyk\u00f3w biodruku 3D zapewniamy kompleksowe wsparcie merytoryczne i techniczne na ka\u017cdym etapie realizacji projektu \u2013 od koncepcji po optymalizacj\u0119 procesu.<\/p>\n","protected":false},"featured_media":10997,"template":"","meta":{"_acf_changed":false,"inline_featured_image":false},"product_brand":[],"product_cat":[76],"product_tag":[],"class_list":{"0":"post-10996","1":"product","2":"type-product","3":"status-publish","4":"has-post-thumbnail","6":"product_cat-uslugi","8":"first","9":"instock","10":"shipping-taxable","11":"product-type-simple"},"acf":[],"_links":{"self":[{"href":"https:\/\/polbionica.com\/pl\/wp-json\/wp\/v2\/product\/10996","targetHints":{"allow":["GET"]}}],"collection":[{"href":"https:\/\/polbionica.com\/pl\/wp-json\/wp\/v2\/product"}],"about":[{"href":"https:\/\/polbionica.com\/pl\/wp-json\/wp\/v2\/types\/product"}],"version-history":[{"count":18,"href":"https:\/\/polbionica.com\/pl\/wp-json\/wp\/v2\/product\/10996\/revisions"}],"predecessor-version":[{"id":16415,"href":"https:\/\/polbionica.com\/pl\/wp-json\/wp\/v2\/product\/10996\/revisions\/16415"}],"wp:featuredmedia":[{"embeddable":true,"href":"https:\/\/polbionica.com\/pl\/wp-json\/wp\/v2\/media\/10997"}],"wp:attachment":[{"href":"https:\/\/polbionica.com\/pl\/wp-json\/wp\/v2\/media?parent=10996"}],"wp:term":[{"taxonomy":"product_brand","embeddable":true,"href":"https:\/\/polbionica.com\/pl\/wp-json\/wp\/v2\/product_brand?post=10996"},{"taxonomy":"product_cat","embeddable":true,"href":"https:\/\/polbionica.com\/pl\/wp-json\/wp\/v2\/product_cat?post=10996"},{"taxonomy":"product_tag","embeddable":true,"href":"https:\/\/polbionica.com\/pl\/wp-json\/wp\/v2\/product_tag?post=10996"}],"curies":[{"name":"wp","href":"https:\/\/api.w.org\/{rel}","templated":true}]}}