{"id":5292,"date":"2022-11-10T13:09:35","date_gmt":"2022-11-10T13:09:35","guid":{"rendered":"https:\/\/marity.qodeinteractive.com\/?page_id=5292"},"modified":"2026-03-13T10:48:16","modified_gmt":"2026-03-13T10:48:16","slug":"kontakt","status":"publish","type":"page","link":"https:\/\/polbionica.com\/pl\/kontakt\/","title":{"rendered":"Kontakt"},"content":{"rendered":"\t\t<div data-elementor-type=\"wp-page\" data-elementor-id=\"5292\" class=\"elementor elementor-5292\">\n\t\t\t\t\t\t<section class=\"elementor-section elementor-top-section elementor-element elementor-element-ca31306 elementor-section-full_width elementor-reverse-tablet elementor-reverse-mobile elementor-section-height-default elementor-section-height-default\" data-id=\"ca31306\" data-element_type=\"section\" data-e-type=\"section\">\n\t\t\t\t\t\t<div class=\"elementor-container elementor-column-gap-no\">\n\t\t\t\t\t<div class=\"elementor-column elementor-col-100 elementor-top-column elementor-element elementor-element-58cf19d\" data-id=\"58cf19d\" data-element_type=\"column\" data-e-type=\"column\">\n\t\t\t<div class=\"elementor-widget-wrap elementor-element-populated\">\n\t\t\t\t\t\t<div class=\"elementor-element elementor-element-2ff5201 elementor-widget elementor-widget-heading\" data-id=\"2ff5201\" data-element_type=\"widget\" data-e-type=\"widget\" data-widget_type=\"heading.default\">\n\t\t\t\t<div class=\"elementor-widget-container\">\n\t\t\t\t\t<h2 class=\"elementor-heading-title elementor-size-default\">Kontakt<\/h2>\t\t\t\t<\/div>\n\t\t\t\t<\/div>\n\t\t\t\t\t<\/div>\n\t\t<\/div>\n\t\t\t\t\t<\/div>\n\t\t<\/section>\n\t\t\t\t<section class=\"elementor-section elementor-top-section elementor-element elementor-element-4a56c90 elementor-section-full_width elementor-section-height-default elementor-section-height-default\" data-id=\"4a56c90\" data-element_type=\"section\" data-e-type=\"section\" data-settings=\"{&quot;background_background&quot;:&quot;classic&quot;}\">\n\t\t\t\t\t\t<div class=\"elementor-container elementor-column-gap-no\">\n\t\t\t\t\t<div class=\"elementor-column elementor-col-33 elementor-top-column elementor-element elementor-element-1d8626b\" data-id=\"1d8626b\" data-element_type=\"column\" data-e-type=\"column\" data-settings=\"{&quot;background_background&quot;:&quot;classic&quot;}\">\n\t\t\t<div class=\"elementor-widget-wrap elementor-element-populated\">\n\t\t\t\t\t\t<div class=\"elementor-element elementor-element-6656a38 elementor-widget elementor-widget-marity_core_info_location\" data-id=\"6656a38\" data-element_type=\"widget\" data-e-type=\"widget\" data-widget_type=\"marity_core_info_location.default\">\n\t\t\t\t<div class=\"elementor-widget-container\">\n\t\t\t\t\t<div class=\"qodef-shortcode qodef-m  qodef-info-location qodef-layout--background-text qodef-disable-padding-box--no \">\n\t<div class=\"qodef-m-info\">\n\t\t\t<h5 class=\"qodef-m-title\" >\n\t\tZadzwo\u0144\t<\/h5>\n\t\t\t<a class=\"qodef-m-text\" itemprop=\"url\" href=\"tel:+48518785622\" target=\"_blank\" >\n        +48 518 785 622\n<br>\n<br>\n<br>\n<br>\n<br>\n<br>\n<br>\n<br>    <\/a>\n        <a itemprop=\"url\" href=\"\" class=\"qodef-m-location-link\" target=\"_blank\" >\n    &nbsp;<\/a>\n\n\t<\/div>\n<\/div>\n\t\t\t\t<\/div>\n\t\t\t\t<\/div>\n\t\t\t\t\t<\/div>\n\t\t<\/div>\n\t\t\t\t<div class=\"elementor-column elementor-col-33 elementor-top-column elementor-element elementor-element-eefa600\" data-id=\"eefa600\" data-element_type=\"column\" data-e-type=\"column\">\n\t\t\t<div class=\"elementor-widget-wrap elementor-element-populated\">\n\t\t\t\t\t\t<div class=\"elementor-element elementor-element-89eede9 elementor-widget elementor-widget-marity_core_info_location\" data-id=\"89eede9\" data-element_type=\"widget\" data-e-type=\"widget\" data-widget_type=\"marity_core_info_location.default\">\n\t\t\t\t<div class=\"elementor-widget-container\">\n\t\t\t\t\t<div class=\"qodef-shortcode qodef-m  qodef-info-location qodef-layout--background-text qodef-disable-padding-box--no \">\n\t<div class=\"qodef-m-info\">\n\t\t\t<h5 class=\"qodef-m-title\" >\n\t\tNapisz do nas\t<\/h5>\n\t\t\t<a class=\"qodef-m-text\" itemprop=\"url\" href=\"mailto:kontakt@polbionica.com\" target=\"_blank\" >\n        kontakt@polbionica.com\n<br>\n<br>\n<br>\n<br>\n<br>\n<br>\n<br><br \/>    <\/a>\n        <a itemprop=\"url\" href=\"\" class=\"qodef-m-location-link\" target=\"_blank\" >\n    &nbsp;<\/a>\n\n\t<\/div>\n<\/div>\n\t\t\t\t<\/div>\n\t\t\t\t<\/div>\n\t\t\t\t\t<\/div>\n\t\t<\/div>\n\t\t\t\t<div class=\"elementor-column elementor-col-33 elementor-top-column elementor-element elementor-element-109918d\" data-id=\"109918d\" data-element_type=\"column\" data-e-type=\"column\">\n\t\t\t<div class=\"elementor-widget-wrap elementor-element-populated\">\n\t\t\t\t\t\t<div class=\"elementor-element elementor-element-8b23d87 elementor-widget elementor-widget-marity_core_info_location\" data-id=\"8b23d87\" data-element_type=\"widget\" data-e-type=\"widget\" data-widget_type=\"marity_core_info_location.default\">\n\t\t\t\t<div class=\"elementor-widget-container\">\n\t\t\t\t\t<div class=\"qodef-shortcode qodef-m  qodef-info-location qodef-layout--background-text qodef-disable-padding-box--no \">\n\t<div class=\"qodef-m-info\">\n\t\t\t<h5 class=\"qodef-m-title\" >\n\t\tTu jeste\u015bmy\t<\/h5>\n\t\t\t<a class=\"qodef-m-text\" itemprop=\"url\" href=\"https:\/\/www.google.com\/maps\/place\/Park+Technologii+Kosmicznych+-+Bada%C5%84,+Rozwoju+i+Innowacji+Sp.+z+o.o.\/@51.9286989,15.6113137,17z\/data=!3m1!4b1!4m6!3m5!1s0x47060d5d77ffc07f:0xe5825b700ff7f91e!8m2!3d51.9286989!4d15.6113137!16s%2Fg%2F11wg44v5r4?authuser=0&#038;hl=pl&#038;entry=ttu&#038;g_ep=EgoyMDI1MDgxOC4wIKXMDSoASAFQAw%3D%3D\" target=\"_blank\" >\n        <br>Siedziba firmy: \n<br>ul. Nowy<br \/> Kisielin \u2013 A. Wysockiego 1,\n<br>66-002 Zielona G\u00f3ra\n<br>\n<br>Nasze Biuro i Laboratorium:\n<br>al. Prymasa Tysi\u0105clecia 79A,            \n<br>01-242 Warszawa\n<br>                                                                                                                                                                                                                                                                                               <\/a>\n        <a itemprop=\"url\" href=\"\" class=\"qodef-m-location-link\" target=\"_blank\" >\n    <\/a>\n\n\t<\/div>\n<\/div>\n\t\t\t\t<\/div>\n\t\t\t\t<\/div>\n\t\t\t\t\t<\/div>\n\t\t<\/div>\n\t\t\t\t\t<\/div>\n\t\t<\/section>\n\t\t\t\t<section class=\"elementor-section elementor-top-section elementor-element elementor-element-0630056 elementor-section-full_width elementor-section-height-default elementor-section-height-default\" data-id=\"0630056\" data-element_type=\"section\" data-e-type=\"section\" data-settings=\"{&quot;background_background&quot;:&quot;classic&quot;}\">\n\t\t\t\t\t\t<div class=\"elementor-container elementor-column-gap-no\">\n\t\t\t\t\t<div class=\"elementor-column elementor-col-50 elementor-top-column elementor-element elementor-element-8eb4ffb\" data-id=\"8eb4ffb\" data-element_type=\"column\" data-e-type=\"column\">\n\t\t\t<div class=\"elementor-widget-wrap elementor-element-populated\">\n\t\t\t\t\t\t<div class=\"elementor-element elementor-element-a298685 elementor-widget elementor-widget-marity_core_info_location\" data-id=\"a298685\" data-element_type=\"widget\" data-e-type=\"widget\" data-widget_type=\"marity_core_info_location.default\">\n\t\t\t\t<div class=\"elementor-widget-container\">\n\t\t\t\t\t<div class=\"qodef-shortcode qodef-m  qodef-info-location qodef-layout--background-text qodef-disable-padding-box--no \">\n\t<div class=\"qodef-m-info\">\n\t\t\t<h5 class=\"qodef-m-title\" >\n\t\tPost\u0119powania przetargowe\t<\/h5>\n\t\t        <a itemprop=\"url\" href=\"mailto:agata.makuch@polbionica.com\" class=\"qodef-m-location-link\" target=\"_blank\" >\n    maciej.twarogowski@polbionica.com<\/a>\n\n\t<\/div>\n<\/div>\n\t\t\t\t<\/div>\n\t\t\t\t<\/div>\n\t\t\t\t\t<\/div>\n\t\t<\/div>\n\t\t\t\t<div class=\"elementor-column elementor-col-50 elementor-top-column elementor-element elementor-element-ee5e118\" data-id=\"ee5e118\" data-element_type=\"column\" data-e-type=\"column\">\n\t\t\t<div class=\"elementor-widget-wrap elementor-element-populated\">\n\t\t\t\t\t\t<div class=\"elementor-element elementor-element-c655791 elementor-widget elementor-widget-marity_core_info_location\" data-id=\"c655791\" data-element_type=\"widget\" data-e-type=\"widget\" data-widget_type=\"marity_core_info_location.default\">\n\t\t\t\t<div class=\"elementor-widget-container\">\n\t\t\t\t\t<div class=\"qodef-shortcode qodef-m  qodef-info-location qodef-layout--background-text qodef-disable-padding-box--no \">\n\t<div class=\"qodef-m-info\">\n\t\t\t<h5 class=\"qodef-m-title\" >\n\t\tZg\u0142oszenia serwisowe\t<\/h5>\n\t\t        <a itemprop=\"url\" href=\"mailto:shop@polbionica.com\" class=\"qodef-m-location-link\" target=\"_blank\" >\n    shop@polbionica.com<\/a>\n\n\t<\/div>\n<\/div>\n\t\t\t\t<\/div>\n\t\t\t\t<\/div>\n\t\t\t\t\t<\/div>\n\t\t<\/div>\n\t\t\t\t\t<\/div>\n\t\t<\/section>\n\t\t\t\t<section class=\"elementor-section elementor-top-section elementor-element elementor-element-02d4980 elementor-section-full_width elementor-section-height-default elementor-section-height-default\" data-id=\"02d4980\" data-element_type=\"section\" data-e-type=\"section\">\n\t\t\t\t\t\t<div class=\"elementor-container elementor-column-gap-no\">\n\t\t\t\t\t<div class=\"elementor-column elementor-col-100 elementor-top-column elementor-element elementor-element-8d15861\" data-id=\"8d15861\" data-element_type=\"column\" data-e-type=\"column\">\n\t\t\t<div class=\"elementor-widget-wrap elementor-element-populated\">\n\t\t\t\t\t\t<section class=\"elementor-section elementor-inner-section elementor-element elementor-element-10f0c3c elementor-section-full_width elementor-section-height-default elementor-section-height-default\" data-id=\"10f0c3c\" data-element_type=\"section\" data-e-type=\"section\">\n\t\t\t\t\t\t<div class=\"elementor-container elementor-column-gap-no\">\n\t\t\t\t\t<div class=\"elementor-column elementor-col-100 elementor-inner-column elementor-element elementor-element-713f4f9\" data-id=\"713f4f9\" data-element_type=\"column\" data-e-type=\"column\">\n\t\t\t<div class=\"elementor-widget-wrap elementor-element-populated\">\n\t\t\t\t\t\t<div class=\"elementor-element elementor-element-51435eb elementor-widget elementor-widget-google_maps\" data-id=\"51435eb\" data-element_type=\"widget\" data-e-type=\"widget\" data-widget_type=\"google_maps.default\">\n\t\t\t\t<div class=\"elementor-widget-container\">\n\t\t\t\t\t\t\t<div class=\"elementor-custom-embed\">\n\t\t\t<iframe loading=\"lazy\"\n\t\t\t\t\tsrc=\"https:\/\/maps.google.com\/maps?q=Aleja%20Prymasa%20Tysi%C4%85clecia%2079%20A%2001-242%20Warszawa%20Wola&#038;t=m&#038;z=14&#038;output=embed&#038;iwloc=near\"\n\t\t\t\t\ttitle=\"Aleja Prymasa Tysi\u0105clecia 79 A 01-242 Warszawa Wola\"\n\t\t\t\t\taria-label=\"Aleja Prymasa Tysi\u0105clecia 79 A 01-242 Warszawa Wola\"\n\t\t\t><\/iframe>\n\t\t<\/div>\n\t\t\t\t\t\t<\/div>\n\t\t\t\t<\/div>\n\t\t\t\t\t<\/div>\n\t\t<\/div>\n\t\t\t\t\t<\/div>\n\t\t<\/section>\n\t\t\t\t\t<\/div>\n\t\t<\/div>\n\t\t\t\t\t<\/div>\n\t\t<\/section>\n\t\t<div class=\"elementor-element elementor-element-de86abe e-flex e-con-boxed e-con e-parent\" data-id=\"de86abe\" data-element_type=\"container\" data-e-type=\"container\">\n\t\t\t\t\t<div class=\"e-con-inner\">\n\t\t\t\t<div class=\"elementor-element elementor-element-581f724 elementor-widget elementor-widget-heading\" data-id=\"581f724\" data-element_type=\"widget\" data-e-type=\"widget\" data-widget_type=\"heading.default\">\n\t\t\t\t<div class=\"elementor-widget-container\">\n\t\t\t\t\t<h2 class=\"elementor-heading-title elementor-size-default\">Dane Rejestrowe<\/h2>\t\t\t\t<\/div>\n\t\t\t\t<\/div>\n\t\t\t\t\t<\/div>\n\t\t\t\t<\/div>\n\t\t<div class=\"elementor-element elementor-element-4d2af19 e-flex e-con-boxed e-con e-parent\" data-id=\"4d2af19\" data-element_type=\"container\" data-e-type=\"container\">\n\t\t\t\t\t<div class=\"e-con-inner\">\n\t\t\t\t<div class=\"elementor-element elementor-element-3f48ed3 elementor-widget elementor-widget-text-editor\" data-id=\"3f48ed3\" data-element_type=\"widget\" data-e-type=\"widget\" data-widget_type=\"text-editor.default\">\n\t\t\t\t<div class=\"elementor-widget-container\">\n\t\t\t\t\t\t\t\t\t<p>Polbionica Sp\u00f3\u0142ka Akcyjna z siedzib\u0105 w Zielonej G\u00f3rze\u00a0 zarejestrowana w S\u0105dzie Rejonowym\u00a0<\/p><p>VIII Wydzia\u0142 Gospodarczy, Krajowego Rejestru S\u0105dowego w Zielonej G\u00f3rze, 65-364 Zielona G\u00f3ra, ul. Ko\u017cuchowska 8<\/p><p>numer KRS 0001150681<\/p><p>kapita\u0142 zak\u0142adowy 607.024,00 z\u0142otych op\u0142acony w ca\u0142o\u015bci<\/p><p>NIP 5252799229<\/p><p>REGON 384177899<\/p>\t\t\t\t\t\t\t\t<\/div>\n\t\t\t\t<\/div>\n\t\t\t\t\t<\/div>\n\t\t\t\t<\/div>\n\t\t\t\t<\/div>\n\t\t","protected":false},"excerpt":{"rendered":"<p>Kontakt Zadzwo\u0144 +48 518 785 622 &nbsp; Napisz do nas kontakt@polbionica.com &nbsp; Tu jeste\u015bmy Siedziba firmy: ul. Nowy Kisielin \u2013 A. Wysockiego 1, 66-002 Zielona G\u00f3ra Nasze Biuro i Laboratorium: al. Prymasa Tysi\u0105clecia 79A, 01-242 Warszawa Post\u0119powania przetargowe maciej.twarogowski@polbionica.com Zg\u0142oszenia serwisowe shop@polbionica.com Dane Rejestrowe Polbionica Sp\u00f3\u0142ka Akcyjna z siedzib\u0105 w Zielonej G\u00f3rze\u00a0 zarejestrowana w S\u0105dzie [&hellip;]<\/p>\n","protected":false},"author":1,"featured_media":0,"parent":0,"menu_order":0,"comment_status":"closed","ping_status":"closed","template":"page-full-width.php","meta":{"_acf_changed":false,"inline_featured_image":false,"footnotes":""},"class_list":["post-5292","page","type-page","status-publish","hentry"],"acf":[],"_links":{"self":[{"href":"https:\/\/polbionica.com\/pl\/wp-json\/wp\/v2\/pages\/5292","targetHints":{"allow":["GET"]}}],"collection":[{"href":"https:\/\/polbionica.com\/pl\/wp-json\/wp\/v2\/pages"}],"about":[{"href":"https:\/\/polbionica.com\/pl\/wp-json\/wp\/v2\/types\/page"}],"author":[{"embeddable":true,"href":"https:\/\/polbionica.com\/pl\/wp-json\/wp\/v2\/users\/1"}],"replies":[{"embeddable":true,"href":"https:\/\/polbionica.com\/pl\/wp-json\/wp\/v2\/comments?post=5292"}],"version-history":[{"count":157,"href":"https:\/\/polbionica.com\/pl\/wp-json\/wp\/v2\/pages\/5292\/revisions"}],"predecessor-version":[{"id":15992,"href":"https:\/\/polbionica.com\/pl\/wp-json\/wp\/v2\/pages\/5292\/revisions\/15992"}],"wp:attachment":[{"href":"https:\/\/polbionica.com\/pl\/wp-json\/wp\/v2\/media?parent=5292"}],"curies":[{"name":"wp","href":"https:\/\/api.w.org\/{rel}","templated":true}]}}