{"id":4623,"date":"2022-11-10T00:42:02","date_gmt":"2022-11-10T00:42:02","guid":{"rendered":"https:\/\/marity.qodeinteractive.com\/?page_id=4623"},"modified":"2025-07-16T10:37:10","modified_gmt":"2025-07-16T10:37:10","slug":"kariera","status":"publish","type":"page","link":"https:\/\/polbionica.com\/pl\/kariera\/","title":{"rendered":"Kariera"},"content":{"rendered":"\t\t<div data-elementor-type=\"wp-page\" data-elementor-id=\"4623\" class=\"elementor elementor-4623\">\n\t\t\t\t\t\t<section class=\"elementor-section elementor-top-section elementor-element elementor-element-5e206147 elementor-section-full_width elementor-section-height-default elementor-section-height-default\" data-id=\"5e206147\" data-element_type=\"section\" data-e-type=\"section\" data-settings=\"{&quot;background_background&quot;:&quot;classic&quot;}\">\n\t\t\t\t\t\t\t<div class=\"elementor-background-overlay\"><\/div>\n\t\t\t\t\t\t\t<div class=\"elementor-container elementor-column-gap-no\">\n\t\t\t\t\t<div class=\"elementor-column elementor-col-50 elementor-top-column elementor-element elementor-element-5c8fc591\" data-id=\"5c8fc591\" data-element_type=\"column\" data-e-type=\"column\">\n\t\t\t<div class=\"elementor-widget-wrap elementor-element-populated\">\n\t\t\t\t\t\t<div class=\"elementor-element elementor-element-0e56163 elementor-widget elementor-widget-heading\" data-id=\"0e56163\" data-element_type=\"widget\" data-e-type=\"widget\" data-widget_type=\"heading.default\">\n\t\t\t\t<div class=\"elementor-widget-container\">\n\t\t\t\t\t<h2 class=\"elementor-heading-title elementor-size-default\">Kariera<\/h2>\t\t\t\t<\/div>\n\t\t\t\t<\/div>\n\t\t\t\t<div class=\"elementor-element elementor-element-5e77338 elementor-widget elementor-widget-text-editor\" data-id=\"5e77338\" data-element_type=\"widget\" data-e-type=\"widget\" data-widget_type=\"text-editor.default\">\n\t\t\t\t<div class=\"elementor-widget-container\">\n\t\t\t\t\t\t\t\t\t<p>Ka\u017cda osoba w naszej organizacji to jej integralny element tworz\u0105cy interdyscyplinarny, zr\u00f3\u017cnicowany zesp\u00f3\u0142 specjalist\u00f3w. To co nas \u0142\u0105czy, to zaanga\u017cowanie w prac\u0119, otwarto\u015b\u0107 na ludzi i zmiany oraz precyzja w dzia\u0142aniu.<\/p><p>Zapraszamy do naszego zespo\u0142u je\u015bli \u0142\u0105cz\u0105 Ci\u0119 z nami te same warto\u015bci.<\/p>\t\t\t\t\t\t\t\t<\/div>\n\t\t\t\t<\/div>\n\t\t\t\t\t<\/div>\n\t\t<\/div>\n\t\t\t\t<div class=\"elementor-column elementor-col-50 elementor-top-column elementor-element elementor-element-c112029\" data-id=\"c112029\" data-element_type=\"column\" data-e-type=\"column\">\n\t\t\t<div class=\"elementor-widget-wrap elementor-element-populated\">\n\t\t\t\t\t\t<div class=\"elementor-element elementor-element-13573c95 elementor-widget__width-auto elementor-widget elementor-widget-marity_core_single_image\" data-id=\"13573c95\" data-element_type=\"widget\" data-e-type=\"widget\" data-widget_type=\"marity_core_single_image.default\">\n\t\t\t\t<div class=\"elementor-widget-container\">\n\t\t\t\t\t<div class=\"qodef-shortcode qodef-m  qodef-single-image qodef-layout--default   qodef--morph-mask \" style=\"--qodef--morph-shape-position-x: 2%;--qodef--morph-shape-scale-x: 1.4\">\n\t                    <div class=\"qodef-svg-morph-holder qodef-type-1\">\n                <svg class=\"qodef-svg--clip-morph-shape-1\" xmlns=\"http:\/\/www.w3.org\/2000\/svg\" width=\"1059.2\" height=\"1059.2\" viewBox=\"0 0 1059.2 1059.2\"><clipPath id=\"marity-1-675\" clipPathUnits=\"objectBoundingBox\"><path d= \"M293.4 1054.6c151.2 16.3 190.8-118 307.3-130.9 61.7-6.9 133.6 22 200.1 30.1 274.5 33.6 350.5-435.6 114.1-655.2-62.6-58.2-171.6-106.5-246.4-127.6C455 110.9 80.3-133 7.2 96.5c-22.7 71.8 13.3 254.5 43 336.6C118 619.2 33.7 852 144.5 976.9a241 241 0 0 0 148.9 77.7Z\"\/><path d= \"M282.5 1042.6c149 16.2 169-140.3 283.7-153.3 60.8-6.8 123.5 38 189 46.1 262 40 418.4-457.7 174.3-655-61.7-58.3-207-70-280.6-91.1-210.2-60.3-538.5-297-610.4-67.1-22.5 71.9 12 227.3 41.4 309.4 66.6 186.5-75.6 394.7 33.4 519.8 39.1 44.9 118.7 85.6 169.4 91.2Z\"\/><path d= \"M267.9 1054.3c148.7 17.4 135-158 249.7-171.7 60.6-7.4 182.1 26.5 247.6 35.2 261.5 42.7 415.6-511.7 171.8-722.2-61.7-62.2-250 4.4-323.6-18.1-209.9-64.3-405.4-224-543.2-60.8-47 80-4.4 216.3 25 304 66.5 198.8-53 307.2 24.9 497 27 81.1 97.2 130.7 147.8 136.6Z\"\/><\/clipPath><\/svg>            <\/div>\n        \t\t<div class=\"qodef-m-image\">\n\t\t\t\t\t\t\t\t<img fetchpriority=\"high\" decoding=\"async\" width=\"2560\" height=\"1706\" src=\"https:\/\/polbionica.com\/wp-content\/uploads\/2023\/12\/GIL_3526-scaled.jpg\" class=\"attachment-full size-full\" alt=\"\" srcset=\"https:\/\/polbionica.com\/wp-content\/uploads\/2023\/12\/GIL_3526-scaled.jpg 2560w, https:\/\/polbionica.com\/wp-content\/uploads\/2023\/12\/GIL_3526-300x200.jpg 300w, https:\/\/polbionica.com\/wp-content\/uploads\/2023\/12\/GIL_3526-1024x683.jpg 1024w, https:\/\/polbionica.com\/wp-content\/uploads\/2023\/12\/GIL_3526-768x512.jpg 768w, https:\/\/polbionica.com\/wp-content\/uploads\/2023\/12\/GIL_3526-1536x1024.jpg 1536w, https:\/\/polbionica.com\/wp-content\/uploads\/2023\/12\/GIL_3526-2048x1365.jpg 2048w, https:\/\/polbionica.com\/wp-content\/uploads\/2023\/12\/GIL_3526-600x400.jpg 600w\" sizes=\"(max-width: 2560px) 100vw, 2560px\" \/>\t\t\t\t\t\t\t<\/div>\n\t<\/div>\n\t\t\t\t<\/div>\n\t\t\t\t<\/div>\n\t\t\t\t\t<\/div>\n\t\t<\/div>\n\t\t\t\t\t<\/div>\n\t\t<\/section>\n\t\t<div class=\"elementor-element elementor-element-c5f0306 e-con-full e-flex e-con e-parent\" data-id=\"c5f0306\" data-element_type=\"container\" data-e-type=\"container\">\n\t\t\t\t<div class=\"elementor-element elementor-element-1cea149 elementor-widget__width-auto elementor-widget elementor-widget-text-editor\" data-id=\"1cea149\" data-element_type=\"widget\" data-e-type=\"widget\" data-widget_type=\"text-editor.default\">\n\t\t\t\t<div class=\"elementor-widget-container\">\n\t\t\t\t\t\t\t\t\t<p data-start=\"63\" data-end=\"215\"><strong data-start=\"63\" data-end=\"100\">Obecnie nie prowadzimy rekrutacji<\/strong>, ale je\u015bli nasza misja i dzia\u0142ania s\u0105 Ci bliskie \u2013 napisz do nas! Ch\u0119tnie poznamy Twoj\u0105 motywacj\u0119 i do\u015bwiadczenie.<\/p>\n<p data-start=\"217\" data-end=\"249\"><strong data-start=\"220\" data-end=\"249\"><a class=\"cursor-pointer\" rel=\"noopener\" data-start=\"222\" data-end=\"247\">rekrutacja@polbionica.com<\/a><\/strong><\/p>\t\t\t\t\t\t\t\t<\/div>\n\t\t\t\t<\/div>\n\t\t\t\t<\/div>\n\t\t\t\t<\/div>\n\t\t","protected":false},"excerpt":{"rendered":"<p>Kariera Ka\u017cda osoba w naszej organizacji to jej integralny element tworz\u0105cy interdyscyplinarny, zr\u00f3\u017cnicowany zesp\u00f3\u0142 specjalist\u00f3w. To co nas \u0142\u0105czy, to zaanga\u017cowanie w prac\u0119, otwarto\u015b\u0107 na ludzi i zmiany oraz precyzja w dzia\u0142aniu. Zapraszamy do naszego zespo\u0142u je\u015bli \u0142\u0105cz\u0105 Ci\u0119 z nami te same warto\u015bci. Obecnie nie prowadzimy rekrutacji, ale je\u015bli nasza misja i dzia\u0142ania s\u0105 [&hellip;]<\/p>\n","protected":false},"author":1,"featured_media":0,"parent":0,"menu_order":0,"comment_status":"closed","ping_status":"closed","template":"page-full-width.php","meta":{"_acf_changed":false,"inline_featured_image":false,"footnotes":""},"class_list":["post-4623","page","type-page","status-publish","hentry"],"acf":[],"_links":{"self":[{"href":"https:\/\/polbionica.com\/pl\/wp-json\/wp\/v2\/pages\/4623","targetHints":{"allow":["GET"]}}],"collection":[{"href":"https:\/\/polbionica.com\/pl\/wp-json\/wp\/v2\/pages"}],"about":[{"href":"https:\/\/polbionica.com\/pl\/wp-json\/wp\/v2\/types\/page"}],"author":[{"embeddable":true,"href":"https:\/\/polbionica.com\/pl\/wp-json\/wp\/v2\/users\/1"}],"replies":[{"embeddable":true,"href":"https:\/\/polbionica.com\/pl\/wp-json\/wp\/v2\/comments?post=4623"}],"version-history":[{"count":94,"href":"https:\/\/polbionica.com\/pl\/wp-json\/wp\/v2\/pages\/4623\/revisions"}],"predecessor-version":[{"id":15468,"href":"https:\/\/polbionica.com\/pl\/wp-json\/wp\/v2\/pages\/4623\/revisions\/15468"}],"wp:attachment":[{"href":"https:\/\/polbionica.com\/pl\/wp-json\/wp\/v2\/media?parent=4623"}],"curies":[{"name":"wp","href":"https:\/\/api.w.org\/{rel}","templated":true}]}}