{"id":15504,"date":"2025-01-23T15:24:28","date_gmt":"2025-01-23T15:24:28","guid":{"rendered":"https:\/\/polbionica.com\/?page_id=15504"},"modified":"2025-01-23T15:54:59","modified_gmt":"2025-01-23T15:54:59","slug":"tomasz-bakowski","status":"publish","type":"page","link":"https:\/\/polbionica.com\/pl\/o-nas-2\/zespol\/tomasz-bakowski\/","title":{"rendered":"Tomasz B\u0105kowski"},"content":{"rendered":"\t\t<div data-elementor-type=\"wp-page\" data-elementor-id=\"15504\" class=\"elementor elementor-15504\">\n\t\t\t\t<div class=\"elementor-element elementor-element-6957d65 e-con-full e-flex e-con e-parent\" data-id=\"6957d65\" data-element_type=\"container\" data-e-type=\"container\" data-settings=\"{&quot;background_background&quot;:&quot;classic&quot;}\">\n\t\t<div class=\"elementor-element elementor-element-8c7f2d2 e-con-full e-flex e-con e-child\" data-id=\"8c7f2d2\" data-element_type=\"container\" data-e-type=\"container\">\n\t\t\t\t<div class=\"elementor-element elementor-element-1eda5ac elementor-widget elementor-widget-heading\" data-id=\"1eda5ac\" data-element_type=\"widget\" data-e-type=\"widget\" data-widget_type=\"heading.default\">\n\t\t\t\t<div class=\"elementor-widget-container\">\n\t\t\t\t\t<h2 class=\"elementor-heading-title elementor-size-default\">dr n. biol. Tomasz B\u0105kowski<\/h2>\t\t\t\t<\/div>\n\t\t\t\t<\/div>\n\t\t\t\t<div class=\"elementor-element elementor-element-813974c elementor-widget elementor-widget-text-editor\" data-id=\"813974c\" data-element_type=\"widget\" data-e-type=\"widget\" data-widget_type=\"text-editor.default\">\n\t\t\t\t<div class=\"elementor-widget-container\">\n\t\t\t\t\t\t\t\t\t<h6 class=\"elementor-heading-title elementor-size-default\">Biografia<\/h6>\t\t\t\t\t\t\t\t<\/div>\n\t\t\t\t<\/div>\n\t\t\t\t<div class=\"elementor-element elementor-element-9f1f6d2 elementor-widget elementor-widget-text-editor\" data-id=\"9f1f6d2\" data-element_type=\"widget\" data-e-type=\"widget\" data-widget_type=\"text-editor.default\">\n\t\t\t\t<div class=\"elementor-widget-container\">\n\t\t\t\t\t\t\t\t\t<p>Z wykszta\u0142cenia mikrobiolog, doktor nauk biologicznych w dziedzinie biologii molekularnej, tytu\u0142 naukowy uzyska\u0142 na Uniwersytecie Wroc\u0142awskim. Jego praca doktorska koncentrowa\u0142a si\u0119 na poznaniu funkcji nowej translokazy DNA u dro\u017cd\u017cy, obejmuj\u0105c analiz\u0119 mechanizm\u00f3w naprawy DNA oraz utrzymania stabilno\u015bci genomu. Dodatkowo uko\u0144czy\u0142 studia podyplomowe w zakresie system\u00f3w zarz\u0105dzania jako\u015bci\u0105 i bezpiecze\u0144stwem \u017cywno\u015bci. W trakcie swojej kariery akademickiej i zawodowej zdoby\u0142 liczne certyfikaty zawodowe z zakresu zarz\u0105dzania i przyw\u00f3dztwa. Obecnie jest s\u0142uchaczem studi\u00f3w MBA <em>Zdrowie i Badania Kliniczne<\/em> na Akademii Leona Ko\u017ami\u0144skiego.<\/p>\n<p>Przez ponad dziesi\u0119\u0107 lat pracowa\u0142 w du\u017cym przedsi\u0119biorstwie wielobran\u017cowym, gdzie rozwija\u0142 swoje kompetencje mened\u017cerskie w obszarach B2B, B2C oraz w zarz\u0105dzaniu zar\u00f3wno ma\u0142ymi, jak i du\u017cymi zespo\u0142ami. Nast\u0119pnie przez pi\u0119\u0107 lat kierowa\u0142 projektami badawczo-rozwojowymi, kt\u00f3re obejmowa\u0142y opracowywanie lek\u00f3w i terapeutycznych wyrob\u00f3w medycznych opartych na aptamerach, w tym innowacyjnych adsorber\u00f3w przeznaczonych do wysoce selektywnych procedur oczyszczania osocza z cz\u0105steczek patogennych.<\/p>\n<p>Jako dyrektor ds. klinicznych i komercjalizacji nadzoruje projekt wdro\u017cenia prze\u0142omowej biodrukowanej w 3D bionicznej trzustki do bada\u0144 klinicznych (first in man). Ponadto odgrywa kluczow\u0105 rol\u0119 w komercjalizacji i produkcji innowacyjnych biomateria\u0142\u00f3w-hybrydowych bia\u0142ek rekombinowanych opartych na domenach rezyliny i elastyny, a tak\u017ce jedwabiu i elastyny, oraz ich potencjalnych zastosowa\u0144 w biodrukowaniu, medycynie i kosmetologii.&nbsp;<\/p>\n<p>Prywatnie pilot szybowcowy, pasjonat jazdy enduro MTB. Interesuje si\u0119 r\u00f3wnie\u017c wspinaczk\u0105 ska\u0142kow\u0105 <br>i alpinizmem, a tak\u017ce eksploracj\u0105 jaski\u0144. Jest mi\u0142o\u015bnikiem muzyki.<\/p>\t\t\t\t\t\t\t\t<\/div>\n\t\t\t\t<\/div>\n\t\t\t\t<\/div>\n\t\t<div class=\"elementor-element elementor-element-f37f1c2 e-con-full e-flex e-con e-child\" data-id=\"f37f1c2\" data-element_type=\"container\" data-e-type=\"container\">\n\t\t\t\t<div class=\"elementor-element elementor-element-44bf3dd elementor-widget elementor-widget-image\" data-id=\"44bf3dd\" data-element_type=\"widget\" data-e-type=\"widget\" data-widget_type=\"image.default\">\n\t\t\t\t<div class=\"elementor-widget-container\">\n\t\t\t\t\t\t\t\t\t\t\t\t\t\t\t<img fetchpriority=\"high\" decoding=\"async\" width=\"348\" height=\"460\" src=\"https:\/\/polbionica.com\/wp-content\/uploads\/2025\/01\/Tomasz-Bakowski_-2-scaled-e1737645410127.jpg\" class=\"attachment-full size-full wp-image-15495\" alt=\"\" \/>\t\t\t\t\t\t\t\t\t\t\t\t\t\t\t<\/div>\n\t\t\t\t<\/div>\n\t\t\t\t<\/div>\n\t\t\t\t<\/div>\n\t\t\t\t<\/div>\n\t\t","protected":false},"excerpt":{"rendered":"<p>dr n. biol. Tomasz B\u0105kowski Biografia Z wykszta\u0142cenia mikrobiolog, doktor nauk biologicznych w dziedzinie biologii molekularnej, tytu\u0142 naukowy uzyska\u0142 na Uniwersytecie Wroc\u0142awskim. Jego praca doktorska koncentrowa\u0142a si\u0119 na poznaniu funkcji nowej translokazy DNA u dro\u017cd\u017cy, obejmuj\u0105c analiz\u0119 mechanizm\u00f3w naprawy DNA oraz utrzymania stabilno\u015bci genomu. Dodatkowo uko\u0144czy\u0142 studia podyplomowe w zakresie system\u00f3w zarz\u0105dzania jako\u015bci\u0105 i bezpiecze\u0144stwem [&hellip;]<\/p>\n","protected":false},"author":1,"featured_media":0,"parent":10104,"menu_order":0,"comment_status":"closed","ping_status":"closed","template":"","meta":{"_acf_changed":false,"inline_featured_image":false,"footnotes":""},"class_list":["post-15504","page","type-page","status-publish","hentry"],"acf":[],"_links":{"self":[{"href":"https:\/\/polbionica.com\/pl\/wp-json\/wp\/v2\/pages\/15504","targetHints":{"allow":["GET"]}}],"collection":[{"href":"https:\/\/polbionica.com\/pl\/wp-json\/wp\/v2\/pages"}],"about":[{"href":"https:\/\/polbionica.com\/pl\/wp-json\/wp\/v2\/types\/page"}],"author":[{"embeddable":true,"href":"https:\/\/polbionica.com\/pl\/wp-json\/wp\/v2\/users\/1"}],"replies":[{"embeddable":true,"href":"https:\/\/polbionica.com\/pl\/wp-json\/wp\/v2\/comments?post=15504"}],"version-history":[{"count":11,"href":"https:\/\/polbionica.com\/pl\/wp-json\/wp\/v2\/pages\/15504\/revisions"}],"predecessor-version":[{"id":15532,"href":"https:\/\/polbionica.com\/pl\/wp-json\/wp\/v2\/pages\/15504\/revisions\/15532"}],"up":[{"embeddable":true,"href":"https:\/\/polbionica.com\/pl\/wp-json\/wp\/v2\/pages\/10104"}],"wp:attachment":[{"href":"https:\/\/polbionica.com\/pl\/wp-json\/wp\/v2\/media?parent=15504"}],"curies":[{"name":"wp","href":"https:\/\/api.w.org\/{rel}","templated":true}]}}