{"id":14462,"date":"2024-05-14T16:09:14","date_gmt":"2024-05-14T16:09:14","guid":{"rendered":"https:\/\/polbionica.esc2.emartsynergia.com\/?page_id=14462"},"modified":"2026-03-16T16:32:33","modified_gmt":"2026-03-16T16:32:33","slug":"baza-wiedzy","status":"publish","type":"page","link":"https:\/\/polbionica.com\/pl\/baza-wiedzy\/","title":{"rendered":"Baza wiedzy"},"content":{"rendered":"\t\t<div data-elementor-type=\"wp-page\" data-elementor-id=\"14462\" class=\"elementor elementor-14462\">\n\t\t\t\t\t\t<section class=\"elementor-section elementor-top-section elementor-element elementor-element-5e206147 elementor-section-full_width elementor-section-height-default elementor-section-height-default\" data-id=\"5e206147\" data-element_type=\"section\" data-e-type=\"section\" data-settings=\"{&quot;background_background&quot;:&quot;classic&quot;}\">\n\t\t\t\t\t\t\t<div class=\"elementor-background-overlay\"><\/div>\n\t\t\t\t\t\t\t<div class=\"elementor-container elementor-column-gap-no\">\n\t\t\t\t\t<div class=\"elementor-column elementor-col-50 elementor-top-column elementor-element elementor-element-5c8fc591\" data-id=\"5c8fc591\" data-element_type=\"column\" data-e-type=\"column\">\n\t\t\t<div class=\"elementor-widget-wrap elementor-element-populated\">\n\t\t\t\t\t\t<div class=\"elementor-element elementor-element-0e56163 elementor-widget elementor-widget-heading\" data-id=\"0e56163\" data-element_type=\"widget\" data-e-type=\"widget\" data-widget_type=\"heading.default\">\n\t\t\t\t<div class=\"elementor-widget-container\">\n\t\t\t\t\t<h2 class=\"elementor-heading-title elementor-size-default\">Baza wiedzy<\/h2>\t\t\t\t<\/div>\n\t\t\t\t<\/div>\n\t\t\t\t<div class=\"elementor-element elementor-element-5e77338 elementor-widget__width-initial elementor-widget elementor-widget-text-editor\" data-id=\"5e77338\" data-element_type=\"widget\" data-e-type=\"widget\" data-widget_type=\"text-editor.default\">\n\t\t\t\t<div class=\"elementor-widget-container\">\n\t\t\t\t\t\t\t\t\t<p>Oto najwa\u017cniejsze poj\u0119cia i kr\u00f3tkie wprowadzenie do naszej dziedziny nauki:<\/p>\t\t\t\t\t\t\t\t<\/div>\n\t\t\t\t<\/div>\n\t\t\t\t<div class=\"elementor-element elementor-element-b42b864 elementor-widget__width-initial elementor-widget elementor-widget-toggle\" data-id=\"b42b864\" data-element_type=\"widget\" data-e-type=\"widget\" data-widget_type=\"toggle.default\">\n\t\t\t\t<div class=\"elementor-widget-container\">\n\t\t\t\t\t\t\t<div class=\"elementor-toggle\">\n\t\t\t\t\t\t\t<div class=\"elementor-toggle-item\">\n\t\t\t\t\t<div id=\"elementor-tab-title-1881\" class=\"elementor-tab-title\" data-tab=\"1\" role=\"button\" aria-controls=\"elementor-tab-content-1881\" aria-expanded=\"false\">\n\t\t\t\t\t\t\t\t\t\t\t\t<span class=\"elementor-toggle-icon elementor-toggle-icon-left\" aria-hidden=\"true\">\n\t\t\t\t\t\t\t\t\t\t\t\t\t\t\t<span class=\"elementor-toggle-icon-closed\"><svg class=\"e-font-icon-svg e-fas-caret-right\" viewBox=\"0 0 192 512\" xmlns=\"http:\/\/www.w3.org\/2000\/svg\"><path d=\"M0 384.662V127.338c0-17.818 21.543-26.741 34.142-14.142l128.662 128.662c7.81 7.81 7.81 20.474 0 28.284L34.142 398.804C21.543 411.404 0 402.48 0 384.662z\"><\/path><\/svg><\/span>\n\t\t\t\t\t\t\t\t<span class=\"elementor-toggle-icon-opened\"><svg class=\"elementor-toggle-icon-opened e-font-icon-svg e-fas-caret-up\" viewBox=\"0 0 320 512\" xmlns=\"http:\/\/www.w3.org\/2000\/svg\"><path d=\"M288.662 352H31.338c-17.818 0-26.741-21.543-14.142-34.142l128.662-128.662c7.81-7.81 20.474-7.81 28.284 0l128.662 128.662c12.6 12.599 3.676 34.142-14.142 34.142z\"><\/path><\/svg><\/span>\n\t\t\t\t\t\t\t\t\t\t\t\t\t<\/span>\n\t\t\t\t\t\t\t\t\t\t\t\t<a class=\"elementor-toggle-title\" tabindex=\"0\">Czym jest biodruk 3D? <\/a>\n\t\t\t\t\t<\/div>\n\n\t\t\t\t\t<div id=\"elementor-tab-content-1881\" class=\"elementor-tab-content elementor-clearfix\" data-tab=\"1\" role=\"region\" aria-labelledby=\"elementor-tab-title-1881\"><p>Biodruk 3D (3D bioprinting) to zaawansowana technologia biotechnologiczna umo\u017cliwiaj\u0105ca tworzenie tr\u00f3jwymiarowych konstrukcji tkankowych z wykorzystaniem \u017cywych kom\u00f3rek oraz biotuszy (bioinks). Stanowi jedno z kluczowych narz\u0119dzi wsp\u00f3\u0142czesnej in\u017cynierii tkankowej, medycyny regeneracyjnej oraz biofabrykacji.<\/p><p>Biofabrykacja (biofabrication) to interdyscyplinarna dziedzina \u0142\u0105cz\u0105ca biologi\u0119, in\u017cynieri\u0119 materia\u0142ow\u0105 oraz technologie przyrostowe w celu wytwarzania biologicznie funkcjonalnych struktur. Obejmuje ona m.in. 3D bioprinting, projektowanie biomateria\u0142\u00f3w oraz kontrolowane kszta\u0142towanie mikro\u015brodowiska kom\u00f3rkowego.<\/p><p>Technologia biodruku opiera si\u0119 na warstwowym nanoszeniu biokompatybilnych materia\u0142\u00f3w zawieraj\u0105cych kom\u00f3rki, co umo\u017cliwia odtworzenie przestrzennej architektury oraz biologicznego mikro\u015brodowiska tkanek. W rezultacie powstaj\u0105 modele in vitro o wysokim stopniu reprezentatywno\u015bci, wykorzystywane w badaniach biomedycznych oraz w procesie opracowywania nowych terapii.<\/p><\/div>\n\t\t\t\t<\/div>\n\t\t\t\t\t\t\t<div class=\"elementor-toggle-item\">\n\t\t\t\t\t<div id=\"elementor-tab-title-1882\" class=\"elementor-tab-title\" data-tab=\"2\" role=\"button\" aria-controls=\"elementor-tab-content-1882\" aria-expanded=\"false\">\n\t\t\t\t\t\t\t\t\t\t\t\t<span class=\"elementor-toggle-icon elementor-toggle-icon-left\" aria-hidden=\"true\">\n\t\t\t\t\t\t\t\t\t\t\t\t\t\t\t<span class=\"elementor-toggle-icon-closed\"><svg class=\"e-font-icon-svg e-fas-caret-right\" viewBox=\"0 0 192 512\" xmlns=\"http:\/\/www.w3.org\/2000\/svg\"><path d=\"M0 384.662V127.338c0-17.818 21.543-26.741 34.142-14.142l128.662 128.662c7.81 7.81 7.81 20.474 0 28.284L34.142 398.804C21.543 411.404 0 402.48 0 384.662z\"><\/path><\/svg><\/span>\n\t\t\t\t\t\t\t\t<span class=\"elementor-toggle-icon-opened\"><svg class=\"elementor-toggle-icon-opened e-font-icon-svg e-fas-caret-up\" viewBox=\"0 0 320 512\" xmlns=\"http:\/\/www.w3.org\/2000\/svg\"><path d=\"M288.662 352H31.338c-17.818 0-26.741-21.543-14.142-34.142l128.662-128.662c7.81-7.81 20.474-7.81 28.284 0l128.662 128.662c12.6 12.599 3.676 34.142-14.142 34.142z\"><\/path><\/svg><\/span>\n\t\t\t\t\t\t\t\t\t\t\t\t\t<\/span>\n\t\t\t\t\t\t\t\t\t\t\t\t<a class=\"elementor-toggle-title\" tabindex=\"0\">Jak dzia\u0142a technologia biodruku 3D?<\/a>\n\t\t\t\t\t<\/div>\n\n\t\t\t\t\t<div id=\"elementor-tab-content-1882\" class=\"elementor-tab-content elementor-clearfix\" data-tab=\"2\" role=\"region\" aria-labelledby=\"elementor-tab-title-1882\"><p>Technologia bioprintingu jest procesem wytwarzania przyrostowego, w kt\u00f3rym biotusze zawieraj\u0105ce \u017cywe kom\u00f3rki s\u0105 precyzyjnie drukowane w kontrolowanych warunkach laboratoryjnych. Celem jest stworzenie struktur na\u015bladuj\u0105cych budow\u0119 i funkcj\u0119 z\u0142o\u017conych tkanek biologicznych w warunkach in vitro.<\/p><p>W przeciwie\u0144stwie do tradycyjnych hodowli kom\u00f3rkowych 2D, modele tkankowe tworzone metod\u0105 biodruku 3D<span class=\"Apple-converted-space\">\u00a0 <\/span>lepiej odwzorowuj\u0105 mikro\u015brodowisko kom\u00f3rkowe. Kom\u00f3rki funkcjonuj\u0105 w nich w spos\u00f3b bardziej zbli\u017cony do warunk\u00f3w fizjologicznych \u2014 zar\u00f3wno pod wzgl\u0119dem organizacji przestrzennej, jak i aktywno\u015bci biologicznej.<\/p><\/div>\n\t\t\t\t<\/div>\n\t\t\t\t\t\t\t<div class=\"elementor-toggle-item\">\n\t\t\t\t\t<div id=\"elementor-tab-title-1883\" class=\"elementor-tab-title\" data-tab=\"3\" role=\"button\" aria-controls=\"elementor-tab-content-1883\" aria-expanded=\"false\">\n\t\t\t\t\t\t\t\t\t\t\t\t<span class=\"elementor-toggle-icon elementor-toggle-icon-left\" aria-hidden=\"true\">\n\t\t\t\t\t\t\t\t\t\t\t\t\t\t\t<span class=\"elementor-toggle-icon-closed\"><svg class=\"e-font-icon-svg e-fas-caret-right\" viewBox=\"0 0 192 512\" xmlns=\"http:\/\/www.w3.org\/2000\/svg\"><path d=\"M0 384.662V127.338c0-17.818 21.543-26.741 34.142-14.142l128.662 128.662c7.81 7.81 7.81 20.474 0 28.284L34.142 398.804C21.543 411.404 0 402.48 0 384.662z\"><\/path><\/svg><\/span>\n\t\t\t\t\t\t\t\t<span class=\"elementor-toggle-icon-opened\"><svg class=\"elementor-toggle-icon-opened e-font-icon-svg e-fas-caret-up\" viewBox=\"0 0 320 512\" xmlns=\"http:\/\/www.w3.org\/2000\/svg\"><path d=\"M288.662 352H31.338c-17.818 0-26.741-21.543-14.142-34.142l128.662-128.662c7.81-7.81 20.474-7.81 28.284 0l128.662 128.662c12.6 12.599 3.676 34.142-14.142 34.142z\"><\/path><\/svg><\/span>\n\t\t\t\t\t\t\t\t\t\t\t\t\t<\/span>\n\t\t\t\t\t\t\t\t\t\t\t\t<a class=\"elementor-toggle-title\" tabindex=\"0\">Historia biodruku 3D \u2013 od czego to wszystko si\u0119 zacz\u0119\u0142o?<\/a>\n\t\t\t\t\t<\/div>\n\n\t\t\t\t\t<div id=\"elementor-tab-content-1883\" class=\"elementor-tab-content elementor-clearfix\" data-tab=\"3\" role=\"region\" aria-labelledby=\"elementor-tab-title-1883\"><p>Podstawy technologii si\u0119gaj\u0105 lat 80. XX wieku, gdy Charles Hull opracowa\u0142 stereolitografi\u0119 (1984) \u2014 pierwsz\u0105 komercyjn\u0105 metod\u0119 druku 3D. Za pocz\u0105tek biodruku uznaje si\u0119 rok 1988, kiedy Robert J. Klebe po raz pierwszy wykorzysta\u0142 zmodyfikowan\u0105 drukark\u0119 atramentow\u0105 do nanoszenia \u017cywych kom\u00f3rek.<\/p><p>Od tego momentu rozw\u00f3j biomateria\u0142\u00f3w, biotuszy oraz precyzyjnych system\u00f3w drukuj\u0105cych umo\u017cliwi\u0142 tworzenie coraz bardziej z\u0142o\u017conych konstrukcji tkankowych.<\/p><p>Biodruk 3D stanowi obecnie jeden z kluczowych i dynamicznie rozwijaj\u0105cych si\u0119 obszar\u00f3w biotechnologii, wspieraj\u0105cy rozw\u00f3j medycyny regeneracyjnej, in\u017cynierii tkankowej oraz terapii zaawansowanych (ATMP).<\/p><\/div>\n\t\t\t\t<\/div>\n\t\t\t\t\t\t\t<div class=\"elementor-toggle-item\">\n\t\t\t\t\t<div id=\"elementor-tab-title-1884\" class=\"elementor-tab-title\" data-tab=\"4\" role=\"button\" aria-controls=\"elementor-tab-content-1884\" aria-expanded=\"false\">\n\t\t\t\t\t\t\t\t\t\t\t\t<span class=\"elementor-toggle-icon elementor-toggle-icon-left\" aria-hidden=\"true\">\n\t\t\t\t\t\t\t\t\t\t\t\t\t\t\t<span class=\"elementor-toggle-icon-closed\"><svg class=\"e-font-icon-svg e-fas-caret-right\" viewBox=\"0 0 192 512\" xmlns=\"http:\/\/www.w3.org\/2000\/svg\"><path d=\"M0 384.662V127.338c0-17.818 21.543-26.741 34.142-14.142l128.662 128.662c7.81 7.81 7.81 20.474 0 28.284L34.142 398.804C21.543 411.404 0 402.48 0 384.662z\"><\/path><\/svg><\/span>\n\t\t\t\t\t\t\t\t<span class=\"elementor-toggle-icon-opened\"><svg class=\"elementor-toggle-icon-opened e-font-icon-svg e-fas-caret-up\" viewBox=\"0 0 320 512\" xmlns=\"http:\/\/www.w3.org\/2000\/svg\"><path d=\"M288.662 352H31.338c-17.818 0-26.741-21.543-14.142-34.142l128.662-128.662c7.81-7.81 20.474-7.81 28.284 0l128.662 128.662c12.6 12.599 3.676 34.142-14.142 34.142z\"><\/path><\/svg><\/span>\n\t\t\t\t\t\t\t\t\t\t\t\t\t<\/span>\n\t\t\t\t\t\t\t\t\t\t\t\t<a class=\"elementor-toggle-title\" tabindex=\"0\">Znaczenie technologii biodruku 3D<\/a>\n\t\t\t\t\t<\/div>\n\n\t\t\t\t\t<div id=\"elementor-tab-content-1884\" class=\"elementor-tab-content elementor-clearfix\" data-tab=\"4\" role=\"region\" aria-labelledby=\"elementor-tab-title-1884\"><p>Technologia biodruku 3D umo\u017cliwia odwzorowanie mikro\u015brodowiska ludzkich tkanek w warunkach in vitro, co pozwala na badanie mechanizm\u00f3w chor\u00f3b oraz ocen\u0119 dzia\u0142ania i bezpiecze\u0144stwa nowych terapii, przy jednoczesnym ograniczaniu potrzeby stosowania modeli zwierz\u0119cych. Znajduje ona zastosowanie w wielu obszarach bada\u0144 biomedycznych i translacyjnych:<\/p><ul><li>wspiera rozw\u00f3j medycyny regeneracyjnej, in\u017cynierii tkankowej \u2014 tworzenie struktur wspieraj\u0105cych regeneracj\u0119 sk\u00f3ry, chrz\u0105stki czy ko\u015bci,<\/li><li>przyspiesza proces odkrywania i testowania lek\u00f3w oraz bada\u0144 toksykologicznych \u2014 bardziej realistyczna ocena skuteczno\u015bci i bezpiecze\u0144stwa terapii,<\/li><li>umo\u017cliwia rozw\u00f3j medycyny personalizowanej &#8211; opracowywanie modeli chorobowych pacjenta do testowania indywidualnie dobranych terapii,<\/li><li>otwiera perspektyw\u0119 tworzenia narz\u0105d\u00f3w do przeszczep\u00f3w z kom\u00f3rek pacjenta &#8211; w d\u0142u\u017cszej perspektywie biofabrykacja mo\u017ce przyczyni\u0107 si\u0119 do ograniczenia niedoboru organ\u00f3w transplantacyjnych.<\/li><li>zwi\u0119ksza przewidywalno\u015b\u0107 bada\u0144 przedklinicznych.<\/li><\/ul><\/div>\n\t\t\t\t<\/div>\n\t\t\t\t\t\t\t<div class=\"elementor-toggle-item\">\n\t\t\t\t\t<div id=\"elementor-tab-title-1885\" class=\"elementor-tab-title\" data-tab=\"5\" role=\"button\" aria-controls=\"elementor-tab-content-1885\" aria-expanded=\"false\">\n\t\t\t\t\t\t\t\t\t\t\t\t<span class=\"elementor-toggle-icon elementor-toggle-icon-left\" aria-hidden=\"true\">\n\t\t\t\t\t\t\t\t\t\t\t\t\t\t\t<span class=\"elementor-toggle-icon-closed\"><svg class=\"e-font-icon-svg e-fas-caret-right\" viewBox=\"0 0 192 512\" xmlns=\"http:\/\/www.w3.org\/2000\/svg\"><path d=\"M0 384.662V127.338c0-17.818 21.543-26.741 34.142-14.142l128.662 128.662c7.81 7.81 7.81 20.474 0 28.284L34.142 398.804C21.543 411.404 0 402.48 0 384.662z\"><\/path><\/svg><\/span>\n\t\t\t\t\t\t\t\t<span class=\"elementor-toggle-icon-opened\"><svg class=\"elementor-toggle-icon-opened e-font-icon-svg e-fas-caret-up\" viewBox=\"0 0 320 512\" xmlns=\"http:\/\/www.w3.org\/2000\/svg\"><path d=\"M288.662 352H31.338c-17.818 0-26.741-21.543-14.142-34.142l128.662-128.662c7.81-7.81 20.474-7.81 28.284 0l128.662 128.662c12.6 12.599 3.676 34.142-14.142 34.142z\"><\/path><\/svg><\/span>\n\t\t\t\t\t\t\t\t\t\t\t\t\t<\/span>\n\t\t\t\t\t\t\t\t\t\t\t\t<a class=\"elementor-toggle-title\" tabindex=\"0\">Biodruk 3D i \u201ebiotusze\u201d<\/a>\n\t\t\t\t\t<\/div>\n\n\t\t\t\t\t<div id=\"elementor-tab-content-1885\" class=\"elementor-tab-content elementor-clearfix\" data-tab=\"5\" role=\"region\" aria-labelledby=\"elementor-tab-title-1885\"><p>\u201eBiotusze\u201d (bioinks) to materia\u0142y biologiczne wykorzystywane w procesie drukowania tkanek z \u017cywymi kom\u00f3rkami. Mog\u0105 by\u0107 oparte na sk\u0142adnikach naturalnych (np. kolagen, \u017celatyna) lub syntetycznych (np. PEG), a ich sk\u0142ad jest projektowany w zale\u017cno\u015bci od docelowego zastosowania.<\/p><p>Parametry biotuszu \u2014 takie jak lepko\u015b\u0107, sk\u0142ad chemiczny, g\u0119sto\u015b\u0107 kom\u00f3rek czy w\u0142a\u015bciwo\u015bci mechaniczne \u2014 wp\u0142ywaj\u0105 na: prze\u017cywalno\u015b\u0107 kom\u00f3rek, proliferacj\u0119 i r\u00f3\u017cnicowanie, integralno\u015b\u0107 oraz stabilno\u015b\u0107 wydrukowanej struktury oraz jako\u015b\u0107 odwzorowania architektury tkankowej.<\/p><p>Precyzyjne dopasowanie biotuszu do konkretnego zastosowania badawczego lub klinicznego ma kluczowe znaczenie dla zachowania funkcjonalno\u015bci kom\u00f3rek oraz trwa\u0142o\u015bci powsta\u0142ej konstrukcji.<span class=\"Apple-converted-space\">\u00a0<\/span><\/p><\/div>\n\t\t\t\t<\/div>\n\t\t\t\t\t\t\t<div class=\"elementor-toggle-item\">\n\t\t\t\t\t<div id=\"elementor-tab-title-1886\" class=\"elementor-tab-title\" data-tab=\"6\" role=\"button\" aria-controls=\"elementor-tab-content-1886\" aria-expanded=\"false\">\n\t\t\t\t\t\t\t\t\t\t\t\t<span class=\"elementor-toggle-icon elementor-toggle-icon-left\" aria-hidden=\"true\">\n\t\t\t\t\t\t\t\t\t\t\t\t\t\t\t<span class=\"elementor-toggle-icon-closed\"><svg class=\"e-font-icon-svg e-fas-caret-right\" viewBox=\"0 0 192 512\" xmlns=\"http:\/\/www.w3.org\/2000\/svg\"><path d=\"M0 384.662V127.338c0-17.818 21.543-26.741 34.142-14.142l128.662 128.662c7.81 7.81 7.81 20.474 0 28.284L34.142 398.804C21.543 411.404 0 402.48 0 384.662z\"><\/path><\/svg><\/span>\n\t\t\t\t\t\t\t\t<span class=\"elementor-toggle-icon-opened\"><svg class=\"elementor-toggle-icon-opened e-font-icon-svg e-fas-caret-up\" viewBox=\"0 0 320 512\" xmlns=\"http:\/\/www.w3.org\/2000\/svg\"><path d=\"M288.662 352H31.338c-17.818 0-26.741-21.543-14.142-34.142l128.662-128.662c7.81-7.81 20.474-7.81 28.284 0l128.662 128.662c12.6 12.599 3.676 34.142-14.142 34.142z\"><\/path><\/svg><\/span>\n\t\t\t\t\t\t\t\t\t\t\t\t\t<\/span>\n\t\t\t\t\t\t\t\t\t\t\t\t<a class=\"elementor-toggle-title\" tabindex=\"0\">Biodrukarki 3D<\/a>\n\t\t\t\t\t<\/div>\n\n\t\t\t\t\t<div id=\"elementor-tab-content-1886\" class=\"elementor-tab-content elementor-clearfix\" data-tab=\"6\" role=\"region\" aria-labelledby=\"elementor-tab-title-1886\"><p>Biodrukarki 3D to specjalistyczne urz\u0105dzenia umo\u017cliwiaj\u0105ce drukowanie \u017cywych kom\u00f3rek w postaci hydro\u017celi i biozgodnych \u017celi, przy zachowaniu ich funkcjonalno\u015bci.<\/p><p>Wyr\u00f3\u017cnia si\u0119 trzy g\u0142\u00f3wne typy technologii: biodruk atramentowy, biodruk wyt\u0142aczaj\u0105cy (extrusion-based), biodruk laserowy. Ka\u017cda z nich r\u00f3\u017cni si\u0119 rozdzielczo\u015bci\u0105, g\u0119sto\u015bci\u0105 kom\u00f3rek, szybko\u015bci\u0105 druku, kompatybilno\u015bci\u0105 z okre\u015blonymi biotuszami. Proces musi by\u0107 precyzyjnie kontrolowany, poniewa\u017c nadmierne ci\u015bnienie, temperatura lub si\u0142y \u015bcinaj\u0105ce mog\u0105 uszkodzi\u0107 kom\u00f3rki.<\/p><p>Biomateria\u0142y i biotusze produkowane przez Polbionica s\u0105 kompatybilne w wiod\u0105cymi producentami biodrukarek 3D takimi jak Allevi3D, Aspect Biosystems (RX), Cellink (Bio X), Regemat3D (Bio V1), RegenHU (R-Gen) lub Tissuelabs (TissueStart)<\/p><\/div>\n\t\t\t\t<\/div>\n\t\t\t\t\t\t\t<div class=\"elementor-toggle-item\">\n\t\t\t\t\t<div id=\"elementor-tab-title-1887\" class=\"elementor-tab-title\" data-tab=\"7\" role=\"button\" aria-controls=\"elementor-tab-content-1887\" aria-expanded=\"false\">\n\t\t\t\t\t\t\t\t\t\t\t\t<span class=\"elementor-toggle-icon elementor-toggle-icon-left\" aria-hidden=\"true\">\n\t\t\t\t\t\t\t\t\t\t\t\t\t\t\t<span class=\"elementor-toggle-icon-closed\"><svg class=\"e-font-icon-svg e-fas-caret-right\" viewBox=\"0 0 192 512\" xmlns=\"http:\/\/www.w3.org\/2000\/svg\"><path d=\"M0 384.662V127.338c0-17.818 21.543-26.741 34.142-14.142l128.662 128.662c7.81 7.81 7.81 20.474 0 28.284L34.142 398.804C21.543 411.404 0 402.48 0 384.662z\"><\/path><\/svg><\/span>\n\t\t\t\t\t\t\t\t<span class=\"elementor-toggle-icon-opened\"><svg class=\"elementor-toggle-icon-opened e-font-icon-svg e-fas-caret-up\" viewBox=\"0 0 320 512\" xmlns=\"http:\/\/www.w3.org\/2000\/svg\"><path d=\"M288.662 352H31.338c-17.818 0-26.741-21.543-14.142-34.142l128.662-128.662c7.81-7.81 20.474-7.81 28.284 0l128.662 128.662c12.6 12.599 3.676 34.142-14.142 34.142z\"><\/path><\/svg><\/span>\n\t\t\t\t\t\t\t\t\t\t\t\t\t<\/span>\n\t\t\t\t\t\t\t\t\t\t\t\t<a class=\"elementor-toggle-title\" tabindex=\"0\">Przysz\u0142o\u015b\u0107 biodruku 3D<\/a>\n\t\t\t\t\t<\/div>\n\n\t\t\t\t\t<div id=\"elementor-tab-content-1887\" class=\"elementor-tab-content elementor-clearfix\" data-tab=\"7\" role=\"region\" aria-labelledby=\"elementor-tab-title-1887\"><p>Rozw\u00f3j technologii biodruku 3D<span class=\"Apple-converted-space\">\u00a0 <\/span>koncentruje si\u0119 na tworzeniu funkcjonalnych, unaczynionych struktur tkankowych, kt\u00f3re w przysz\u0142o\u015bci mog\u0142yby znale\u017a\u0107 zastosowanie transplantacyjne.<\/p><p>Jednym z najwi\u0119kszych wyzwa\u0144 pozostaje odtworzenie sieci naczy\u0144 krwiono\u015bnych, kluczowych dla d\u0142ugoterminowego prze\u017cycia i funkcjonowania tkanek.<\/p><p>Kierunki rozwoju obejmuj\u0105:<\/p><ul><li>biodruk z\u0142o\u017conych organoid\u00f3w i modeli chor\u00f3b,<\/li><li>biotusze o wysokiej zawarto\u015bci kom\u00f3rek,<\/li><li>technologie mikronaczyniowe,<\/li><li>integracj\u0119 z systemami obrazowania i monitoringu w czasie rzeczywistym,<\/li><li>standaryzacj\u0119 produkcji w kierunku zastosowa\u0144 klinicznych.<\/li><\/ul><p>To w\u0142a\u015bnie nad tymi rozwi\u0105zaniami pracuje interdyscyplinarny zesp\u00f3\u0142 Polbionica.<\/p><\/div>\n\t\t\t\t<\/div>\n\t\t\t\t\t\t\t\t<\/div>\n\t\t\t\t\t\t<\/div>\n\t\t\t\t<\/div>\n\t\t\t\t\t<\/div>\n\t\t<\/div>\n\t\t\t\t<div class=\"elementor-column elementor-col-50 elementor-top-column elementor-element elementor-element-c112029\" data-id=\"c112029\" data-element_type=\"column\" data-e-type=\"column\">\n\t\t\t<div class=\"elementor-widget-wrap elementor-element-populated\">\n\t\t\t\t\t\t<div class=\"elementor-element elementor-element-13573c95 elementor-widget__width-auto elementor-widget elementor-widget-marity_core_single_image\" data-id=\"13573c95\" data-element_type=\"widget\" data-e-type=\"widget\" data-widget_type=\"marity_core_single_image.default\">\n\t\t\t\t<div class=\"elementor-widget-container\">\n\t\t\t\t\t<div class=\"qodef-shortcode qodef-m  qodef-single-image qodef-layout--default   qodef--morph-mask \" style=\"--qodef--morph-shape-position-x: 2%;--qodef--morph-shape-scale-x: 1.4\">\n\t                    <div class=\"qodef-svg-morph-holder qodef-type-1\">\n                <svg class=\"qodef-svg--clip-morph-shape-1\" xmlns=\"http:\/\/www.w3.org\/2000\/svg\" width=\"1059.2\" height=\"1059.2\" viewBox=\"0 0 1059.2 1059.2\"><clipPath id=\"marity-1-692\" clipPathUnits=\"objectBoundingBox\"><path d= \"M293.4 1054.6c151.2 16.3 190.8-118 307.3-130.9 61.7-6.9 133.6 22 200.1 30.1 274.5 33.6 350.5-435.6 114.1-655.2-62.6-58.2-171.6-106.5-246.4-127.6C455 110.9 80.3-133 7.2 96.5c-22.7 71.8 13.3 254.5 43 336.6C118 619.2 33.7 852 144.5 976.9a241 241 0 0 0 148.9 77.7Z\"\/><path d= \"M282.5 1042.6c149 16.2 169-140.3 283.7-153.3 60.8-6.8 123.5 38 189 46.1 262 40 418.4-457.7 174.3-655-61.7-58.3-207-70-280.6-91.1-210.2-60.3-538.5-297-610.4-67.1-22.5 71.9 12 227.3 41.4 309.4 66.6 186.5-75.6 394.7 33.4 519.8 39.1 44.9 118.7 85.6 169.4 91.2Z\"\/><path d= \"M267.9 1054.3c148.7 17.4 135-158 249.7-171.7 60.6-7.4 182.1 26.5 247.6 35.2 261.5 42.7 415.6-511.7 171.8-722.2-61.7-62.2-250 4.4-323.6-18.1-209.9-64.3-405.4-224-543.2-60.8-47 80-4.4 216.3 25 304 66.5 198.8-53 307.2 24.9 497 27 81.1 97.2 130.7 147.8 136.6Z\"\/><\/clipPath><\/svg>            <\/div>\n        \t\t<div class=\"qodef-m-image\">\n\t\t\t\t\t\t\t\t<img fetchpriority=\"high\" decoding=\"async\" width=\"2560\" height=\"1706\" src=\"https:\/\/polbionica.com\/wp-content\/uploads\/2023\/12\/GIL_3526-scaled.jpg\" class=\"attachment-full size-full\" alt=\"\" srcset=\"https:\/\/polbionica.com\/wp-content\/uploads\/2023\/12\/GIL_3526-scaled.jpg 2560w, https:\/\/polbionica.com\/wp-content\/uploads\/2023\/12\/GIL_3526-300x200.jpg 300w, https:\/\/polbionica.com\/wp-content\/uploads\/2023\/12\/GIL_3526-1024x683.jpg 1024w, https:\/\/polbionica.com\/wp-content\/uploads\/2023\/12\/GIL_3526-768x512.jpg 768w, https:\/\/polbionica.com\/wp-content\/uploads\/2023\/12\/GIL_3526-1536x1024.jpg 1536w, https:\/\/polbionica.com\/wp-content\/uploads\/2023\/12\/GIL_3526-2048x1365.jpg 2048w, https:\/\/polbionica.com\/wp-content\/uploads\/2023\/12\/GIL_3526-600x400.jpg 600w\" sizes=\"(max-width: 2560px) 100vw, 2560px\" \/>\t\t\t\t\t\t\t<\/div>\n\t<\/div>\n\t\t\t\t<\/div>\n\t\t\t\t<\/div>\n\t\t\t\t\t<\/div>\n\t\t<\/div>\n\t\t\t\t\t<\/div>\n\t\t<\/section>\n\t\t\t\t<section class=\"elementor-section elementor-top-section elementor-element elementor-element-810e561 elementor-section-full_width elementor-section-height-default elementor-section-height-default\" data-id=\"810e561\" data-element_type=\"section\" data-e-type=\"section\" data-settings=\"{&quot;background_background&quot;:&quot;classic&quot;}\">\n\t\t\t\t\t\t\t<div class=\"elementor-background-overlay\"><\/div>\n\t\t\t\t\t\t\t<div class=\"elementor-container elementor-column-gap-no\">\n\t\t\t\t\t<div class=\"elementor-column elementor-col-100 elementor-top-column elementor-element elementor-element-c94ab7e\" data-id=\"c94ab7e\" data-element_type=\"column\" data-e-type=\"column\">\n\t\t\t<div class=\"elementor-widget-wrap elementor-element-populated\">\n\t\t\t\t\t\t<div class=\"elementor-element elementor-element-12f1c6c elementor-widget elementor-widget-heading\" data-id=\"12f1c6c\" data-element_type=\"widget\" data-e-type=\"widget\" data-widget_type=\"heading.default\">\n\t\t\t\t<div class=\"elementor-widget-container\">\n\t\t\t\t\t<h3 class=\"elementor-heading-title elementor-size-default\">ZOBACZ<\/h3>\t\t\t\t<\/div>\n\t\t\t\t<\/div>\n\t\t\t\t<div class=\"elementor-element elementor-element-58df5d1 elementor-widget__width-initial elementor-widget elementor-widget-text-editor\" data-id=\"58df5d1\" data-element_type=\"widget\" data-e-type=\"widget\" data-widget_type=\"text-editor.default\">\n\t\t\t\t<div class=\"elementor-widget-container\">\n\t\t\t\t\t\t\t\t\t<p><a href=\"https:\/\/polbionica.com\/projekty\/granty-biodrukowana-bioniczna-trzustka\/\">Biodrukowana bioniczna trzustka 3D jako terapia na cukrzyc\u0119 typu 1<\/a><\/p><p><a href=\"https:\/\/polbionica.com\/projekty\/biodrukowanie-3d-bionicznej-trzustki\/\">Biodrukowanie 3D bionicznej trzustki<\/a><\/p>\t\t\t\t\t\t\t\t<\/div>\n\t\t\t\t<\/div>\n\t\t\t\t\t<\/div>\n\t\t<\/div>\n\t\t\t\t\t<\/div>\n\t\t<\/section>\n\t\t\t\t<\/div>\n\t\t","protected":false},"excerpt":{"rendered":"<p>Baza wiedzy Oto najwa\u017cniejsze poj\u0119cia i kr\u00f3tkie wprowadzenie do naszej dziedziny nauki: Czym jest biodruk 3D? Biodruk 3D (3D bioprinting) to zaawansowana technologia biotechnologiczna umo\u017cliwiaj\u0105ca tworzenie tr\u00f3jwymiarowych konstrukcji tkankowych z wykorzystaniem \u017cywych kom\u00f3rek oraz biotuszy (bioinks). Stanowi jedno z kluczowych narz\u0119dzi wsp\u00f3\u0142czesnej in\u017cynierii tkankowej, medycyny regeneracyjnej oraz biofabrykacji. Biofabrykacja (biofabrication) to interdyscyplinarna dziedzina \u0142\u0105cz\u0105ca biologi\u0119, [&hellip;]<\/p>\n","protected":false},"author":1,"featured_media":0,"parent":0,"menu_order":0,"comment_status":"closed","ping_status":"closed","template":"page-full-width.php","meta":{"_acf_changed":false,"inline_featured_image":false,"footnotes":""},"class_list":["post-14462","page","type-page","status-publish","hentry"],"acf":[],"_links":{"self":[{"href":"https:\/\/polbionica.com\/pl\/wp-json\/wp\/v2\/pages\/14462","targetHints":{"allow":["GET"]}}],"collection":[{"href":"https:\/\/polbionica.com\/pl\/wp-json\/wp\/v2\/pages"}],"about":[{"href":"https:\/\/polbionica.com\/pl\/wp-json\/wp\/v2\/types\/page"}],"author":[{"embeddable":true,"href":"https:\/\/polbionica.com\/pl\/wp-json\/wp\/v2\/users\/1"}],"replies":[{"embeddable":true,"href":"https:\/\/polbionica.com\/pl\/wp-json\/wp\/v2\/comments?post=14462"}],"version-history":[{"count":59,"href":"https:\/\/polbionica.com\/pl\/wp-json\/wp\/v2\/pages\/14462\/revisions"}],"predecessor-version":[{"id":16269,"href":"https:\/\/polbionica.com\/pl\/wp-json\/wp\/v2\/pages\/14462\/revisions\/16269"}],"wp:attachment":[{"href":"https:\/\/polbionica.com\/pl\/wp-json\/wp\/v2\/media?parent=14462"}],"curies":[{"name":"wp","href":"https:\/\/api.w.org\/{rel}","templated":true}]}}