{"id":13740,"date":"2024-04-08T14:21:28","date_gmt":"2024-04-08T14:21:28","guid":{"rendered":"https:\/\/polbionica.esc2.emartsynergia.com\/?page_id=13740"},"modified":"2024-06-22T04:54:05","modified_gmt":"2024-06-22T04:54:05","slug":"oferta-2","status":"publish","type":"page","link":"https:\/\/polbionica.com\/pl\/oferta-2\/","title":{"rendered":"Nag\u0142\u00f3wek sklep"},"content":{"rendered":"\t\t<div data-elementor-type=\"wp-page\" data-elementor-id=\"13740\" class=\"elementor elementor-13740\">\n\t\t\t\t\t\t<section class=\"elementor-section elementor-top-section elementor-element elementor-element-22c11e80 elementor-section-full_width elementor-section-height-default elementor-section-height-default\" data-id=\"22c11e80\" data-element_type=\"section\" data-e-type=\"section\" data-settings=\"{&quot;background_background&quot;:&quot;classic&quot;}\">\n\t\t\t\t\t\t\t<div class=\"elementor-background-overlay\"><\/div>\n\t\t\t\t\t\t\t<div class=\"elementor-container elementor-column-gap-no\">\n\t\t\t\t\t<div class=\"elementor-column elementor-col-100 elementor-top-column elementor-element elementor-element-1ddf66ef\" data-id=\"1ddf66ef\" data-element_type=\"column\" data-e-type=\"column\">\n\t\t\t<div class=\"elementor-widget-wrap elementor-element-populated\">\n\t\t\t\t\t\t<div class=\"elementor-element elementor-element-821a766 elementor-widget elementor-widget-heading\" data-id=\"821a766\" data-element_type=\"widget\" data-e-type=\"widget\" data-widget_type=\"heading.default\">\n\t\t\t\t<div class=\"elementor-widget-container\">\n\t\t\t\t\t<h2 class=\"elementor-heading-title elementor-size-default\">Nasza Oferta<\/h2>\t\t\t\t<\/div>\n\t\t\t\t<\/div>\n\t\t\t\t<div class=\"elementor-element elementor-element-57c4bbb elementor-widget elementor-widget-text-editor\" data-id=\"57c4bbb\" data-element_type=\"widget\" data-e-type=\"widget\" data-widget_type=\"text-editor.default\">\n\t\t\t\t<div class=\"elementor-widget-container\">\n\t\t\t\t\t\t\t\t\t<p>To z naszej codziennej praktyki wdro\u017ceniowej wyros\u0142a uwa\u017cno\u015b\u0107 na najwy\u017csz\u0105 jako\u015b\u0107 stosowanych biomateria\u0142\u00f3w. Dzisiaj dzielimy si\u0119 efektem naszych do\u015bwiadcze\u0144 w postaci linii produktowych Tintbionic\u00ae oraz Printiss\u00ae pozwalaj\u0105cych w biodruku 3D precyzyjnie odtwarza\u0107 funkcje organ\u00f3w organizmu.<\/p>\t\t\t\t\t\t\t\t<\/div>\n\t\t\t\t<\/div>\n\t\t\t\t\t<\/div>\n\t\t<\/div>\n\t\t\t\t\t<\/div>\n\t\t<\/section>\n\t\t<div class=\"elementor-element elementor-element-2adb65f e-con-full e-flex e-con e-parent\" data-id=\"2adb65f\" data-element_type=\"container\" data-e-type=\"container\">\n\t\t<a class=\"elementor-element elementor-element-098cc0b e-flex e-con-boxed e-con e-child\" data-id=\"098cc0b\" data-element_type=\"container\" data-e-type=\"container\" data-settings=\"{&quot;background_background&quot;:&quot;classic&quot;}\" href=\"\/nasza-oferta\/produkty\/\">\n\t\t\t\t\t<div class=\"e-con-inner\">\n\t\t\t\t<div class=\"elementor-element elementor-element-4079846 elementor-widget elementor-widget-heading\" data-id=\"4079846\" data-element_type=\"widget\" data-e-type=\"widget\" data-widget_type=\"heading.default\">\n\t\t\t\t<div class=\"elementor-widget-container\">\n\t\t\t\t\t<h3 class=\"elementor-heading-title elementor-size-default\">Produkty<\/h3>\t\t\t\t<\/div>\n\t\t\t\t<\/div>\n\t\t\t\t<div class=\"elementor-element elementor-element-a20fcff elementor-widget elementor-widget-text-editor\" data-id=\"a20fcff\" data-element_type=\"widget\" data-e-type=\"widget\" data-widget_type=\"text-editor.default\">\n\t\t\t\t<div class=\"elementor-widget-container\">\n\t\t\t\t\t\t\t\t\t<p>BIOTUSZE, ZESTAWY DO BIODRUKU I WIELE INNYCH<\/p>\t\t\t\t\t\t\t\t<\/div>\n\t\t\t\t<\/div>\n\t\t\t\t\t<\/div>\n\t\t\t\t<\/a>\n\t\t<a class=\"elementor-element elementor-element-34ce544 e-flex e-con-boxed e-con e-child\" data-id=\"34ce544\" data-element_type=\"container\" data-e-type=\"container\" data-settings=\"{&quot;background_background&quot;:&quot;classic&quot;}\" href=\"\/nasza-oferta\/urzadzenia-laboratoryjne\/\">\n\t\t\t\t\t<div class=\"e-con-inner\">\n\t\t\t\t<div class=\"elementor-element elementor-element-64c303c elementor-widget elementor-widget-heading\" data-id=\"64c303c\" data-element_type=\"widget\" data-e-type=\"widget\" data-widget_type=\"heading.default\">\n\t\t\t\t<div class=\"elementor-widget-container\">\n\t\t\t\t\t<h3 class=\"elementor-heading-title elementor-size-default\">Urz\u0105dzenia laboratoryjne<\/h3>\t\t\t\t<\/div>\n\t\t\t\t<\/div>\n\t\t\t\t<div class=\"elementor-element elementor-element-b2bc7fc elementor-widget elementor-widget-text-editor\" data-id=\"b2bc7fc\" data-element_type=\"widget\" data-e-type=\"widget\" data-widget_type=\"text-editor.default\">\n\t\t\t\t<div class=\"elementor-widget-container\">\n\t\t\t\t\t\t\t\t\t<p>WYPOSA\u017bENIE LABORATORIUM I SPRZ\u0118T DO BIODRUKU<\/p>\t\t\t\t\t\t\t\t<\/div>\n\t\t\t\t<\/div>\n\t\t\t\t\t<\/div>\n\t\t\t\t<\/a>\n\t\t<a class=\"elementor-element elementor-element-f7bd2ee e-flex e-con-boxed e-con e-child\" data-id=\"f7bd2ee\" data-element_type=\"container\" data-e-type=\"container\" data-settings=\"{&quot;background_background&quot;:&quot;classic&quot;}\" href=\"\/nasza-oferta\/uslugi\/\">\n\t\t\t\t\t<div class=\"e-con-inner\">\n\t\t\t\t<div class=\"elementor-element elementor-element-6f4acac elementor-widget elementor-widget-heading\" data-id=\"6f4acac\" data-element_type=\"widget\" data-e-type=\"widget\" data-widget_type=\"heading.default\">\n\t\t\t\t<div class=\"elementor-widget-container\">\n\t\t\t\t\t<h3 class=\"elementor-heading-title elementor-size-default\">Us\u0142ugi<\/h3>\t\t\t\t<\/div>\n\t\t\t\t<\/div>\n\t\t\t\t<div class=\"elementor-element elementor-element-d5d7549 elementor-widget elementor-widget-text-editor\" data-id=\"d5d7549\" data-element_type=\"widget\" data-e-type=\"widget\" data-widget_type=\"text-editor.default\">\n\t\t\t\t<div class=\"elementor-widget-container\">\n\t\t\t\t\t\t\t\t\t<p>SPECJALISTYCZNE US\u0141UGI BIODRUKU 3D<\/p>\t\t\t\t\t\t\t\t<\/div>\n\t\t\t\t<\/div>\n\t\t\t\t\t<\/div>\n\t\t\t\t<\/a>\n\t\t\t\t<\/div>\n\t\t<div class=\"elementor-element elementor-element-79aa5af e-flex e-con-boxed e-con e-parent\" data-id=\"79aa5af\" data-element_type=\"container\" data-e-type=\"container\">\n\t\t\t\t\t<div class=\"e-con-inner\">\n\t\t\t\t\t<\/div>\n\t\t\t\t<\/div>\n\t\t\t\t<\/div>\n\t\t","protected":false},"excerpt":{"rendered":"<p>Nasza Oferta To z naszej codziennej praktyki wdro\u017ceniowej wyros\u0142a uwa\u017cno\u015b\u0107 na najwy\u017csz\u0105 jako\u015b\u0107 stosowanych biomateria\u0142\u00f3w. Dzisiaj dzielimy si\u0119 efektem naszych do\u015bwiadcze\u0144 w postaci linii produktowych Tintbionic\u00ae oraz Printiss\u00ae pozwalaj\u0105cych w biodruku 3D precyzyjnie odtwarza\u0107 funkcje organ\u00f3w organizmu. Produkty BIOTUSZE, ZESTAWY DO BIODRUKU I WIELE INNYCH Urz\u0105dzenia laboratoryjne WYPOSA\u017bENIE LABORATORIUM I SPRZ\u0118T DO BIODRUKU Us\u0142ugi SPECJALISTYCZNE [&hellip;]<\/p>\n","protected":false},"author":1,"featured_media":0,"parent":0,"menu_order":0,"comment_status":"closed","ping_status":"closed","template":"elementor_header_footer","meta":{"_acf_changed":false,"inline_featured_image":false,"footnotes":""},"class_list":["post-13740","page","type-page","status-publish","hentry"],"acf":[],"_links":{"self":[{"href":"https:\/\/polbionica.com\/pl\/wp-json\/wp\/v2\/pages\/13740","targetHints":{"allow":["GET"]}}],"collection":[{"href":"https:\/\/polbionica.com\/pl\/wp-json\/wp\/v2\/pages"}],"about":[{"href":"https:\/\/polbionica.com\/pl\/wp-json\/wp\/v2\/types\/page"}],"author":[{"embeddable":true,"href":"https:\/\/polbionica.com\/pl\/wp-json\/wp\/v2\/users\/1"}],"replies":[{"embeddable":true,"href":"https:\/\/polbionica.com\/pl\/wp-json\/wp\/v2\/comments?post=13740"}],"version-history":[{"count":80,"href":"https:\/\/polbionica.com\/pl\/wp-json\/wp\/v2\/pages\/13740\/revisions"}],"predecessor-version":[{"id":16035,"href":"https:\/\/polbionica.com\/pl\/wp-json\/wp\/v2\/pages\/13740\/revisions\/16035"}],"wp:attachment":[{"href":"https:\/\/polbionica.com\/pl\/wp-json\/wp\/v2\/media?parent=13740"}],"curies":[{"name":"wp","href":"https:\/\/api.w.org\/{rel}","templated":true}]}}