{"id":11351,"date":"2023-12-19T10:08:40","date_gmt":"2023-12-19T10:08:40","guid":{"rendered":"https:\/\/polbionica.esc2.emartsynergia.com\/?page_id=11351"},"modified":"2024-11-06T16:35:30","modified_gmt":"2024-11-06T16:35:30","slug":"dr-n-med-marta-klak","status":"publish","type":"page","link":"https:\/\/polbionica.com\/pl\/o-nas-2\/zespol\/dr-n-med-marta-klak\/","title":{"rendered":"dr n. med. Marta Klak"},"content":{"rendered":"\t\t<div data-elementor-type=\"wp-page\" data-elementor-id=\"11351\" class=\"elementor elementor-11351\">\n\t\t\t\t<div class=\"elementor-element elementor-element-6957d65 e-con-full e-flex e-con e-parent\" data-id=\"6957d65\" data-element_type=\"container\" data-e-type=\"container\" data-settings=\"{&quot;background_background&quot;:&quot;classic&quot;}\">\n\t\t<div class=\"elementor-element elementor-element-8c7f2d2 e-con-full e-flex e-con e-child\" data-id=\"8c7f2d2\" data-element_type=\"container\" data-e-type=\"container\">\n\t\t\t\t<div class=\"elementor-element elementor-element-1eda5ac elementor-widget elementor-widget-heading\" data-id=\"1eda5ac\" data-element_type=\"widget\" data-e-type=\"widget\" data-widget_type=\"heading.default\">\n\t\t\t\t<div class=\"elementor-widget-container\">\n\t\t\t\t\t<h2 class=\"elementor-heading-title elementor-size-default\">dr n. med. Marta Klak<\/h2>\t\t\t\t<\/div>\n\t\t\t\t<\/div>\n\t\t\t\t<div class=\"elementor-element elementor-element-813974c elementor-widget elementor-widget-text-editor\" data-id=\"813974c\" data-element_type=\"widget\" data-e-type=\"widget\" data-widget_type=\"text-editor.default\">\n\t\t\t\t<div class=\"elementor-widget-container\">\n\t\t\t\t\t\t\t\t\t<h6 class=\"elementor-heading-title elementor-size-default\">Biografia<\/h6>\t\t\t\t\t\t\t\t<\/div>\n\t\t\t\t<\/div>\n\t\t\t\t<div class=\"elementor-element elementor-element-9f1f6d2 elementor-widget elementor-widget-text-editor\" data-id=\"9f1f6d2\" data-element_type=\"widget\" data-e-type=\"widget\" data-widget_type=\"text-editor.default\">\n\t\t\t\t<div class=\"elementor-widget-container\">\n\t\t\t\t\t\t\t\t\t<p>Dyrektor ds. Technologii (CTO) i Kierownik laboratorium. Doktor nauk medycznych, specjalista biologii medycznej i biotechnolog. Stopie\u0144 doktora nauk medycznych uzyska\u0142a na Pomorskim Uniwersytecie Medycznym w Szczecinie (PUM), gdzie prowadzi\u0142a projekty zwi\u0105zane z chorobami autoimmunologicznymi. Uczestniczka i prelegentka na wielu konferencjach krajowych oraz mi\u0119dzynarodowych. Obecnie sprawuje funkcj\u0119 promotora pomocniczego, temat rozprawy doktorskiej: \u201dWp\u0142yw ci\u015bnienia wykorzystywanego podczas druku 3D metod\u0105 ekstruzyjn\u0105 na \u017cywotno\u015b\u0107, proliferacj\u0119 i funkcjonalno\u015b\u0107 wybranych zwierz\u0119cych linii kom\u00f3rkowych.\u201d Od 2017 zarz\u0105dza\u0142a laboratorium w Fundacji Bada\u0144 i Rozwoju Nauki przy projekcie biodruku 3D bionicznej trzustki. W 2018 roku odby\u0142a szkolenie w Klinice Transplantacyjnej Uniwersytetu w Leiden w Holandii z zakresu biologii i izolacji wysp trzustkowych pod kierownictwem Profesora Elco Koning.&nbsp;<\/p><p>Obecnie jako CTO w Polbionica pe\u0142ni kluczowe role w projektach naukowych, zar\u00f3wno w cz\u0119\u015bci badawczo-rozwojowej, jak i przy pracach rozwojowych we wdra\u017caniu wynik\u00f3w projekt\u00f3w do praktycznego u\u017cytku. Odpowiada za&nbsp;rozw\u00f3j strategii technologicznej , tworzenie i wdra\u017canie usprawnie\u0144 oraz nowych rozwi\u0105za\u0144 i system\u00f3w. Sprawuje te\u017c nadz\u00f3r nad optymalizacj\u0105 u\u017cywania technologii.&nbsp;<\/p>\t\t\t\t\t\t\t\t<\/div>\n\t\t\t\t<\/div>\n\t\t\t\t<\/div>\n\t\t<div class=\"elementor-element elementor-element-f37f1c2 e-con-full e-flex e-con e-child\" data-id=\"f37f1c2\" data-element_type=\"container\" data-e-type=\"container\">\n\t\t\t\t<div class=\"elementor-element elementor-element-44bf3dd elementor-widget elementor-widget-image\" data-id=\"44bf3dd\" data-element_type=\"widget\" data-e-type=\"widget\" data-widget_type=\"image.default\">\n\t\t\t\t<div class=\"elementor-widget-container\">\n\t\t\t\t\t\t\t\t\t\t\t\t\t\t\t<img fetchpriority=\"high\" decoding=\"async\" width=\"350\" height=\"460\" src=\"https:\/\/polbionica.com\/wp-content\/uploads\/2023\/12\/marta-klak.jpg\" class=\"attachment-full size-full wp-image-10043\" alt=\"\" srcset=\"https:\/\/polbionica.com\/wp-content\/uploads\/2023\/12\/marta-klak.jpg 350w, https:\/\/polbionica.com\/wp-content\/uploads\/2023\/12\/marta-klak-228x300.jpg 228w\" sizes=\"(max-width: 350px) 100vw, 350px\" \/>\t\t\t\t\t\t\t\t\t\t\t\t\t\t\t<\/div>\n\t\t\t\t<\/div>\n\t\t\t\t<\/div>\n\t\t\t\t<\/div>\n\t\t<div class=\"elementor-element elementor-element-ca78128 e-con-full e-flex e-con e-parent\" data-id=\"ca78128\" data-element_type=\"container\" data-e-type=\"container\">\n\t\t<div class=\"elementor-element elementor-element-3d246ca e-con-full e-flex e-con e-child\" data-id=\"3d246ca\" data-element_type=\"container\" data-e-type=\"container\">\n\t\t\t\t<div class=\"elementor-element elementor-element-9e715f7 elementor-widget elementor-widget-text-editor\" data-id=\"9e715f7\" data-element_type=\"widget\" data-e-type=\"widget\" data-widget_type=\"text-editor.default\">\n\t\t\t\t<div class=\"elementor-widget-container\">\n\t\t\t\t\t\t\t\t\t<h6>Uko\u0144czone kursy i certyfikaty:<\/h6><p>2014 \u2013 Kierownik jako\u015bci i audytor wewn\u0119trzny systemu zarz\u0105dzania jako\u015bci\u0105 w laboratorium badawczym i wzorcuj\u0105cym wg ISO\/IEC 17025:2005<\/p><p>2014 \u2013 Autoprezentacja i wyst\u0105pienia publiczne<\/p><p>2016 \u2013 Hodowle kom\u00f3rek eukariotycznych<\/p><p>2017 \u2013 Clinical Trials Monitoring Advanced, Soft Communication<\/p><p>2017 \u2013 Szkolenie dla os\u00f3b odpowiedzialnych za planowanie i wykonywanie procedur i do\u015bwiadcze\u0144 oraz u\u015bmiercaj\u0105cych zwierz\u0119ta, PolLASA<\/p>\t\t\t\t\t\t\t\t<\/div>\n\t\t\t\t<\/div>\n\t\t\t\t<\/div>\n\t\t\t\t<\/div>\n\t\t\t\t<\/div>\n\t\t","protected":false},"excerpt":{"rendered":"<p>dr n. med. Marta Klak Biografia Dyrektor ds. Technologii (CTO) i Kierownik laboratorium. Doktor nauk medycznych, specjalista biologii medycznej i biotechnolog. Stopie\u0144 doktora nauk medycznych uzyska\u0142a na Pomorskim Uniwersytecie Medycznym w Szczecinie (PUM), gdzie prowadzi\u0142a projekty zwi\u0105zane z chorobami autoimmunologicznymi. Uczestniczka i prelegentka na wielu konferencjach krajowych oraz mi\u0119dzynarodowych. Obecnie sprawuje funkcj\u0119 promotora pomocniczego, temat [&hellip;]<\/p>\n","protected":false},"author":1,"featured_media":0,"parent":10104,"menu_order":0,"comment_status":"closed","ping_status":"closed","template":"","meta":{"_acf_changed":false,"inline_featured_image":false,"footnotes":""},"class_list":["post-11351","page","type-page","status-publish","hentry"],"acf":[],"_links":{"self":[{"href":"https:\/\/polbionica.com\/pl\/wp-json\/wp\/v2\/pages\/11351","targetHints":{"allow":["GET"]}}],"collection":[{"href":"https:\/\/polbionica.com\/pl\/wp-json\/wp\/v2\/pages"}],"about":[{"href":"https:\/\/polbionica.com\/pl\/wp-json\/wp\/v2\/types\/page"}],"author":[{"embeddable":true,"href":"https:\/\/polbionica.com\/pl\/wp-json\/wp\/v2\/users\/1"}],"replies":[{"embeddable":true,"href":"https:\/\/polbionica.com\/pl\/wp-json\/wp\/v2\/comments?post=11351"}],"version-history":[{"count":31,"href":"https:\/\/polbionica.com\/pl\/wp-json\/wp\/v2\/pages\/11351\/revisions"}],"predecessor-version":[{"id":15435,"href":"https:\/\/polbionica.com\/pl\/wp-json\/wp\/v2\/pages\/11351\/revisions\/15435"}],"up":[{"embeddable":true,"href":"https:\/\/polbionica.com\/pl\/wp-json\/wp\/v2\/pages\/10104"}],"wp:attachment":[{"href":"https:\/\/polbionica.com\/pl\/wp-json\/wp\/v2\/media?parent=11351"}],"curies":[{"name":"wp","href":"https:\/\/api.w.org\/{rel}","templated":true}]}}