{"id":11346,"date":"2023-12-19T10:07:11","date_gmt":"2023-12-19T10:07:11","guid":{"rendered":"https:\/\/polbionica.esc2.emartsynergia.com\/?page_id=11346"},"modified":"2024-11-06T11:41:35","modified_gmt":"2024-11-06T11:41:35","slug":"filip-fertner","status":"publish","type":"page","link":"https:\/\/polbionica.com\/pl\/o-nas-2\/zespol\/filip-fertner\/","title":{"rendered":"Filip Fertner"},"content":{"rendered":"\t\t<div data-elementor-type=\"wp-page\" data-elementor-id=\"11346\" class=\"elementor elementor-11346\">\n\t\t\t\t<div class=\"elementor-element elementor-element-6957d65 e-con-full e-flex e-con e-parent\" data-id=\"6957d65\" data-element_type=\"container\" data-e-type=\"container\" data-settings=\"{&quot;background_background&quot;:&quot;classic&quot;}\">\n\t\t<div class=\"elementor-element elementor-element-8c7f2d2 e-con-full e-flex e-con e-child\" data-id=\"8c7f2d2\" data-element_type=\"container\" data-e-type=\"container\">\n\t\t\t\t<div class=\"elementor-element elementor-element-1eda5ac elementor-widget elementor-widget-heading\" data-id=\"1eda5ac\" data-element_type=\"widget\" data-e-type=\"widget\" data-widget_type=\"heading.default\">\n\t\t\t\t<div class=\"elementor-widget-container\">\n\t\t\t\t\t<h2 class=\"elementor-heading-title elementor-size-default\">Filip Fertner<\/h2>\t\t\t\t<\/div>\n\t\t\t\t<\/div>\n\t\t\t\t<div class=\"elementor-element elementor-element-813974c elementor-widget elementor-widget-text-editor\" data-id=\"813974c\" data-element_type=\"widget\" data-e-type=\"widget\" data-widget_type=\"text-editor.default\">\n\t\t\t\t<div class=\"elementor-widget-container\">\n\t\t\t\t\t\t\t\t\t<h6 class=\"elementor-heading-title elementor-size-default\">biografia<\/h6>\t\t\t\t\t\t\t\t<\/div>\n\t\t\t\t<\/div>\n\t\t\t\t<div class=\"elementor-element elementor-element-9f1f6d2 elementor-widget elementor-widget-text-editor\" data-id=\"9f1f6d2\" data-element_type=\"widget\" data-e-type=\"widget\" data-widget_type=\"text-editor.default\">\n\t\t\t\t<div class=\"elementor-widget-container\">\n\t\t\t\t\t\t\t\t\t<p>W Polbionica pe\u0142ni funkcj\u0119 dyrektora finansowego. Filip Fertner jest absolwentem Wydzia\u0142u Zarz\u0105dzania&nbsp;<span style=\"background-color: #f2f7fa; color: var( --e-global-color-text ); font-family: var( --e-global-typography-text-font-family ), Sans-serif; font-size: var( --e-global-typography-text-font-size ); font-weight: var( --e-global-typography-text-font-weight ); text-align: var(--text-align);\">Uniwersytetu Warszawskiego&nbsp;<\/span><span style=\"color: var( --e-global-color-text ); font-family: var( --e-global-typography-text-font-family ), Sans-serif; font-size: var( --e-global-typography-text-font-size ); font-weight: var( --e-global-typography-text-font-weight ); text-align: var(--text-align);\">ze specjalizacj\u0105 w cywilnoprawnych aspektach zarz\u0105dzania. Posiada 20 lat praktycznego do\u015bwiadczenia w dziedzinie ekonomii i finans\u00f3w, rachunkowo\u015bci korporacyjnej i analizy finansowej, a tak\u017ce w zarz\u0105dzaniu sp\u00f3\u0142kami publicznymi, gdzie nadzorowa\u0142 wype\u0142nianie obowi\u0105zk\u00f3w informacyjnych i przestrzeganie \u0142adu korporacyjnego. Mened\u017cer z rozleg\u0142ym praktycznym do\u015bwiadczeniem w zarz\u0105dzaniu z\u0142o\u017conymi projektami biznesowymi, ze szczeg\u00f3lnym uwzgl\u0119dnieniem budowy strategii rozwoju, analizy ryzyka, scenariuszy fuzji i przej\u0119\u0107, tak\u017ce w \u015brodowisku mi\u0119dzynarodowym.<\/span><\/p>\n<p>W trakcie swojej kariery pracowa\u0142 na stanowiskach kierowniczych w przedsi\u0119biorstwach wielu bran\u017c, m.in. metali szlachetnych, energetyki, turystyki, budownictwa, a tak\u017ce w bran\u017cy spo\u017cywczej. Jest poliglot\u0105. Pos\u0142uguje si\u0119 p\u0142ynnie j\u0119zykiem angielskim, francuskim, hiszpa\u0144skim, niemieckim,&nbsp;<span style=\"background-color: rgb(242, 247, 250); color: var( --e-global-color-text ); font-family: var( --e-global-typography-text-font-family ), Sans-serif; font-size: var( --e-global-typography-text-font-size ); font-weight: var( --e-global-typography-text-font-weight );\">rosyjskim i&nbsp;<\/span><span style=\"color: var( --e-global-color-text ); font-family: var( --e-global-typography-text-font-family ), Sans-serif; font-size: var( --e-global-typography-text-font-size ); font-weight: var( --e-global-typography-text-font-weight );\">w\u0142oskim.<\/span><\/p>\t\t\t\t\t\t\t\t<\/div>\n\t\t\t\t<\/div>\n\t\t\t\t<\/div>\n\t\t<div class=\"elementor-element elementor-element-f37f1c2 e-con-full e-flex e-con e-child\" data-id=\"f37f1c2\" data-element_type=\"container\" data-e-type=\"container\">\n\t\t\t\t<div class=\"elementor-element elementor-element-44bf3dd elementor-widget elementor-widget-image\" data-id=\"44bf3dd\" data-element_type=\"widget\" data-e-type=\"widget\" data-widget_type=\"image.default\">\n\t\t\t\t<div class=\"elementor-widget-container\">\n\t\t\t\t\t\t\t\t\t\t\t\t\t\t\t<img fetchpriority=\"high\" decoding=\"async\" width=\"350\" height=\"460\" src=\"https:\/\/polbionica.com\/wp-content\/uploads\/2023\/12\/filip-fertner.jpg\" class=\"attachment-full size-full wp-image-10042\" alt=\"\" srcset=\"https:\/\/polbionica.com\/wp-content\/uploads\/2023\/12\/filip-fertner.jpg 350w, https:\/\/polbionica.com\/wp-content\/uploads\/2023\/12\/filip-fertner-228x300.jpg 228w\" sizes=\"(max-width: 350px) 100vw, 350px\" \/>\t\t\t\t\t\t\t\t\t\t\t\t\t\t\t<\/div>\n\t\t\t\t<\/div>\n\t\t\t\t<\/div>\n\t\t\t\t<\/div>\n\t\t\t\t<\/div>\n\t\t","protected":false},"excerpt":{"rendered":"<p>Filip Fertner biografia W Polbionica pe\u0142ni funkcj\u0119 dyrektora finansowego. Filip Fertner jest absolwentem Wydzia\u0142u Zarz\u0105dzania&nbsp;Uniwersytetu Warszawskiego&nbsp;ze specjalizacj\u0105 w cywilnoprawnych aspektach zarz\u0105dzania. Posiada 20 lat praktycznego do\u015bwiadczenia w dziedzinie ekonomii i finans\u00f3w, rachunkowo\u015bci korporacyjnej i analizy finansowej, a tak\u017ce w zarz\u0105dzaniu sp\u00f3\u0142kami publicznymi, gdzie nadzorowa\u0142 wype\u0142nianie obowi\u0105zk\u00f3w informacyjnych i przestrzeganie \u0142adu korporacyjnego. Mened\u017cer z rozleg\u0142ym praktycznym [&hellip;]<\/p>\n","protected":false},"author":1,"featured_media":0,"parent":10104,"menu_order":0,"comment_status":"closed","ping_status":"closed","template":"","meta":{"_acf_changed":false,"inline_featured_image":false,"footnotes":""},"class_list":["post-11346","page","type-page","status-publish","hentry"],"acf":[],"_links":{"self":[{"href":"https:\/\/polbionica.com\/pl\/wp-json\/wp\/v2\/pages\/11346","targetHints":{"allow":["GET"]}}],"collection":[{"href":"https:\/\/polbionica.com\/pl\/wp-json\/wp\/v2\/pages"}],"about":[{"href":"https:\/\/polbionica.com\/pl\/wp-json\/wp\/v2\/types\/page"}],"author":[{"embeddable":true,"href":"https:\/\/polbionica.com\/pl\/wp-json\/wp\/v2\/users\/1"}],"replies":[{"embeddable":true,"href":"https:\/\/polbionica.com\/pl\/wp-json\/wp\/v2\/comments?post=11346"}],"version-history":[{"count":29,"href":"https:\/\/polbionica.com\/pl\/wp-json\/wp\/v2\/pages\/11346\/revisions"}],"predecessor-version":[{"id":15371,"href":"https:\/\/polbionica.com\/pl\/wp-json\/wp\/v2\/pages\/11346\/revisions\/15371"}],"up":[{"embeddable":true,"href":"https:\/\/polbionica.com\/pl\/wp-json\/wp\/v2\/pages\/10104"}],"wp:attachment":[{"href":"https:\/\/polbionica.com\/pl\/wp-json\/wp\/v2\/media?parent=11346"}],"curies":[{"name":"wp","href":"https:\/\/api.w.org\/{rel}","templated":true}]}}