{"id":10104,"date":"2023-12-15T12:28:24","date_gmt":"2023-12-15T12:28:24","guid":{"rendered":"https:\/\/polbionica.esc2.emartsynergia.com\/?page_id=10104"},"modified":"2026-03-17T12:21:42","modified_gmt":"2026-03-17T12:21:42","slug":"zespol","status":"publish","type":"page","link":"https:\/\/polbionica.com\/pl\/o-nas-2\/zespol\/","title":{"rendered":"Zesp\u00f3\u0142"},"content":{"rendered":"\t\t<div data-elementor-type=\"wp-page\" data-elementor-id=\"10104\" class=\"elementor elementor-10104\">\n\t\t\t\t<div class=\"elementor-element elementor-element-6957d65 e-con-full e-flex e-con e-parent\" data-id=\"6957d65\" data-element_type=\"container\" data-e-type=\"container\" data-settings=\"{&quot;background_background&quot;:&quot;classic&quot;}\">\n\t\t<div class=\"elementor-element elementor-element-7eec49e e-con-full e-flex e-con e-child\" data-id=\"7eec49e\" data-element_type=\"container\" data-e-type=\"container\">\n\t\t\t\t<div class=\"elementor-element elementor-element-44afe85 elementor-widget elementor-widget-heading\" data-id=\"44afe85\" data-element_type=\"widget\" data-e-type=\"widget\" data-widget_type=\"heading.default\">\n\t\t\t\t<div class=\"elementor-widget-container\">\n\t\t\t\t\t<h2 class=\"elementor-heading-title elementor-size-default\">Nasz zesp\u00f3\u0142<\/h2>\t\t\t\t<\/div>\n\t\t\t\t<\/div>\n\t\t\t\t<div class=\"elementor-element elementor-element-cb01342 elementor-widget elementor-widget-text-editor\" data-id=\"cb01342\" data-element_type=\"widget\" data-e-type=\"widget\" data-widget_type=\"text-editor.default\">\n\t\t\t\t<div class=\"elementor-widget-container\">\n\t\t\t\t\t\t\t\t\t<h6>Polbionica to multidyscyplinarny, gotowy na wyzwania i nienasycony intelektualnie zesp\u00f3\u0142.<\/h6>\t\t\t\t\t\t\t\t<\/div>\n\t\t\t\t<\/div>\n\t\t\t\t<div class=\"elementor-element elementor-element-d5d6737 elementor-widget elementor-widget-text-editor\" data-id=\"d5d6737\" data-element_type=\"widget\" data-e-type=\"widget\" data-widget_type=\"text-editor.default\">\n\t\t\t\t<div class=\"elementor-widget-container\">\n\t\t\t\t\t\t\t\t\t<p>W jego sk\u0142ad wchodz\u0105 lekarze i konsultanci medyczni, biotechnolodzy, in\u017cynierowie, technicy laboratoryjni, eksperci ds. regulacji, kreatorzy biznesu i specjali\u015bci ds. sprzeda\u017cy i marketingu. Ufamy sobie nawzajem i wsp\u00f3lnie d\u0105\u017cymy do celu, jakim jest poprawa \u017cycia pacjent\u00f3w z cukrzyc\u0105. Zesp\u00f3\u0142 Polbionica stale si\u0119 powi\u0119ksza o nowych specjalist\u00f3w.<\/p>\t\t\t\t\t\t\t\t<\/div>\n\t\t\t\t<\/div>\n\t\t\t\t<\/div>\n\t\t<div class=\"elementor-element elementor-element-069a927 e-con-full e-flex e-con e-child\" data-id=\"069a927\" data-element_type=\"container\" data-e-type=\"container\">\n\t\t\t\t<div class=\"elementor-element elementor-element-24ea33a elementor-widget elementor-widget-image\" data-id=\"24ea33a\" data-element_type=\"widget\" data-e-type=\"widget\" data-widget_type=\"image.default\">\n\t\t\t\t<div class=\"elementor-widget-container\">\n\t\t\t\t\t\t\t\t\t\t\t\t\t\t\t<img fetchpriority=\"high\" decoding=\"async\" width=\"743\" height=\"378\" src=\"https:\/\/polbionica.com\/wp-content\/uploads\/2023\/12\/zespol.png\" class=\"attachment-full size-full wp-image-9997\" alt=\"\" srcset=\"https:\/\/polbionica.com\/wp-content\/uploads\/2023\/12\/zespol.png 743w, https:\/\/polbionica.com\/wp-content\/uploads\/2023\/12\/zespol-600x305.png 600w, https:\/\/polbionica.com\/wp-content\/uploads\/2023\/12\/zespol-300x153.png 300w\" sizes=\"(max-width: 743px) 100vw, 743px\" \/>\t\t\t\t\t\t\t\t\t\t\t\t\t\t\t<\/div>\n\t\t\t\t<\/div>\n\t\t\t\t<\/div>\n\t\t\t\t<\/div>\n\t\t<div class=\"elementor-element elementor-element-ca78128 e-con-full e-flex e-con e-parent\" data-id=\"ca78128\" data-element_type=\"container\" data-e-type=\"container\">\n\t\t<div class=\"elementor-element elementor-element-751fe6d e-con-full e-flex e-con e-child\" data-id=\"751fe6d\" data-element_type=\"container\" data-e-type=\"container\">\n\t\t\t\t<div class=\"elementor-element elementor-element-28e80fe elementor-widget__width-inherit elementor-position-top elementor-widget elementor-widget-image-box\" data-id=\"28e80fe\" data-element_type=\"widget\" data-e-type=\"widget\" data-widget_type=\"image-box.default\">\n\t\t\t\t<div class=\"elementor-widget-container\">\n\t\t\t\t\t<div class=\"elementor-image-box-wrapper\"><figure class=\"elementor-image-box-img\"><a href=\"\/o-nas-2\/zespol\/prof-dr-hab-n-med-michal-wszola\/\" tabindex=\"-1\"><img decoding=\"async\" width=\"350\" height=\"460\" src=\"https:\/\/polbionica.com\/wp-content\/uploads\/2023\/12\/michal-wszola.jpg\" class=\"attachment-large size-large wp-image-10026\" alt=\"\" srcset=\"https:\/\/polbionica.com\/wp-content\/uploads\/2023\/12\/michal-wszola.jpg 350w, https:\/\/polbionica.com\/wp-content\/uploads\/2023\/12\/michal-wszola-228x300.jpg 228w\" sizes=\"(max-width: 350px) 100vw, 350px\" \/><\/a><\/figure><div class=\"elementor-image-box-content\"><h6 class=\"elementor-image-box-title\"><a href=\"\/o-nas-2\/zespol\/prof-dr-hab-n-med-michal-wszola\/\">Prof. Micha\u0142 Wszo\u0142a MD, PhD<\/a><\/h6><p class=\"elementor-image-box-description\">Prezes Zarz\u0105du<br>Dyrektor Generalny<\/p><\/div><\/div>\t\t\t\t<\/div>\n\t\t\t\t<\/div>\n\t\t\t\t<\/div>\n\t\t<div class=\"elementor-element elementor-element-3fc76e1 e-con-full e-flex e-con e-child\" data-id=\"3fc76e1\" data-element_type=\"container\" data-e-type=\"container\">\n\t\t\t\t<div class=\"elementor-element elementor-element-c5ba89c elementor-position-top elementor-widget elementor-widget-image-box\" data-id=\"c5ba89c\" data-element_type=\"widget\" data-e-type=\"widget\" data-widget_type=\"image-box.default\">\n\t\t\t\t<div class=\"elementor-widget-container\">\n\t\t\t\t\t<div class=\"elementor-image-box-wrapper\"><figure class=\"elementor-image-box-img\"><a href=\"\/o-nas-2\/zespol\/filip-fertner\/\" tabindex=\"-1\"><img decoding=\"async\" width=\"350\" height=\"460\" src=\"https:\/\/polbionica.com\/wp-content\/uploads\/2023\/12\/filip-fertner.jpg\" class=\"attachment-full size-full wp-image-10042\" alt=\"\" srcset=\"https:\/\/polbionica.com\/wp-content\/uploads\/2023\/12\/filip-fertner.jpg 350w, https:\/\/polbionica.com\/wp-content\/uploads\/2023\/12\/filip-fertner-228x300.jpg 228w\" sizes=\"(max-width: 350px) 100vw, 350px\" \/><\/a><\/figure><div class=\"elementor-image-box-content\"><h6 class=\"elementor-image-box-title\"><a href=\"\/o-nas-2\/zespol\/filip-fertner\/\">Filip Fertner<\/a><\/h6><p class=\"elementor-image-box-description\">Wiceprezes Zarz\u0105du<br>Dyrektor finansowy<\/p><\/div><\/div>\t\t\t\t<\/div>\n\t\t\t\t<\/div>\n\t\t\t\t<\/div>\n\t\t<div class=\"elementor-element elementor-element-0b4b2ae e-con-full e-flex e-con e-child\" data-id=\"0b4b2ae\" data-element_type=\"container\" data-e-type=\"container\">\n\t\t\t\t<div class=\"elementor-element elementor-element-2bc69e1 elementor-position-top elementor-widget elementor-widget-image-box\" data-id=\"2bc69e1\" data-element_type=\"widget\" data-e-type=\"widget\" data-widget_type=\"image-box.default\">\n\t\t\t\t<div class=\"elementor-widget-container\">\n\t\t\t\t\t<div class=\"elementor-image-box-wrapper\"><figure class=\"elementor-image-box-img\"><a href=\"\/o-nas-2\/zespol\/dr-n-med-marta-klak\/\" tabindex=\"-1\"><img loading=\"lazy\" decoding=\"async\" width=\"350\" height=\"460\" src=\"https:\/\/polbionica.com\/wp-content\/uploads\/2023\/12\/marta-klak.jpg\" class=\"attachment-full size-full wp-image-10043\" alt=\"\" srcset=\"https:\/\/polbionica.com\/wp-content\/uploads\/2023\/12\/marta-klak.jpg 350w, https:\/\/polbionica.com\/wp-content\/uploads\/2023\/12\/marta-klak-228x300.jpg 228w\" sizes=\"(max-width: 350px) 100vw, 350px\" \/><\/a><\/figure><div class=\"elementor-image-box-content\"><h6 class=\"elementor-image-box-title\"><a href=\"\/o-nas-2\/zespol\/dr-n-med-marta-klak\/\">Marta Klak PhD<\/a><\/h6><p class=\"elementor-image-box-description\"><span>Wiceprezes Zarz\u0105du<\/span><br>Dyrektor ds. technologii<\/p><\/div><\/div>\t\t\t\t<\/div>\n\t\t\t\t<\/div>\n\t\t\t\t<\/div>\n\t\t<div class=\"elementor-element elementor-element-5a422ea e-con-full e-flex e-con e-child\" data-id=\"5a422ea\" data-element_type=\"container\" data-e-type=\"container\">\n\t\t\t\t<div class=\"elementor-element elementor-element-46e7a87 elementor-position-top elementor-widget elementor-widget-image-box\" data-id=\"46e7a87\" data-element_type=\"widget\" data-e-type=\"widget\" data-widget_type=\"image-box.default\">\n\t\t\t\t<div class=\"elementor-widget-container\">\n\t\t\t\t\t<div class=\"elementor-image-box-wrapper\"><figure class=\"elementor-image-box-img\"><a href=\"\/o-nas-2\/zespol\/tomasz-bakowski\/\" tabindex=\"-1\"><img loading=\"lazy\" decoding=\"async\" width=\"348\" height=\"460\" src=\"https:\/\/polbionica.com\/wp-content\/uploads\/2025\/01\/Tomasz-Bakowski_-2-scaled-e1737645410127.jpg\" class=\"attachment-full size-full wp-image-15495\" alt=\"\" \/><\/a><\/figure><div class=\"elementor-image-box-content\"><h6 class=\"elementor-image-box-title\"><a href=\"\/o-nas-2\/zespol\/tomasz-bakowski\/\">TOMASZ B\u0104KOWSKI, PHD<\/a><\/h6><p class=\"elementor-image-box-description\">Cz\u0142onek Zarz\u0105du<br>Dyrektor ds. klinicznych i komercjalizacji<\/p><\/div><\/div>\t\t\t\t<\/div>\n\t\t\t\t<\/div>\n\t\t\t\t<\/div>\n\t\t\t\t<\/div>\n\t\t\t\t<section class=\"elementor-section elementor-top-section elementor-element elementor-element-62a4dd0e elementor-section-full_width elementor-section-height-default elementor-section-height-default\" data-id=\"62a4dd0e\" data-element_type=\"section\" data-e-type=\"section\" data-settings=\"{&quot;background_background&quot;:&quot;classic&quot;}\">\n\t\t\t\t\t\t<div class=\"elementor-container elementor-column-gap-no\">\n\t\t\t\t\t<div class=\"elementor-column elementor-col-100 elementor-top-column elementor-element elementor-element-265b51ab\" data-id=\"265b51ab\" data-element_type=\"column\" data-e-type=\"column\">\n\t\t\t<div class=\"elementor-widget-wrap elementor-element-populated\">\n\t\t\t\t\t\t<div class=\"elementor-element elementor-element-3ff76950 elementor-widget elementor-widget-marity_core_portfolio_list\" data-id=\"3ff76950\" data-element_type=\"widget\" data-e-type=\"widget\" data-widget_type=\"marity_core_portfolio_list.default\">\n\t\t\t\t<div class=\"elementor-widget-container\">\n\t\t\t\t\t<div class=\"qodef-shortcode qodef-m  qodef-portfolio-list qodef-item-behavior--slider qodef-item-layout--info-on-image qodef-grid qodef-swiper-container  qodef-gutter--tiny qodef-col-num--3 qodef-item-layout--info-on-image qodef-pagination--off qodef-responsive--custom qodef-col-num--1440--3 qodef-col-num--1366--3 qodef-col-num--1024--2 qodef-col-num--768--1 qodef-col-num--680--1 qodef-col-num--480--1\" data-options=\"{&quot;slidesPerView&quot;:&quot;3&quot;,&quot;spaceBetween&quot;:10,&quot;loop&quot;:true,&quot;autoplay&quot;:true,&quot;speed&quot;:&quot;&quot;,&quot;speedAnimation&quot;:&quot;&quot;,&quot;slideAnimation&quot;:&quot;&quot;,&quot;direction&quot;:&quot;&quot;,&quot;centeredSlides&quot;:&quot;&quot;,&quot;sliderScroll&quot;:&quot;&quot;,&quot;loopAdditionalSlides&quot;:&quot;&quot;,&quot;customStages&quot;:true,&quot;slidesPerView1440&quot;:&quot;3&quot;,&quot;slidesPerView1366&quot;:&quot;3&quot;,&quot;slidesPerView1024&quot;:&quot;2&quot;,&quot;slidesPerView768&quot;:&quot;1&quot;,&quot;slidesPerView680&quot;:&quot;1&quot;,&quot;slidesPerView480&quot;:&quot;1&quot;}\">\n        <div class=\"qodef-top-info-holder\" style=\"padding: 0px 0px 25px 0px\">\n        <div class=\"qodef-e-supertitle-holder\">\n                            <h6 class=\"qodef-e-supertitle\">czym si\u0119 aktualnie zajmujemy<\/h6>\n                    <\/div>\n        <span class=\"qodef-navigation-line\"><\/span>\n        <div class=\"qodef-e-title-holder\">\n                            <h2 itemprop=\"name\" class=\"qodef-e-title entry-title\">Projekty<\/h2>\n                                        <div class=\"qodef-navigation-holder\">\n                    \t<div class=\"swiper-button-prev \"><svg class=\"qodef-svg--slider-arrow-left\" xmlns=\"http:\/\/www.w3.org\/2000\/svg\" width=\"2.4908mm\" height=\"4.4828mm\" viewBox=\"0 0 7.0607 12.7071\"><path fill=\"none\" stroke=\"currentColor\" stroke-miterlimit=\"10\" d=\"m6.707.354-6 6 6 6\"\/><\/svg><\/div>\n\t<div class=\"swiper-button-next \"><svg class=\"qodef-svg--slider-arrow-right\" xmlns=\"http:\/\/www.w3.org\/2000\/svg\" width=\"2.4908mm\" height=\"4.4828mm\" viewBox=\"0 0 7.0607 12.7071\"><path fill=\"none\" stroke=\"currentColor\" stroke-miterlimit=\"10\" d=\"m.354.354 6 6-6 6\"\/><\/svg><\/div>\n                <\/div>\n                    <\/div>\n    <\/div>\n\t<div class=\"swiper-wrapper\">\n\t\t<article class=\"qodef-e swiper-slide qodef-item--full post-8139 portfolio-item type-portfolio-item status-publish hentry portfolio-category-projekty-wlasne\">\n\t<div class=\"qodef-e-inner\" >\n\t\t<div class=\"qodef-e-media\">\n\t\t\t\t<div class=\"qodef-e-media-image\">\n\t\t<a itemprop=\"url\" href=\"https:\/\/polbionica.com\/pl\/projekty\/automatyczny-resuscytator-aures\/\" target=\"_self\">\n\t\t\t<img loading=\"lazy\" decoding=\"async\" width=\"1400\" height=\"498\" src=\"https:\/\/polbionica.com\/wp-content\/uploads\/2022\/11\/h2-port-img2.jpg\" class=\"attachment-full size-full\" alt=\"v\" srcset=\"https:\/\/polbionica.com\/wp-content\/uploads\/2022\/11\/h2-port-img2.jpg 1400w, https:\/\/polbionica.com\/wp-content\/uploads\/2022\/11\/h2-port-img2-600x213.jpg 600w, https:\/\/polbionica.com\/wp-content\/uploads\/2022\/11\/h2-port-img2-300x107.jpg 300w, https:\/\/polbionica.com\/wp-content\/uploads\/2022\/11\/h2-port-img2-1024x364.jpg 1024w, https:\/\/polbionica.com\/wp-content\/uploads\/2022\/11\/h2-port-img2-768x273.jpg 768w\" sizes=\"(max-width: 1400px) 100vw, 1400px\" \/>\t\t<\/a>\n\t<\/div>\n\t\t<\/div>\n\t\t<div class=\"qodef-e-content\">\n\t\t\t<div class=\"qodef-e-top-holder\">\n                <h5 itemprop=\"name\" class=\"qodef-e-title entry-title\" >\n\t<a itemprop=\"url\" class=\"qodef-e-title-link\" href=\"https:\/\/polbionica.com\/pl\/projekty\/automatyczny-resuscytator-aures\/\" target=\"_self\">\n\t\tAutomatyczny resuscytator AuRes\t<\/a>\n<\/h5>\n\t\t\t\t<div class=\"qodef-e-info\">\n\t\t\t\t\t\t<a href=\"https:\/\/polbionica.com\/pl\/portfolio-category\/projekty-wlasne\/\" rel=\"tag\">Projekty w\u0142asne<\/a>\t<div class=\"qodef-info-separator-end\"><\/div>\n\t\t\t\t<\/div>\n\t\t\t<\/div>\n\t\t<\/div>\n\t\t<a itemprop=\"url\" class=\"qodef-e-post-link\" href=\"https:\/\/polbionica.com\/pl\/projekty\/automatyczny-resuscytator-aures\/\" target=\"_self\"><\/a>\n\t<\/div>\n<\/article>\n<article class=\"qodef-e swiper-slide qodef-item--full post-8137 portfolio-item type-portfolio-item status-publish hentry portfolio-category-projekty-grantowe\">\n\t<div class=\"qodef-e-inner\" >\n\t\t<div class=\"qodef-e-media\">\n\t\t\t\t<div class=\"qodef-e-media-image\">\n\t\t<a itemprop=\"url\" href=\"https:\/\/polbionica.com\/pl\/projekty\/granty-na-eurogranty\/\" target=\"_self\">\n\t\t\t<img loading=\"lazy\" decoding=\"async\" width=\"1400\" height=\"498\" src=\"https:\/\/polbionica.com\/wp-content\/uploads\/2022\/11\/h2-port-img1.jpg\" class=\"attachment-full size-full\" alt=\"d\" srcset=\"https:\/\/polbionica.com\/wp-content\/uploads\/2022\/11\/h2-port-img1.jpg 1400w, https:\/\/polbionica.com\/wp-content\/uploads\/2022\/11\/h2-port-img1-600x213.jpg 600w, https:\/\/polbionica.com\/wp-content\/uploads\/2022\/11\/h2-port-img1-300x107.jpg 300w, https:\/\/polbionica.com\/wp-content\/uploads\/2022\/11\/h2-port-img1-1024x364.jpg 1024w, https:\/\/polbionica.com\/wp-content\/uploads\/2022\/11\/h2-port-img1-768x273.jpg 768w\" sizes=\"(max-width: 1400px) 100vw, 1400px\" \/>\t\t<\/a>\n\t<\/div>\n\t\t<\/div>\n\t\t<div class=\"qodef-e-content\">\n\t\t\t<div class=\"qodef-e-top-holder\">\n                <h5 itemprop=\"name\" class=\"qodef-e-title entry-title\" >\n\t<a itemprop=\"url\" class=\"qodef-e-title-link\" href=\"https:\/\/polbionica.com\/pl\/projekty\/granty-na-eurogranty\/\" target=\"_self\">\n\t\tGranty na Eurogranty\t<\/a>\n<\/h5>\n\t\t\t\t<div class=\"qodef-e-info\">\n\t\t\t\t\t\t<a href=\"https:\/\/polbionica.com\/pl\/portfolio-category\/projekty-grantowe\/\" rel=\"tag\">Projekty grantowe<\/a>\t<div class=\"qodef-info-separator-end\"><\/div>\n\t\t\t\t<\/div>\n\t\t\t<\/div>\n\t\t<\/div>\n\t\t<a itemprop=\"url\" class=\"qodef-e-post-link\" href=\"https:\/\/polbionica.com\/pl\/projekty\/granty-na-eurogranty\/\" target=\"_self\"><\/a>\n\t<\/div>\n<\/article>\n<article class=\"qodef-e swiper-slide qodef-item--full post-8136 portfolio-item type-portfolio-item status-publish hentry portfolio-category-projekty-grantowe\">\n\t<div class=\"qodef-e-inner\" >\n\t\t<div class=\"qodef-e-media\">\n\t\t\t\t<div class=\"qodef-e-media-image\">\n\t\t<a itemprop=\"url\" href=\"https:\/\/polbionica.com\/pl\/projekty\/3d-biodrukowana-tkanka-watrobowa\/\" target=\"_self\">\n\t\t\t<img loading=\"lazy\" decoding=\"async\" width=\"1400\" height=\"498\" src=\"https:\/\/polbionica.com\/wp-content\/uploads\/2022\/11\/h2-port-img3.jpg\" class=\"attachment-full size-full\" alt=\"m\" srcset=\"https:\/\/polbionica.com\/wp-content\/uploads\/2022\/11\/h2-port-img3.jpg 1400w, https:\/\/polbionica.com\/wp-content\/uploads\/2022\/11\/h2-port-img3-600x213.jpg 600w, https:\/\/polbionica.com\/wp-content\/uploads\/2022\/11\/h2-port-img3-300x107.jpg 300w, https:\/\/polbionica.com\/wp-content\/uploads\/2022\/11\/h2-port-img3-1024x364.jpg 1024w, https:\/\/polbionica.com\/wp-content\/uploads\/2022\/11\/h2-port-img3-768x273.jpg 768w\" sizes=\"(max-width: 1400px) 100vw, 1400px\" \/>\t\t<\/a>\n\t<\/div>\n\t\t<\/div>\n\t\t<div class=\"qodef-e-content\">\n\t\t\t<div class=\"qodef-e-top-holder\">\n                <h5 itemprop=\"name\" class=\"qodef-e-title entry-title\" >\n\t<a itemprop=\"url\" class=\"qodef-e-title-link\" href=\"https:\/\/polbionica.com\/pl\/projekty\/3d-biodrukowana-tkanka-watrobowa\/\" target=\"_self\">\n\t\t3D biodrukowana tkanka w\u0105trobowa\t<\/a>\n<\/h5>\n\t\t\t\t<div class=\"qodef-e-info\">\n\t\t\t\t\t\t<a href=\"https:\/\/polbionica.com\/pl\/portfolio-category\/projekty-grantowe\/\" rel=\"tag\">Projekty grantowe<\/a>\t<div class=\"qodef-info-separator-end\"><\/div>\n\t\t\t\t<\/div>\n\t\t\t<\/div>\n\t\t<\/div>\n\t\t<a itemprop=\"url\" class=\"qodef-e-post-link\" href=\"https:\/\/polbionica.com\/pl\/projekty\/3d-biodrukowana-tkanka-watrobowa\/\" target=\"_self\"><\/a>\n\t<\/div>\n<\/article>\n\t<\/div>\n\t<\/div>\n\t\t\t\t<\/div>\n\t\t\t\t<\/div>\n\t\t\t\t\t<\/div>\n\t\t<\/div>\n\t\t\t\t\t<\/div>\n\t\t<\/section>\n\t\t\t\t<\/div>\n\t\t","protected":false},"excerpt":{"rendered":"<p>Nasz zesp\u00f3\u0142 Polbionica to multidyscyplinarny, gotowy na wyzwania i nienasycony intelektualnie zesp\u00f3\u0142. W jego sk\u0142ad wchodz\u0105 lekarze i konsultanci medyczni, biotechnolodzy, in\u017cynierowie, technicy laboratoryjni, eksperci ds. regulacji, kreatorzy biznesu i specjali\u015bci ds. sprzeda\u017cy i marketingu. Ufamy sobie nawzajem i wsp\u00f3lnie d\u0105\u017cymy do celu, jakim jest poprawa \u017cycia pacjent\u00f3w z cukrzyc\u0105. Zesp\u00f3\u0142 Polbionica stale si\u0119 powi\u0119ksza [&hellip;]<\/p>\n","protected":false},"author":1,"featured_media":0,"parent":12882,"menu_order":0,"comment_status":"closed","ping_status":"closed","template":"page-full-width.php","meta":{"_acf_changed":false,"inline_featured_image":false,"footnotes":""},"class_list":["post-10104","page","type-page","status-publish","hentry"],"acf":[],"_links":{"self":[{"href":"https:\/\/polbionica.com\/pl\/wp-json\/wp\/v2\/pages\/10104","targetHints":{"allow":["GET"]}}],"collection":[{"href":"https:\/\/polbionica.com\/pl\/wp-json\/wp\/v2\/pages"}],"about":[{"href":"https:\/\/polbionica.com\/pl\/wp-json\/wp\/v2\/types\/page"}],"author":[{"embeddable":true,"href":"https:\/\/polbionica.com\/pl\/wp-json\/wp\/v2\/users\/1"}],"replies":[{"embeddable":true,"href":"https:\/\/polbionica.com\/pl\/wp-json\/wp\/v2\/comments?post=10104"}],"version-history":[{"count":117,"href":"https:\/\/polbionica.com\/pl\/wp-json\/wp\/v2\/pages\/10104\/revisions"}],"predecessor-version":[{"id":16550,"href":"https:\/\/polbionica.com\/pl\/wp-json\/wp\/v2\/pages\/10104\/revisions\/16550"}],"up":[{"embeddable":true,"href":"https:\/\/polbionica.com\/pl\/wp-json\/wp\/v2\/pages\/12882"}],"wp:attachment":[{"href":"https:\/\/polbionica.com\/pl\/wp-json\/wp\/v2\/media?parent=10104"}],"curies":[{"name":"wp","href":"https:\/\/api.w.org\/{rel}","templated":true}]}}